{"id":145200,"date":"2025-03-11T16:47:25","date_gmt":"2025-03-11T14:47:25","guid":{"rendered":"https:\/\/light24.ee\/?post_type=product&#038;p=145200"},"modified":"2025-03-11T16:50:04","modified_gmt":"2025-03-11T14:50:04","slug":"belize-3gu10","status":"publish","type":"product","link":"https:\/\/light24.fi\/fi\/toode\/vannitoa_valgustid\/vannitoa_laevalgustid\/belize-3gu10\/","title":{"rendered":"BELIZE 3*GU10"},"content":{"rendered":"<p class=\"qtranxs-available-languages-message qtranxs-available-languages-message-fi\">Anteeksi, mutta t\u00e4m\u00e4 kirjoitus on saatavana ainoastaan n\u00e4ill\u00e4 kielill\u00e4: <a href=\"https:\/\/light24.fi\/et\/wp-json\/wp\/v2\/product\/145200\" class=\"qtranxs-available-language-link qtranxs-available-language-link-et\" title=\"Eesti\">Eesti<\/a>.<\/p>","protected":false},"excerpt":{"rendered":"<p>Anteeksi, mutta t\u00e4m\u00e4 kirjoitus on saatavana ainoastaan n\u00e4ill\u00e4 kielill\u00e4: Eesti.<\/p>\n","protected":false},"featured_media":145203,"comment_status":"closed","ping_status":"closed","template":"","meta":{"_acf_changed":false},"product_cat":[2902,2017],"product_tag":[7214],"class_list":{"0":"post-145200","1":"product","2":"type-product","3":"status-publish","4":"has-post-thumbnail","6":"product_cat-vannitoa_valgustid","7":"product_cat-vannitoa_laevalgustid","8":"product_tag-lightprestige","9":"product_shipping_class-standard","10":"pa_ip-kaitseklass-1586","11":"pa_materjal-metall","12":"pa_ruumid-vannituba","13":"pa_tarneaeg-10-paeva","14":"pa_tehnilised-andmed-35w-led-gu10","15":"pa_valgusallikas-komplektis-ei","16":"pa_varv-kroom","18":"first","19":"instock","20":"taxable","21":"shipping-taxable","22":"purchasable","23":"product-type-simple"},"acf":[],"aioseo_notices":[],"aioseo_head":"\n\t\t<!-- All in One SEO Pro 4.9.5.2 - aioseo.com -->\n\t<meta name=\"description\" content=\"Anteeksi, mutta t\u00e4m\u00e4 kirjoitus on saatavana ainoastaan n\u00e4ill\u00e4 kielill\u00e4: Eesti.\" \/>\n\t<meta name=\"robots\" content=\"max-image-preview:large\" \/>\n\t<meta name=\"google-site-verification\" content=\"nxgDPK3Ouk6bwvuxlwlzeMOKszmf-8m57RDu5zAgN-Y\" \/>\n\t<link rel=\"canonical\" href=\"https:\/\/light24.fi\/fi\/toode\/vannitoa_valgustid\/vannitoa_laevalgustid\/belize-3gu10\/\" \/>\n\t<meta name=\"generator\" content=\"All in One SEO Pro (AIOSEO) 4.9.5.2\" \/>\n\t\t<meta property=\"og:locale\" content=\"fi_FI\" \/>\n\t\t<meta property=\"og:site_name\" content=\"Light24 \u2022 Valon tavaratalo | Ammatillinen valaistusratkaisut\" \/>\n\t\t<meta property=\"og:type\" content=\"article\" \/>\n\t\t<meta property=\"og:title\" content=\"BELIZE 3*GU10 \u2022 Light24\" \/>\n\t\t<meta property=\"og:description\" content=\"Anteeksi, mutta t\u00e4m\u00e4 kirjoitus on saatavana ainoastaan n\u00e4ill\u00e4 kielill\u00e4: Eesti.\" \/>\n\t\t<meta property=\"og:url\" content=\"https:\/\/light24.fi\/fi\/toode\/vannitoa_valgustid\/vannitoa_laevalgustid\/belize-3gu10\/\" \/>\n\t\t<meta property=\"og:image\" content=\"https:\/\/light24.fi\/wp-content\/uploads\/2025\/03\/LP-7343W-CH-1.jpeg\" \/>\n\t\t<meta property=\"og:image:secure_url\" content=\"https:\/\/light24.fi\/wp-content\/uploads\/2025\/03\/LP-7343W-CH-1.jpeg\" \/>\n\t\t<meta property=\"og:image:width\" content=\"1000\" \/>\n\t\t<meta property=\"og:image:height\" content=\"1000\" \/>\n\t\t<meta property=\"article:published_time\" content=\"2025-03-11T14:47:25+00:00\" \/>\n\t\t<meta property=\"article:modified_time\" content=\"2025-03-11T14:50:04+00:00\" \/>\n\t\t<meta property=\"article:publisher\" content=\"https:\/\/www.facebook.com\/light24.ee\" \/>\n\t\t<meta name=\"twitter:card\" content=\"summary\" \/>\n\t\t<meta name=\"twitter:title\" content=\"BELIZE 3*GU10 \u2022 Light24\" \/>\n\t\t<meta name=\"twitter:description\" content=\"Anteeksi, mutta t\u00e4m\u00e4 kirjoitus on saatavana ainoastaan n\u00e4ill\u00e4 kielill\u00e4: Eesti.\" \/>\n\t\t<meta name=\"twitter:image\" content=\"https:\/\/light24.fi\/wp-content\/uploads\/2025\/03\/LP-7343W-CH-1.jpeg\" \/>\n\t\t<script type=\"application\/ld+json\" class=\"aioseo-schema\">\n\t\t\t{\"@context\":\"https:\\\/\\\/schema.org\",\"@graph\":[{\"@type\":\"BreadcrumbList\",\"@id\":\"https:\\\/\\\/light24.fi\\\/fi\\\/toode\\\/vannitoa_valgustid\\\/vannitoa_laevalgustid\\\/belize-3gu10\\\/#breadcrumblist\",\"itemListElement\":[{\"@type\":\"ListItem\",\"@id\":\"https:\\\/\\\/light24.fi\\\/fi#listItem\",\"position\":1,\"name\":\"Home\",\"item\":\"https:\\\/\\\/light24.fi\\\/fi\",\"nextItem\":{\"@type\":\"ListItem\",\"@id\":\"https:\\\/\\\/light24.fi\\\/fi\\\/shop\\\/#listItem\",\"name\":\"Verkkokauppa\"}},{\"@type\":\"ListItem\",\"@id\":\"https:\\\/\\\/light24.fi\\\/fi\\\/shop\\\/#listItem\",\"position\":2,\"name\":\"Verkkokauppa\",\"item\":\"https:\\\/\\\/light24.fi\\\/fi\\\/shop\\\/\",\"nextItem\":{\"@type\":\"ListItem\",\"@id\":\"https:\\\/\\\/light24.fi\\\/fi\\\/product-category\\\/vannitoa_valgustid\\\/#listItem\",\"name\":\"Kylpyhuoneen valaistus\"},\"previousItem\":{\"@type\":\"ListItem\",\"@id\":\"https:\\\/\\\/light24.fi\\\/fi#listItem\",\"name\":\"Home\"}},{\"@type\":\"ListItem\",\"@id\":\"https:\\\/\\\/light24.fi\\\/fi\\\/product-category\\\/vannitoa_valgustid\\\/#listItem\",\"position\":3,\"name\":\"Kylpyhuoneen valaistus\",\"item\":\"https:\\\/\\\/light24.fi\\\/fi\\\/product-category\\\/vannitoa_valgustid\\\/\",\"nextItem\":{\"@type\":\"ListItem\",\"@id\":\"https:\\\/\\\/light24.fi\\\/fi\\\/product-category\\\/vannitoa_valgustid\\\/vannitoa_laevalgustid\\\/#listItem\",\"name\":\"Kattovalaisimet kylpyhuoneeseen\"},\"previousItem\":{\"@type\":\"ListItem\",\"@id\":\"https:\\\/\\\/light24.fi\\\/fi\\\/shop\\\/#listItem\",\"name\":\"Verkkokauppa\"}},{\"@type\":\"ListItem\",\"@id\":\"https:\\\/\\\/light24.fi\\\/fi\\\/product-category\\\/vannitoa_valgustid\\\/vannitoa_laevalgustid\\\/#listItem\",\"position\":4,\"name\":\"Kattovalaisimet kylpyhuoneeseen\",\"item\":\"https:\\\/\\\/light24.fi\\\/fi\\\/product-category\\\/vannitoa_valgustid\\\/vannitoa_laevalgustid\\\/\",\"nextItem\":{\"@type\":\"ListItem\",\"@id\":\"https:\\\/\\\/light24.fi\\\/fi\\\/toode\\\/vannitoa_valgustid\\\/vannitoa_laevalgustid\\\/belize-3gu10\\\/#listItem\",\"name\":\"BELIZE 3*GU10\"},\"previousItem\":{\"@type\":\"ListItem\",\"@id\":\"https:\\\/\\\/light24.fi\\\/fi\\\/product-category\\\/vannitoa_valgustid\\\/#listItem\",\"name\":\"Kylpyhuoneen valaistus\"}},{\"@type\":\"ListItem\",\"@id\":\"https:\\\/\\\/light24.fi\\\/fi\\\/toode\\\/vannitoa_valgustid\\\/vannitoa_laevalgustid\\\/belize-3gu10\\\/#listItem\",\"position\":5,\"name\":\"BELIZE 3*GU10\",\"previousItem\":{\"@type\":\"ListItem\",\"@id\":\"https:\\\/\\\/light24.fi\\\/fi\\\/product-category\\\/vannitoa_valgustid\\\/vannitoa_laevalgustid\\\/#listItem\",\"name\":\"Kattovalaisimet kylpyhuoneeseen\"}}]},{\"@type\":\"Organization\",\"@id\":\"https:\\\/\\\/light24.fi\\\/fi\\\/#organization\",\"name\":\"Light24\",\"description\":\"Valon tavaratalo | Ammatillinen valaistusratkaisut\",\"url\":\"https:\\\/\\\/light24.fi\\\/fi\\\/\",\"telephone\":\"+3725184133\",\"logo\":{\"@type\":\"ImageObject\",\"url\":\"https:\\\/\\\/www.light24.ee\\\/wp-content\\\/uploads\\\/2022\\\/03\\\/Shape-2-3.svg\",\"@id\":\"https:\\\/\\\/light24.fi\\\/fi\\\/toode\\\/vannitoa_valgustid\\\/vannitoa_laevalgustid\\\/belize-3gu10\\\/#organizationLogo\"},\"image\":{\"@id\":\"https:\\\/\\\/light24.fi\\\/fi\\\/toode\\\/vannitoa_valgustid\\\/vannitoa_laevalgustid\\\/belize-3gu10\\\/#organizationLogo\"},\"sameAs\":[\"https:\\\/\\\/www.facebook.com\\\/light24.ee\",\"https:\\\/\\\/www.instagram.com\\\/light24official\\\/\"]},{\"@type\":\"Product\",\"@id\":\"https:\\\/\\\/light24.fi\\\/fi\\\/toode\\\/vannitoa_valgustid\\\/vannitoa_laevalgustid\\\/belize-3gu10\\\/#wooCommerceProduct\",\"name\":\"BELIZE 3*GU10\",\"url\":\"https:\\\/\\\/light24.fi\\\/fi\\\/toode\\\/vannitoa_valgustid\\\/vannitoa_laevalgustid\\\/belize-3gu10\\\/\",\"sku\":\"LPR1100281-2\",\"image\":{\"@type\":\"ImageObject\",\"url\":\"https:\\\/\\\/light24.fi\\\/wp-content\\\/uploads\\\/2025\\\/03\\\/LP-7343W-CH-1.jpeg\",\"@id\":\"https:\\\/\\\/light24.fi\\\/fi\\\/toode\\\/vannitoa_valgustid\\\/vannitoa_laevalgustid\\\/belize-3gu10\\\/#productImage\",\"width\":1000,\"height\":1000},\"offers\":{\"@type\":\"Offer\",\"url\":\"https:\\\/\\\/light24.fi\\\/fi\\\/toode\\\/vannitoa_valgustid\\\/vannitoa_laevalgustid\\\/belize-3gu10\\\/#wooCommerceOffer\",\"price\":59,\"priceCurrency\":\"EUR\",\"category\":\"Kylpyhuoneen valaistus\",\"availability\":\"https:\\\/\\\/schema.org\\\/InStock\",\"priceSpecification\":{\"@type\":\"PriceSpecification\",\"price\":59,\"priceCurrency\":\"EUR\",\"valueAddedTaxIncluded\":\"true\"},\"seller\":{\"@type\":\"Organization\",\"@id\":\"https:\\\/\\\/light24.fi\\\/fi\\\/#organization\"}}},{\"@type\":\"WebPage\",\"@id\":\"https:\\\/\\\/light24.fi\\\/fi\\\/toode\\\/vannitoa_valgustid\\\/vannitoa_laevalgustid\\\/belize-3gu10\\\/#webpage\",\"url\":\"https:\\\/\\\/light24.fi\\\/fi\\\/toode\\\/vannitoa_valgustid\\\/vannitoa_laevalgustid\\\/belize-3gu10\\\/\",\"name\":\"BELIZE 3*GU10 \\u2022 Light24\",\"description\":\"Anteeksi, mutta t\\u00e4m\\u00e4 kirjoitus on saatavana ainoastaan n\\u00e4ill\\u00e4 kielill\\u00e4: Eesti.\",\"inLanguage\":\"fi\",\"isPartOf\":{\"@id\":\"https:\\\/\\\/light24.fi\\\/fi\\\/#website\"},\"breadcrumb\":{\"@id\":\"https:\\\/\\\/light24.fi\\\/fi\\\/toode\\\/vannitoa_valgustid\\\/vannitoa_laevalgustid\\\/belize-3gu10\\\/#breadcrumblist\"},\"image\":{\"@type\":\"ImageObject\",\"url\":\"https:\\\/\\\/light24.fi\\\/wp-content\\\/uploads\\\/2025\\\/03\\\/LP-7343W-CH-1.jpeg\",\"@id\":\"https:\\\/\\\/light24.fi\\\/fi\\\/toode\\\/vannitoa_valgustid\\\/vannitoa_laevalgustid\\\/belize-3gu10\\\/#mainImage\",\"width\":1000,\"height\":1000},\"primaryImageOfPage\":{\"@id\":\"https:\\\/\\\/light24.fi\\\/fi\\\/toode\\\/vannitoa_valgustid\\\/vannitoa_laevalgustid\\\/belize-3gu10\\\/#mainImage\"},\"datePublished\":\"2025-03-11T16:47:25+02:00\",\"dateModified\":\"2025-03-11T16:50:04+02:00\"},{\"@type\":\"WebSite\",\"@id\":\"https:\\\/\\\/light24.fi\\\/fi\\\/#website\",\"url\":\"https:\\\/\\\/light24.fi\\\/fi\\\/\",\"name\":\"Light24\",\"description\":\"Valon tavaratalo | Ammatillinen valaistusratkaisut\",\"inLanguage\":\"fi\",\"publisher\":{\"@id\":\"https:\\\/\\\/light24.fi\\\/fi\\\/#organization\"}}]}\n\t\t<\/script>\n\t\t<!-- All in One SEO Pro -->\r\n\t\t<title>BELIZE 3*GU10 \u2022 Light24<\/title>\n\n","aioseo_head_json":{"title":"BELIZE 3*GU10 \u2022 Light24","description":"Anteeksi, mutta t\u00e4m\u00e4 kirjoitus on saatavana ainoastaan n\u00e4ill\u00e4 kielill\u00e4: Eesti.","canonical_url":"https:\/\/light24.fi\/fi\/toode\/vannitoa_valgustid\/vannitoa_laevalgustid\/belize-3gu10\/","robots":"max-image-preview:large","keywords":"","webmasterTools":{"google-site-verification":"nxgDPK3Ouk6bwvuxlwlzeMOKszmf-8m57RDu5zAgN-Y","miscellaneous":""},"schema":{"@context":"https:\/\/schema.org","@graph":[{"@type":"BreadcrumbList","@id":"https:\/\/light24.fi\/fi\/toode\/vannitoa_valgustid\/vannitoa_laevalgustid\/belize-3gu10\/#breadcrumblist","itemListElement":[{"@type":"ListItem","@id":"https:\/\/light24.fi\/fi#listItem","position":1,"name":"Home","item":"https:\/\/light24.fi\/fi","nextItem":{"@type":"ListItem","@id":"https:\/\/light24.fi\/fi\/shop\/#listItem","name":"Verkkokauppa"}},{"@type":"ListItem","@id":"https:\/\/light24.fi\/fi\/shop\/#listItem","position":2,"name":"Verkkokauppa","item":"https:\/\/light24.fi\/fi\/shop\/","nextItem":{"@type":"ListItem","@id":"https:\/\/light24.fi\/fi\/product-category\/vannitoa_valgustid\/#listItem","name":"Kylpyhuoneen valaistus"},"previousItem":{"@type":"ListItem","@id":"https:\/\/light24.fi\/fi#listItem","name":"Home"}},{"@type":"ListItem","@id":"https:\/\/light24.fi\/fi\/product-category\/vannitoa_valgustid\/#listItem","position":3,"name":"Kylpyhuoneen valaistus","item":"https:\/\/light24.fi\/fi\/product-category\/vannitoa_valgustid\/","nextItem":{"@type":"ListItem","@id":"https:\/\/light24.fi\/fi\/product-category\/vannitoa_valgustid\/vannitoa_laevalgustid\/#listItem","name":"Kattovalaisimet kylpyhuoneeseen"},"previousItem":{"@type":"ListItem","@id":"https:\/\/light24.fi\/fi\/shop\/#listItem","name":"Verkkokauppa"}},{"@type":"ListItem","@id":"https:\/\/light24.fi\/fi\/product-category\/vannitoa_valgustid\/vannitoa_laevalgustid\/#listItem","position":4,"name":"Kattovalaisimet kylpyhuoneeseen","item":"https:\/\/light24.fi\/fi\/product-category\/vannitoa_valgustid\/vannitoa_laevalgustid\/","nextItem":{"@type":"ListItem","@id":"https:\/\/light24.fi\/fi\/toode\/vannitoa_valgustid\/vannitoa_laevalgustid\/belize-3gu10\/#listItem","name":"BELIZE 3*GU10"},"previousItem":{"@type":"ListItem","@id":"https:\/\/light24.fi\/fi\/product-category\/vannitoa_valgustid\/#listItem","name":"Kylpyhuoneen valaistus"}},{"@type":"ListItem","@id":"https:\/\/light24.fi\/fi\/toode\/vannitoa_valgustid\/vannitoa_laevalgustid\/belize-3gu10\/#listItem","position":5,"name":"BELIZE 3*GU10","previousItem":{"@type":"ListItem","@id":"https:\/\/light24.fi\/fi\/product-category\/vannitoa_valgustid\/vannitoa_laevalgustid\/#listItem","name":"Kattovalaisimet kylpyhuoneeseen"}}]},{"@type":"Organization","@id":"https:\/\/light24.fi\/fi\/#organization","name":"Light24","description":"Valon tavaratalo | Ammatillinen valaistusratkaisut","url":"https:\/\/light24.fi\/fi\/","telephone":"+3725184133","logo":{"@type":"ImageObject","url":"https:\/\/www.light24.ee\/wp-content\/uploads\/2022\/03\/Shape-2-3.svg","@id":"https:\/\/light24.fi\/fi\/toode\/vannitoa_valgustid\/vannitoa_laevalgustid\/belize-3gu10\/#organizationLogo"},"image":{"@id":"https:\/\/light24.fi\/fi\/toode\/vannitoa_valgustid\/vannitoa_laevalgustid\/belize-3gu10\/#organizationLogo"},"sameAs":["https:\/\/www.facebook.com\/light24.ee","https:\/\/www.instagram.com\/light24official\/"]},{"@type":"Product","@id":"https:\/\/light24.fi\/fi\/toode\/vannitoa_valgustid\/vannitoa_laevalgustid\/belize-3gu10\/#wooCommerceProduct","name":"BELIZE 3*GU10","url":"https:\/\/light24.fi\/fi\/toode\/vannitoa_valgustid\/vannitoa_laevalgustid\/belize-3gu10\/","sku":"LPR1100281-2","image":{"@type":"ImageObject","url":"https:\/\/light24.fi\/wp-content\/uploads\/2025\/03\/LP-7343W-CH-1.jpeg","@id":"https:\/\/light24.fi\/fi\/toode\/vannitoa_valgustid\/vannitoa_laevalgustid\/belize-3gu10\/#productImage","width":1000,"height":1000},"offers":{"@type":"Offer","url":"https:\/\/light24.fi\/fi\/toode\/vannitoa_valgustid\/vannitoa_laevalgustid\/belize-3gu10\/#wooCommerceOffer","price":59,"priceCurrency":"EUR","category":"Kylpyhuoneen valaistus","availability":"https:\/\/schema.org\/InStock","priceSpecification":{"@type":"PriceSpecification","price":59,"priceCurrency":"EUR","valueAddedTaxIncluded":"true"},"seller":{"@type":"Organization","@id":"https:\/\/light24.fi\/fi\/#organization"}}},{"@type":"WebPage","@id":"https:\/\/light24.fi\/fi\/toode\/vannitoa_valgustid\/vannitoa_laevalgustid\/belize-3gu10\/#webpage","url":"https:\/\/light24.fi\/fi\/toode\/vannitoa_valgustid\/vannitoa_laevalgustid\/belize-3gu10\/","name":"BELIZE 3*GU10 \u2022 Light24","description":"Anteeksi, mutta t\u00e4m\u00e4 kirjoitus on saatavana ainoastaan n\u00e4ill\u00e4 kielill\u00e4: Eesti.","inLanguage":"fi","isPartOf":{"@id":"https:\/\/light24.fi\/fi\/#website"},"breadcrumb":{"@id":"https:\/\/light24.fi\/fi\/toode\/vannitoa_valgustid\/vannitoa_laevalgustid\/belize-3gu10\/#breadcrumblist"},"image":{"@type":"ImageObject","url":"https:\/\/light24.fi\/wp-content\/uploads\/2025\/03\/LP-7343W-CH-1.jpeg","@id":"https:\/\/light24.fi\/fi\/toode\/vannitoa_valgustid\/vannitoa_laevalgustid\/belize-3gu10\/#mainImage","width":1000,"height":1000},"primaryImageOfPage":{"@id":"https:\/\/light24.fi\/fi\/toode\/vannitoa_valgustid\/vannitoa_laevalgustid\/belize-3gu10\/#mainImage"},"datePublished":"2025-03-11T16:47:25+02:00","dateModified":"2025-03-11T16:50:04+02:00"},{"@type":"WebSite","@id":"https:\/\/light24.fi\/fi\/#website","url":"https:\/\/light24.fi\/fi\/","name":"Light24","description":"Valon tavaratalo | Ammatillinen valaistusratkaisut","inLanguage":"fi","publisher":{"@id":"https:\/\/light24.fi\/fi\/#organization"}}]},"og:locale":"fi_FI","og:site_name":"Light24 \u2022 Valon tavaratalo | Ammatillinen valaistusratkaisut","og:type":"article","og:title":"BELIZE 3*GU10 \u2022 Light24","og:description":"Anteeksi, mutta t\u00e4m\u00e4 kirjoitus on saatavana ainoastaan n\u00e4ill\u00e4 kielill\u00e4: Eesti.","og:url":"https:\/\/light24.fi\/fi\/toode\/vannitoa_valgustid\/vannitoa_laevalgustid\/belize-3gu10\/","og:image":"https:\/\/light24.fi\/wp-content\/uploads\/2025\/03\/LP-7343W-CH-1.jpeg","og:image:secure_url":"https:\/\/light24.fi\/wp-content\/uploads\/2025\/03\/LP-7343W-CH-1.jpeg","og:image:width":1000,"og:image:height":1000,"article:published_time":"2025-03-11T14:47:25+00:00","article:modified_time":"2025-03-11T14:50:04+00:00","article:publisher":"https:\/\/www.facebook.com\/light24.ee","twitter:card":"summary","twitter:title":"BELIZE 3*GU10 \u2022 Light24","twitter:description":"Anteeksi, mutta t\u00e4m\u00e4 kirjoitus on saatavana ainoastaan n\u00e4ill\u00e4 kielill\u00e4: Eesti.","twitter:image":"https:\/\/light24.fi\/wp-content\/uploads\/2025\/03\/LP-7343W-CH-1.jpeg"},"aioseo_meta_data":{"post_id":"145200","title":null,"description":null,"keywords":null,"keyphrases":{"focus":{"keyphrase":"","score":0,"analysis":{"keyphraseInTitle":{"score":0,"maxScore":9,"error":1}}},"additional":[]},"primary_term":null,"canonical_url":null,"og_title":null,"og_description":null,"og_object_type":"default","og_image_type":"default","og_image_url":null,"og_image_width":null,"og_image_height":null,"og_image_custom_url":null,"og_image_custom_fields":null,"og_video":"","og_custom_url":null,"og_article_section":null,"og_article_tags":null,"twitter_use_og":false,"twitter_card":"default","twitter_image_type":"default","twitter_image_url":null,"twitter_image_custom_url":null,"twitter_image_custom_fields":null,"twitter_title":null,"twitter_description":null,"schema":{"blockGraphs":[],"customGraphs":[],"default":{"data":{"Article":[],"Course":[],"Dataset":[],"FAQPage":[],"Movie":[],"Person":[],"Product":[],"ProductReview":[],"Car":[],"Recipe":[],"Service":[],"SoftwareApplication":[],"WebPage":[]},"graphName":"Product","isEnabled":true},"graphs":[]},"schema_type":"default","schema_type_options":"{\"article\":{\"articleType\":\"BlogPosting\"},\"course\":{\"name\":\"\",\"description\":\"\",\"provider\":\"\"},\"faq\":{\"pages\":[]},\"product\":{\"reviews\":[]},\"recipe\":{\"ingredients\":[],\"instructions\":[],\"keywords\":[]},\"software\":{\"reviews\":[],\"operatingSystems\":[]},\"webPage\":{\"webPageType\":\"WebPage\"},\"blockGraphs\":[]}","pillar_content":false,"robots_default":true,"robots_noindex":false,"robots_noarchive":false,"robots_nosnippet":false,"robots_nofollow":false,"robots_noimageindex":false,"robots_noodp":false,"robots_notranslate":false,"robots_max_snippet":"-1","robots_max_videopreview":"-1","robots_max_imagepreview":"large","priority":null,"frequency":"default","local_seo":null,"seo_analyzer_scan_date":"2025-10-27 15:34:17","breadcrumb_settings":null,"limit_modified_date":false,"reviewed_by":null,"open_ai":"{\"title\":{\"suggestions\":[],\"usage\":0},\"description\":{\"suggestions\":[],\"usage\":0}}","ai":null,"created":"2025-03-11 14:47:25","updated":"2025-10-27 15:34:17"},"aioseo_breadcrumb":"<div class=\"aioseo-breadcrumbs\"><span class=\"aioseo-breadcrumb\">\n\t<a href=\"https:\/\/light24.fi\/fi\" title=\"Home\">Home<\/a>\n<\/span><span class=\"aioseo-breadcrumb-separator\">&raquo;<\/span><span class=\"aioseo-breadcrumb\">\n\t<a href=\"https:\/\/light24.fi\/fi\/shop\/\" title=\"Verkkokauppa\">Verkkokauppa<\/a>\n<\/span><span class=\"aioseo-breadcrumb-separator\">&raquo;<\/span><span class=\"aioseo-breadcrumb\">\n\t<a href=\"https:\/\/light24.fi\/fi\/product-category\/vannitoa_valgustid\/\" title=\"Kylpyhuoneen valaistus\">Kylpyhuoneen valaistus<\/a>\n<\/span><span class=\"aioseo-breadcrumb-separator\">&raquo;<\/span><span class=\"aioseo-breadcrumb\">\n\t<a href=\"https:\/\/light24.fi\/fi\/product-category\/vannitoa_valgustid\/vannitoa_laevalgustid\/\" title=\"Kattovalaisimet kylpyhuoneeseen\">Kattovalaisimet kylpyhuoneeseen<\/a>\n<\/span><span class=\"aioseo-breadcrumb-separator\">&raquo;<\/span><span class=\"aioseo-breadcrumb\">\n\tBELIZE 3*GU10\n<\/span><\/div>","aioseo_breadcrumb_json":[{"label":"Home","link":"https:\/\/light24.fi\/fi"},{"label":"Verkkokauppa","link":"https:\/\/light24.fi\/fi\/shop\/"},{"label":"Kylpyhuoneen valaistus","link":"https:\/\/light24.fi\/fi\/product-category\/vannitoa_valgustid\/"},{"label":"Kattovalaisimet kylpyhuoneeseen","link":"https:\/\/light24.fi\/fi\/product-category\/vannitoa_valgustid\/vannitoa_laevalgustid\/"},{"label":"BELIZE 3*GU10","link":"https:\/\/light24.fi\/fi\/toode\/vannitoa_valgustid\/vannitoa_laevalgustid\/belize-3gu10\/"}],"_links":{"self":[{"href":"https:\/\/light24.fi\/fi\/wp-json\/wp\/v2\/product\/145200","targetHints":{"allow":["GET"]}}],"collection":[{"href":"https:\/\/light24.fi\/fi\/wp-json\/wp\/v2\/product"}],"about":[{"href":"https:\/\/light24.fi\/fi\/wp-json\/wp\/v2\/types\/product"}],"replies":[{"embeddable":true,"href":"https:\/\/light24.fi\/fi\/wp-json\/wp\/v2\/comments?post=145200"}],"wp:featuredmedia":[{"embeddable":true,"href":"https:\/\/light24.fi\/fi\/wp-json\/wp\/v2\/media\/145203"}],"wp:attachment":[{"href":"https:\/\/light24.fi\/fi\/wp-json\/wp\/v2\/media?parent=145200"}],"wp:term":[{"taxonomy":"product_cat","embeddable":true,"href":"https:\/\/light24.fi\/fi\/wp-json\/wp\/v2\/product_cat?post=145200"},{"taxonomy":"product_tag","embeddable":true,"href":"https:\/\/light24.fi\/fi\/wp-json\/wp\/v2\/product_tag?post=145200"}],"curies":[{"name":"wp","href":"https:\/\/api.w.org\/{rel}","templated":true}]}}