{"id":80368,"date":"2021-02-25T15:10:30","date_gmt":"2021-02-25T13:10:30","guid":{"rendered":"https:\/\/www.light24.ee\/?post_type=product&#038;p=80368"},"modified":"2023-04-10T10:50:37","modified_gmt":"2023-04-10T07:50:37","slug":"suvisvalgusti-plazma","status":"publish","type":"product","link":"https:\/\/light24.fi\/fi\/toode\/siseruumide_valgustid\/suvistatavad-valgustid\/suvisvalgusti-plazma\/","title":{"rendered":"PLAZMA"},"content":{"rendered":"<p><a title=\"MAXLIGHT\" href=\"https:\/\/www.light24.ee\/brands\/maxlight\/\" target=\"_blank\" rel=\"noopener noreferrer\"><img decoding=\"async\" class=\"alignnone size-full wp-image-58507\" src=\"https:\/\/www.light24.ee\/wp-content\/uploads\/2018\/10\/max-uus-logo.jpg\" alt=\"\" width=\"182\" height=\"118\" \/><\/a><\/p>","protected":false},"excerpt":{"rendered":"","protected":false},"featured_media":80374,"comment_status":"closed","ping_status":"closed","template":"","meta":{"_acf_changed":false},"product_cat":[7280,2738],"product_tag":[1913],"class_list":{"0":"post-80368","1":"product","2":"type-product","3":"status-publish","4":"has-post-thumbnail","6":"product_cat-siseruumide_valgustid","7":"product_cat-suvistatavad-valgustid","8":"product_tag-maxlight","9":"product_shipping_class-small","10":"pa_ip-kaitseklass-1613","11":"pa_materjal-metall","12":"pa_materjal-klaas","13":"pa_ruumid-elutuba","14":"pa_ruumid-soogituba","15":"pa_ruumid-magamistuba","16":"pa_ruumid-kook","17":"pa_ruumid-esik_ja_trepihall","18":"pa_ruumid-kodukontor","19":"pa_ruumid-lastetuba","20":"pa_ruumid-hotellid-ja-restoranid","21":"pa_tarneaeg-10-paeva","22":"pa_tehnilised-andmed-13w-led-3000k-cri90","23":"pa_varv-must","24":"pa_varv-valge","26":"first","27":"instock","28":"taxable","29":"shipping-taxable","30":"purchasable","31":"product-type-variable"},"acf":[],"aioseo_notices":[],"aioseo_head":"\n\t\t<!-- All in One SEO Pro 4.9.5.2 - aioseo.com -->\n\t<meta name=\"description\" content=\"Anteeksi, mutta t\u00e4m\u00e4 kirjoitus on saatavana ainoastaan n\u00e4ill\u00e4 kielill\u00e4: Eesti.\" \/>\n\t<meta name=\"robots\" content=\"max-image-preview:large\" \/>\n\t<meta name=\"google-site-verification\" content=\"nxgDPK3Ouk6bwvuxlwlzeMOKszmf-8m57RDu5zAgN-Y\" \/>\n\t<link rel=\"canonical\" href=\"https:\/\/light24.fi\/fi\/toode\/siseruumide_valgustid\/suvistatavad-valgustid\/suvisvalgusti-plazma\/\" \/>\n\t<meta name=\"generator\" content=\"All in One SEO Pro (AIOSEO) 4.9.5.2\" \/>\n\t\t<meta property=\"og:locale\" content=\"fi_FI\" \/>\n\t\t<meta property=\"og:site_name\" content=\"Light24 \u2022 Valon tavaratalo | Ammatillinen valaistusratkaisut\" \/>\n\t\t<meta property=\"og:type\" content=\"article\" \/>\n\t\t<meta property=\"og:title\" content=\"PLAZMA \u2022 Light24\" \/>\n\t\t<meta property=\"og:description\" content=\"Anteeksi, mutta t\u00e4m\u00e4 kirjoitus on saatavana ainoastaan n\u00e4ill\u00e4 kielill\u00e4: Eesti.\" \/>\n\t\t<meta property=\"og:url\" content=\"https:\/\/light24.fi\/fi\/toode\/siseruumide_valgustid\/suvistatavad-valgustid\/suvisvalgusti-plazma\/\" \/>\n\t\t<meta property=\"og:image\" content=\"https:\/\/light24.fi\/wp-content\/uploads\/2021\/02\/4-73.jpg\" \/>\n\t\t<meta property=\"og:image:secure_url\" content=\"https:\/\/light24.fi\/wp-content\/uploads\/2021\/02\/4-73.jpg\" \/>\n\t\t<meta property=\"og:image:width\" content=\"700\" \/>\n\t\t<meta property=\"og:image:height\" content=\"701\" \/>\n\t\t<meta property=\"article:published_time\" content=\"2021-02-25T13:10:30+00:00\" \/>\n\t\t<meta property=\"article:modified_time\" content=\"2023-04-10T07:50:37+00:00\" \/>\n\t\t<meta property=\"article:publisher\" content=\"https:\/\/www.facebook.com\/light24.ee\" \/>\n\t\t<meta name=\"twitter:card\" content=\"summary\" \/>\n\t\t<meta name=\"twitter:title\" content=\"PLAZMA \u2022 Light24\" \/>\n\t\t<meta name=\"twitter:description\" content=\"Anteeksi, mutta t\u00e4m\u00e4 kirjoitus on saatavana ainoastaan n\u00e4ill\u00e4 kielill\u00e4: Eesti.\" \/>\n\t\t<meta name=\"twitter:image\" content=\"https:\/\/light24.fi\/wp-content\/uploads\/2021\/02\/4-73.jpg\" \/>\n\t\t<script type=\"application\/ld+json\" class=\"aioseo-schema\">\n\t\t\t{\"@context\":\"https:\\\/\\\/schema.org\",\"@graph\":[{\"@type\":\"BreadcrumbList\",\"@id\":\"https:\\\/\\\/light24.fi\\\/fi\\\/toode\\\/siseruumide_valgustid\\\/suvistatavad-valgustid\\\/suvisvalgusti-plazma\\\/#breadcrumblist\",\"itemListElement\":[{\"@type\":\"ListItem\",\"@id\":\"https:\\\/\\\/light24.fi\\\/fi#listItem\",\"position\":1,\"name\":\"Home\",\"item\":\"https:\\\/\\\/light24.fi\\\/fi\",\"nextItem\":{\"@type\":\"ListItem\",\"@id\":\"https:\\\/\\\/light24.fi\\\/fi\\\/shop\\\/#listItem\",\"name\":\"Verkkokauppa\"}},{\"@type\":\"ListItem\",\"@id\":\"https:\\\/\\\/light24.fi\\\/fi\\\/shop\\\/#listItem\",\"position\":2,\"name\":\"Verkkokauppa\",\"item\":\"https:\\\/\\\/light24.fi\\\/fi\\\/shop\\\/\",\"nextItem\":{\"@type\":\"ListItem\",\"@id\":\"https:\\\/\\\/light24.fi\\\/fi\\\/product-category\\\/siseruumide_valgustid\\\/#listItem\",\"name\":\"Sis\\u00e4valaisimet\"},\"previousItem\":{\"@type\":\"ListItem\",\"@id\":\"https:\\\/\\\/light24.fi\\\/fi#listItem\",\"name\":\"Home\"}},{\"@type\":\"ListItem\",\"@id\":\"https:\\\/\\\/light24.fi\\\/fi\\\/product-category\\\/siseruumide_valgustid\\\/#listItem\",\"position\":3,\"name\":\"Sis\\u00e4valaisimet\",\"item\":\"https:\\\/\\\/light24.fi\\\/fi\\\/product-category\\\/siseruumide_valgustid\\\/\",\"nextItem\":{\"@type\":\"ListItem\",\"@id\":\"https:\\\/\\\/light24.fi\\\/fi\\\/product-category\\\/siseruumide_valgustid\\\/suvistatavad-valgustid\\\/#listItem\",\"name\":\"Upotettavat kattovalot\"},\"previousItem\":{\"@type\":\"ListItem\",\"@id\":\"https:\\\/\\\/light24.fi\\\/fi\\\/shop\\\/#listItem\",\"name\":\"Verkkokauppa\"}},{\"@type\":\"ListItem\",\"@id\":\"https:\\\/\\\/light24.fi\\\/fi\\\/product-category\\\/siseruumide_valgustid\\\/suvistatavad-valgustid\\\/#listItem\",\"position\":4,\"name\":\"Upotettavat kattovalot\",\"item\":\"https:\\\/\\\/light24.fi\\\/fi\\\/product-category\\\/siseruumide_valgustid\\\/suvistatavad-valgustid\\\/\",\"nextItem\":{\"@type\":\"ListItem\",\"@id\":\"https:\\\/\\\/light24.fi\\\/fi\\\/toode\\\/siseruumide_valgustid\\\/suvistatavad-valgustid\\\/suvisvalgusti-plazma\\\/#listItem\",\"name\":\"PLAZMA\"},\"previousItem\":{\"@type\":\"ListItem\",\"@id\":\"https:\\\/\\\/light24.fi\\\/fi\\\/product-category\\\/siseruumide_valgustid\\\/#listItem\",\"name\":\"Sis\\u00e4valaisimet\"}},{\"@type\":\"ListItem\",\"@id\":\"https:\\\/\\\/light24.fi\\\/fi\\\/toode\\\/siseruumide_valgustid\\\/suvistatavad-valgustid\\\/suvisvalgusti-plazma\\\/#listItem\",\"position\":5,\"name\":\"PLAZMA\",\"previousItem\":{\"@type\":\"ListItem\",\"@id\":\"https:\\\/\\\/light24.fi\\\/fi\\\/product-category\\\/siseruumide_valgustid\\\/suvistatavad-valgustid\\\/#listItem\",\"name\":\"Upotettavat kattovalot\"}}]},{\"@type\":\"Organization\",\"@id\":\"https:\\\/\\\/light24.fi\\\/fi\\\/#organization\",\"name\":\"Light24\",\"description\":\"Valon tavaratalo | Ammatillinen valaistusratkaisut\",\"url\":\"https:\\\/\\\/light24.fi\\\/fi\\\/\",\"telephone\":\"+3725184133\",\"logo\":{\"@type\":\"ImageObject\",\"url\":\"https:\\\/\\\/www.light24.ee\\\/wp-content\\\/uploads\\\/2022\\\/03\\\/Shape-2-3.svg\",\"@id\":\"https:\\\/\\\/light24.fi\\\/fi\\\/toode\\\/siseruumide_valgustid\\\/suvistatavad-valgustid\\\/suvisvalgusti-plazma\\\/#organizationLogo\"},\"image\":{\"@id\":\"https:\\\/\\\/light24.fi\\\/fi\\\/toode\\\/siseruumide_valgustid\\\/suvistatavad-valgustid\\\/suvisvalgusti-plazma\\\/#organizationLogo\"},\"sameAs\":[\"https:\\\/\\\/www.facebook.com\\\/light24.ee\",\"https:\\\/\\\/www.instagram.com\\\/light24official\\\/\"]},{\"@type\":\"ProductGroup\",\"@id\":\"https:\\\/\\\/light24.fi\\\/fi\\\/toode\\\/siseruumide_valgustid\\\/suvistatavad-valgustid\\\/suvisvalgusti-plazma\\\/#wooCommerceProduct\",\"name\":\"PLAZMA\",\"url\":\"https:\\\/\\\/light24.fi\\\/fi\\\/toode\\\/siseruumide_valgustid\\\/suvistatavad-valgustid\\\/suvisvalgusti-plazma\\\/\",\"sku\":\"MXL112937\",\"image\":{\"@type\":\"ImageObject\",\"url\":\"https:\\\/\\\/light24.fi\\\/wp-content\\\/uploads\\\/2021\\\/02\\\/4-73.jpg\",\"@id\":\"https:\\\/\\\/light24.fi\\\/fi\\\/toode\\\/siseruumide_valgustid\\\/suvistatavad-valgustid\\\/suvisvalgusti-plazma\\\/#productImage\",\"width\":700,\"height\":701},\"productGroupID\":80368,\"hasVariant\":[{\"@type\":\"Product\",\"@id\":\"https:\\\/\\\/light24.fi\\\/fi\\\/toode\\\/siseruumide_valgustid\\\/suvistatavad-valgustid\\\/suvisvalgusti-plazma\\\/#wooCommerceProduct\",\"name\":\"PLAZMA - valge\",\"url\":\"https:\\\/\\\/light24.fi\\\/fi\\\/toode\\\/siseruumide_valgustid\\\/suvistatavad-valgustid\\\/suvisvalgusti-plazma\\\/\",\"sku\":\"MXL112937\",\"image\":{\"@type\":\"ImageObject\",\"url\":\"https:\\\/\\\/light24.fi\\\/wp-content\\\/uploads\\\/2021\\\/02\\\/1-113.jpg\",\"@id\":\"https:\\\/\\\/light24.fi\\\/fi\\\/toode\\\/siseruumide_valgustid\\\/suvistatavad-valgustid\\\/suvisvalgusti-plazma\\\/#productImage\",\"width\":710,\"height\":710},\"offers\":{\"@type\":\"Offer\",\"url\":\"https:\\\/\\\/light24.fi\\\/fi\\\/toode\\\/siseruumide_valgustid\\\/suvistatavad-valgustid\\\/suvisvalgusti-plazma\\\/#wooCommerceOffer\",\"price\":\"56\",\"priceCurrency\":\"EUR\",\"category\":\"Sis\\u00e4valaisimet\",\"availability\":\"https:\\\/\\\/schema.org\\\/InStock\",\"priceSpecification\":{\"@type\":\"PriceSpecification\",\"price\":56,\"priceCurrency\":\"EUR\",\"valueAddedTaxIncluded\":\"true\"}}},{\"@type\":\"Product\",\"@id\":\"https:\\\/\\\/light24.fi\\\/fi\\\/toode\\\/siseruumide_valgustid\\\/suvistatavad-valgustid\\\/suvisvalgusti-plazma\\\/#wooCommerceProduct\",\"name\":\"PLAZMA - must\",\"url\":\"https:\\\/\\\/light24.fi\\\/fi\\\/toode\\\/siseruumide_valgustid\\\/suvistatavad-valgustid\\\/suvisvalgusti-plazma\\\/\",\"sku\":\"MXL112937\",\"image\":{\"@type\":\"ImageObject\",\"url\":\"https:\\\/\\\/light24.fi\\\/wp-content\\\/uploads\\\/2021\\\/02\\\/4-73.jpg\",\"@id\":\"https:\\\/\\\/light24.fi\\\/fi\\\/toode\\\/siseruumide_valgustid\\\/suvistatavad-valgustid\\\/suvisvalgusti-plazma\\\/#productImage\",\"width\":700,\"height\":701},\"offers\":{\"@type\":\"Offer\",\"url\":\"https:\\\/\\\/light24.fi\\\/fi\\\/toode\\\/siseruumide_valgustid\\\/suvistatavad-valgustid\\\/suvisvalgusti-plazma\\\/#wooCommerceOffer\",\"price\":\"56\",\"priceCurrency\":\"EUR\",\"category\":\"Sis\\u00e4valaisimet\",\"availability\":\"https:\\\/\\\/schema.org\\\/InStock\",\"priceSpecification\":{\"@type\":\"PriceSpecification\",\"price\":56,\"priceCurrency\":\"EUR\",\"valueAddedTaxIncluded\":\"true\"}}}]},{\"@type\":\"WebPage\",\"@id\":\"https:\\\/\\\/light24.fi\\\/fi\\\/toode\\\/siseruumide_valgustid\\\/suvistatavad-valgustid\\\/suvisvalgusti-plazma\\\/#webpage\",\"url\":\"https:\\\/\\\/light24.fi\\\/fi\\\/toode\\\/siseruumide_valgustid\\\/suvistatavad-valgustid\\\/suvisvalgusti-plazma\\\/\",\"name\":\"PLAZMA \\u2022 Light24\",\"description\":\"Anteeksi, mutta t\\u00e4m\\u00e4 kirjoitus on saatavana ainoastaan n\\u00e4ill\\u00e4 kielill\\u00e4: Eesti.\",\"inLanguage\":\"fi\",\"isPartOf\":{\"@id\":\"https:\\\/\\\/light24.fi\\\/fi\\\/#website\"},\"breadcrumb\":{\"@id\":\"https:\\\/\\\/light24.fi\\\/fi\\\/toode\\\/siseruumide_valgustid\\\/suvistatavad-valgustid\\\/suvisvalgusti-plazma\\\/#breadcrumblist\"},\"image\":{\"@type\":\"ImageObject\",\"url\":\"https:\\\/\\\/light24.fi\\\/wp-content\\\/uploads\\\/2021\\\/02\\\/4-73.jpg\",\"@id\":\"https:\\\/\\\/light24.fi\\\/fi\\\/toode\\\/siseruumide_valgustid\\\/suvistatavad-valgustid\\\/suvisvalgusti-plazma\\\/#mainImage\",\"width\":700,\"height\":701},\"primaryImageOfPage\":{\"@id\":\"https:\\\/\\\/light24.fi\\\/fi\\\/toode\\\/siseruumide_valgustid\\\/suvistatavad-valgustid\\\/suvisvalgusti-plazma\\\/#mainImage\"},\"datePublished\":\"2021-02-25T15:10:30+02:00\",\"dateModified\":\"2023-04-10T10:50:37+03:00\"},{\"@type\":\"WebSite\",\"@id\":\"https:\\\/\\\/light24.fi\\\/fi\\\/#website\",\"url\":\"https:\\\/\\\/light24.fi\\\/fi\\\/\",\"name\":\"Light24\",\"description\":\"Valon tavaratalo | Ammatillinen valaistusratkaisut\",\"inLanguage\":\"fi\",\"publisher\":{\"@id\":\"https:\\\/\\\/light24.fi\\\/fi\\\/#organization\"}}]}\n\t\t<\/script>\n\t\t<!-- All in One SEO Pro -->\r\n\t\t<title>PLAZMA \u2022 Light24<\/title>\n\n","aioseo_head_json":{"title":"PLAZMA \u2022 Light24","description":"Anteeksi, mutta t\u00e4m\u00e4 kirjoitus on saatavana ainoastaan n\u00e4ill\u00e4 kielill\u00e4: Eesti.","canonical_url":"https:\/\/light24.fi\/fi\/toode\/siseruumide_valgustid\/suvistatavad-valgustid\/suvisvalgusti-plazma\/","robots":"max-image-preview:large","keywords":"","webmasterTools":{"google-site-verification":"nxgDPK3Ouk6bwvuxlwlzeMOKszmf-8m57RDu5zAgN-Y","miscellaneous":""},"schema":{"@context":"https:\/\/schema.org","@graph":[{"@type":"BreadcrumbList","@id":"https:\/\/light24.fi\/fi\/toode\/siseruumide_valgustid\/suvistatavad-valgustid\/suvisvalgusti-plazma\/#breadcrumblist","itemListElement":[{"@type":"ListItem","@id":"https:\/\/light24.fi\/fi#listItem","position":1,"name":"Home","item":"https:\/\/light24.fi\/fi","nextItem":{"@type":"ListItem","@id":"https:\/\/light24.fi\/fi\/shop\/#listItem","name":"Verkkokauppa"}},{"@type":"ListItem","@id":"https:\/\/light24.fi\/fi\/shop\/#listItem","position":2,"name":"Verkkokauppa","item":"https:\/\/light24.fi\/fi\/shop\/","nextItem":{"@type":"ListItem","@id":"https:\/\/light24.fi\/fi\/product-category\/siseruumide_valgustid\/#listItem","name":"Sis\u00e4valaisimet"},"previousItem":{"@type":"ListItem","@id":"https:\/\/light24.fi\/fi#listItem","name":"Home"}},{"@type":"ListItem","@id":"https:\/\/light24.fi\/fi\/product-category\/siseruumide_valgustid\/#listItem","position":3,"name":"Sis\u00e4valaisimet","item":"https:\/\/light24.fi\/fi\/product-category\/siseruumide_valgustid\/","nextItem":{"@type":"ListItem","@id":"https:\/\/light24.fi\/fi\/product-category\/siseruumide_valgustid\/suvistatavad-valgustid\/#listItem","name":"Upotettavat kattovalot"},"previousItem":{"@type":"ListItem","@id":"https:\/\/light24.fi\/fi\/shop\/#listItem","name":"Verkkokauppa"}},{"@type":"ListItem","@id":"https:\/\/light24.fi\/fi\/product-category\/siseruumide_valgustid\/suvistatavad-valgustid\/#listItem","position":4,"name":"Upotettavat kattovalot","item":"https:\/\/light24.fi\/fi\/product-category\/siseruumide_valgustid\/suvistatavad-valgustid\/","nextItem":{"@type":"ListItem","@id":"https:\/\/light24.fi\/fi\/toode\/siseruumide_valgustid\/suvistatavad-valgustid\/suvisvalgusti-plazma\/#listItem","name":"PLAZMA"},"previousItem":{"@type":"ListItem","@id":"https:\/\/light24.fi\/fi\/product-category\/siseruumide_valgustid\/#listItem","name":"Sis\u00e4valaisimet"}},{"@type":"ListItem","@id":"https:\/\/light24.fi\/fi\/toode\/siseruumide_valgustid\/suvistatavad-valgustid\/suvisvalgusti-plazma\/#listItem","position":5,"name":"PLAZMA","previousItem":{"@type":"ListItem","@id":"https:\/\/light24.fi\/fi\/product-category\/siseruumide_valgustid\/suvistatavad-valgustid\/#listItem","name":"Upotettavat kattovalot"}}]},{"@type":"Organization","@id":"https:\/\/light24.fi\/fi\/#organization","name":"Light24","description":"Valon tavaratalo | Ammatillinen valaistusratkaisut","url":"https:\/\/light24.fi\/fi\/","telephone":"+3725184133","logo":{"@type":"ImageObject","url":"https:\/\/www.light24.ee\/wp-content\/uploads\/2022\/03\/Shape-2-3.svg","@id":"https:\/\/light24.fi\/fi\/toode\/siseruumide_valgustid\/suvistatavad-valgustid\/suvisvalgusti-plazma\/#organizationLogo"},"image":{"@id":"https:\/\/light24.fi\/fi\/toode\/siseruumide_valgustid\/suvistatavad-valgustid\/suvisvalgusti-plazma\/#organizationLogo"},"sameAs":["https:\/\/www.facebook.com\/light24.ee","https:\/\/www.instagram.com\/light24official\/"]},{"@type":"ProductGroup","@id":"https:\/\/light24.fi\/fi\/toode\/siseruumide_valgustid\/suvistatavad-valgustid\/suvisvalgusti-plazma\/#wooCommerceProduct","name":"PLAZMA","url":"https:\/\/light24.fi\/fi\/toode\/siseruumide_valgustid\/suvistatavad-valgustid\/suvisvalgusti-plazma\/","sku":"MXL112937","image":{"@type":"ImageObject","url":"https:\/\/light24.fi\/wp-content\/uploads\/2021\/02\/4-73.jpg","@id":"https:\/\/light24.fi\/fi\/toode\/siseruumide_valgustid\/suvistatavad-valgustid\/suvisvalgusti-plazma\/#productImage","width":700,"height":701},"productGroupID":80368,"hasVariant":[{"@type":"Product","@id":"https:\/\/light24.fi\/fi\/toode\/siseruumide_valgustid\/suvistatavad-valgustid\/suvisvalgusti-plazma\/#wooCommerceProduct","name":"PLAZMA - valge","url":"https:\/\/light24.fi\/fi\/toode\/siseruumide_valgustid\/suvistatavad-valgustid\/suvisvalgusti-plazma\/","sku":"MXL112937","image":{"@type":"ImageObject","url":"https:\/\/light24.fi\/wp-content\/uploads\/2021\/02\/1-113.jpg","@id":"https:\/\/light24.fi\/fi\/toode\/siseruumide_valgustid\/suvistatavad-valgustid\/suvisvalgusti-plazma\/#productImage","width":710,"height":710},"offers":{"@type":"Offer","url":"https:\/\/light24.fi\/fi\/toode\/siseruumide_valgustid\/suvistatavad-valgustid\/suvisvalgusti-plazma\/#wooCommerceOffer","price":"56","priceCurrency":"EUR","category":"Sis\u00e4valaisimet","availability":"https:\/\/schema.org\/InStock","priceSpecification":{"@type":"PriceSpecification","price":56,"priceCurrency":"EUR","valueAddedTaxIncluded":"true"}}},{"@type":"Product","@id":"https:\/\/light24.fi\/fi\/toode\/siseruumide_valgustid\/suvistatavad-valgustid\/suvisvalgusti-plazma\/#wooCommerceProduct","name":"PLAZMA - must","url":"https:\/\/light24.fi\/fi\/toode\/siseruumide_valgustid\/suvistatavad-valgustid\/suvisvalgusti-plazma\/","sku":"MXL112937","image":{"@type":"ImageObject","url":"https:\/\/light24.fi\/wp-content\/uploads\/2021\/02\/4-73.jpg","@id":"https:\/\/light24.fi\/fi\/toode\/siseruumide_valgustid\/suvistatavad-valgustid\/suvisvalgusti-plazma\/#productImage","width":700,"height":701},"offers":{"@type":"Offer","url":"https:\/\/light24.fi\/fi\/toode\/siseruumide_valgustid\/suvistatavad-valgustid\/suvisvalgusti-plazma\/#wooCommerceOffer","price":"56","priceCurrency":"EUR","category":"Sis\u00e4valaisimet","availability":"https:\/\/schema.org\/InStock","priceSpecification":{"@type":"PriceSpecification","price":56,"priceCurrency":"EUR","valueAddedTaxIncluded":"true"}}}]},{"@type":"WebPage","@id":"https:\/\/light24.fi\/fi\/toode\/siseruumide_valgustid\/suvistatavad-valgustid\/suvisvalgusti-plazma\/#webpage","url":"https:\/\/light24.fi\/fi\/toode\/siseruumide_valgustid\/suvistatavad-valgustid\/suvisvalgusti-plazma\/","name":"PLAZMA \u2022 Light24","description":"Anteeksi, mutta t\u00e4m\u00e4 kirjoitus on saatavana ainoastaan n\u00e4ill\u00e4 kielill\u00e4: Eesti.","inLanguage":"fi","isPartOf":{"@id":"https:\/\/light24.fi\/fi\/#website"},"breadcrumb":{"@id":"https:\/\/light24.fi\/fi\/toode\/siseruumide_valgustid\/suvistatavad-valgustid\/suvisvalgusti-plazma\/#breadcrumblist"},"image":{"@type":"ImageObject","url":"https:\/\/light24.fi\/wp-content\/uploads\/2021\/02\/4-73.jpg","@id":"https:\/\/light24.fi\/fi\/toode\/siseruumide_valgustid\/suvistatavad-valgustid\/suvisvalgusti-plazma\/#mainImage","width":700,"height":701},"primaryImageOfPage":{"@id":"https:\/\/light24.fi\/fi\/toode\/siseruumide_valgustid\/suvistatavad-valgustid\/suvisvalgusti-plazma\/#mainImage"},"datePublished":"2021-02-25T15:10:30+02:00","dateModified":"2023-04-10T10:50:37+03:00"},{"@type":"WebSite","@id":"https:\/\/light24.fi\/fi\/#website","url":"https:\/\/light24.fi\/fi\/","name":"Light24","description":"Valon tavaratalo | Ammatillinen valaistusratkaisut","inLanguage":"fi","publisher":{"@id":"https:\/\/light24.fi\/fi\/#organization"}}]},"og:locale":"fi_FI","og:site_name":"Light24 \u2022 Valon tavaratalo | Ammatillinen valaistusratkaisut","og:type":"article","og:title":"PLAZMA \u2022 Light24","og:description":"Anteeksi, mutta t\u00e4m\u00e4 kirjoitus on saatavana ainoastaan n\u00e4ill\u00e4 kielill\u00e4: Eesti.","og:url":"https:\/\/light24.fi\/fi\/toode\/siseruumide_valgustid\/suvistatavad-valgustid\/suvisvalgusti-plazma\/","og:image":"https:\/\/light24.fi\/wp-content\/uploads\/2021\/02\/4-73.jpg","og:image:secure_url":"https:\/\/light24.fi\/wp-content\/uploads\/2021\/02\/4-73.jpg","og:image:width":700,"og:image:height":701,"article:published_time":"2021-02-25T13:10:30+00:00","article:modified_time":"2023-04-10T07:50:37+00:00","article:publisher":"https:\/\/www.facebook.com\/light24.ee","twitter:card":"summary","twitter:title":"PLAZMA \u2022 Light24","twitter:description":"Anteeksi, mutta t\u00e4m\u00e4 kirjoitus on saatavana ainoastaan n\u00e4ill\u00e4 kielill\u00e4: Eesti.","twitter:image":"https:\/\/light24.fi\/wp-content\/uploads\/2021\/02\/4-73.jpg"},"aioseo_meta_data":{"post_id":"80368","title":null,"description":null,"keywords":[],"keyphrases":{"focus":{"keyphrase":"","score":0,"analysis":{"keyphraseInTitle":{"score":0,"maxScore":9,"error":1}}},"additional":[]},"primary_term":null,"canonical_url":null,"og_title":null,"og_description":null,"og_object_type":"default","og_image_type":"default","og_image_url":null,"og_image_width":null,"og_image_height":null,"og_image_custom_url":null,"og_image_custom_fields":null,"og_video":"","og_custom_url":null,"og_article_section":null,"og_article_tags":[],"twitter_use_og":false,"twitter_card":"default","twitter_image_type":"default","twitter_image_url":null,"twitter_image_custom_url":null,"twitter_image_custom_fields":null,"twitter_title":null,"twitter_description":null,"schema":{"blockGraphs":[],"customGraphs":[],"default":{"data":{"Article":[],"Course":[],"Dataset":[],"FAQPage":[],"Movie":[],"Person":[],"Product":[],"ProductReview":[],"Car":[],"Recipe":[],"Service":[],"SoftwareApplication":[],"WebPage":[]},"graphName":"ItemPage","isEnabled":true},"graphs":[],"defaultGraph":"","defaultPostTypeGraph":""},"schema_type":"default","schema_type_options":null,"pillar_content":false,"robots_default":true,"robots_noindex":false,"robots_noarchive":false,"robots_nosnippet":false,"robots_nofollow":false,"robots_noimageindex":false,"robots_noodp":false,"robots_notranslate":false,"robots_max_snippet":"-1","robots_max_videopreview":"-1","robots_max_imagepreview":"large","priority":null,"frequency":"default","local_seo":null,"seo_analyzer_scan_date":"2025-10-26 23:39:50","breadcrumb_settings":null,"limit_modified_date":false,"reviewed_by":null,"open_ai":"{\"title\":{\"suggestions\":[],\"usage\":0},\"description\":{\"suggestions\":[],\"usage\":0}}","ai":null,"created":"2022-02-17 17:22:46","updated":"2025-10-26 23:39:50"},"aioseo_breadcrumb":"<div class=\"aioseo-breadcrumbs\"><span class=\"aioseo-breadcrumb\">\n\t<a href=\"https:\/\/light24.fi\/fi\" title=\"Home\">Home<\/a>\n<\/span><span class=\"aioseo-breadcrumb-separator\">&raquo;<\/span><span class=\"aioseo-breadcrumb\">\n\t<a href=\"https:\/\/light24.fi\/fi\/shop\/\" title=\"Verkkokauppa\">Verkkokauppa<\/a>\n<\/span><span class=\"aioseo-breadcrumb-separator\">&raquo;<\/span><span class=\"aioseo-breadcrumb\">\n\t<a href=\"https:\/\/light24.fi\/fi\/product-category\/siseruumide_valgustid\/\" title=\"Sis\u00e4valaisimet\">Sis\u00e4valaisimet<\/a>\n<\/span><span class=\"aioseo-breadcrumb-separator\">&raquo;<\/span><span class=\"aioseo-breadcrumb\">\n\t<a href=\"https:\/\/light24.fi\/fi\/product-category\/siseruumide_valgustid\/suvistatavad-valgustid\/\" title=\"Upotettavat kattovalot\">Upotettavat kattovalot<\/a>\n<\/span><span class=\"aioseo-breadcrumb-separator\">&raquo;<\/span><span class=\"aioseo-breadcrumb\">\n\tPLAZMA\n<\/span><\/div>","aioseo_breadcrumb_json":[{"label":"Home","link":"https:\/\/light24.fi\/fi"},{"label":"Verkkokauppa","link":"https:\/\/light24.fi\/fi\/shop\/"},{"label":"Sis\u00e4valaisimet","link":"https:\/\/light24.fi\/fi\/product-category\/siseruumide_valgustid\/"},{"label":"Upotettavat kattovalot","link":"https:\/\/light24.fi\/fi\/product-category\/siseruumide_valgustid\/suvistatavad-valgustid\/"},{"label":"PLAZMA","link":"https:\/\/light24.fi\/fi\/toode\/siseruumide_valgustid\/suvistatavad-valgustid\/suvisvalgusti-plazma\/"}],"_links":{"self":[{"href":"https:\/\/light24.fi\/fi\/wp-json\/wp\/v2\/product\/80368","targetHints":{"allow":["GET"]}}],"collection":[{"href":"https:\/\/light24.fi\/fi\/wp-json\/wp\/v2\/product"}],"about":[{"href":"https:\/\/light24.fi\/fi\/wp-json\/wp\/v2\/types\/product"}],"replies":[{"embeddable":true,"href":"https:\/\/light24.fi\/fi\/wp-json\/wp\/v2\/comments?post=80368"}],"wp:featuredmedia":[{"embeddable":true,"href":"https:\/\/light24.fi\/fi\/wp-json\/wp\/v2\/media\/80374"}],"wp:attachment":[{"href":"https:\/\/light24.fi\/fi\/wp-json\/wp\/v2\/media?parent=80368"}],"wp:term":[{"taxonomy":"product_cat","embeddable":true,"href":"https:\/\/light24.fi\/fi\/wp-json\/wp\/v2\/product_cat?post=80368"},{"taxonomy":"product_tag","embeddable":true,"href":"https:\/\/light24.fi\/fi\/wp-json\/wp\/v2\/product_tag?post=80368"}],"curies":[{"name":"wp","href":"https:\/\/api.w.org\/{rel}","templated":true}]}}