{"id":111104,"date":"2020-12-25T08:38:03","date_gmt":"2020-12-25T06:38:03","guid":{"rendered":"https:\/\/www.light24.ee\/?post_type=product&#038;p=111104"},"modified":"2024-03-10T18:11:58","modified_gmt":"2024-03-10T16:11:58","slug":"sol","status":"publish","type":"product","link":"https:\/\/light24.fi\/fr\/toode\/valisvalgustid\/postvalgustid\/sol\/","title":{"rendered":"FARO SOL"},"content":{"rendered":"<p class=\"qtranxs-available-languages-message qtranxs-available-languages-message-fr\">D\u00e9sol\u00e9, cet article est seulement disponible en <a href=\"https:\/\/light24.fi\/fi\/wp-json\/wp\/v2\/product\/111104\" class=\"qtranxs-available-language-link qtranxs-available-language-link-fi\" title=\"Suomi\">Suomi<\/a> et <a href=\"https:\/\/light24.fi\/lv\/wp-json\/wp\/v2\/product\/111104\" class=\"qtranxs-available-language-link qtranxs-available-language-link-lv\" title=\"Latvie\u0161u\">Latvie\u0161u<\/a>.<\/p>","protected":false},"excerpt":{"rendered":"<p>D\u00e9sol\u00e9, cet article est seulement disponible en Suomi et Latvie\u0161u.<\/p>\n","protected":false},"featured_media":119137,"comment_status":"closed","ping_status":"closed","template":"","meta":{"_acf_changed":false},"product_cat":[1591,2903,2025],"product_tag":[379],"class_list":{"0":"post-111104","1":"product","2":"type-product","3":"status-publish","4":"has-post-thumbnail","6":"product_cat-outlet","7":"product_cat-valisvalgustid","8":"product_cat-postvalgustid","9":"product_tag-faro","10":"product_shipping_class-small","11":"pa_ip-kaitseklass-1586","12":"pa_kogus-outletis-2335","13":"pa_materjal-alumiinium","14":"pa_materjal-klaas","15":"pa_otstarve-valis-postvalgustid","16":"pa_tarneaeg-3-paeva","17":"pa_tehnilised-andmed-115w-led-e27","18":"pa_varv-grafiit","20":"first","21":"instock","22":"sale","23":"taxable","24":"shipping-taxable","25":"purchasable","26":"product-type-simple"},"acf":[],"aioseo_notices":[],"aioseo_head":"\n\t\t<!-- All in One SEO Pro 4.9.6.2 - aioseo.com -->\n\t<meta name=\"robots\" content=\"max-image-preview:large\" \/>\n\t<meta name=\"google-site-verification\" content=\"nxgDPK3Ouk6bwvuxlwlzeMOKszmf-8m57RDu5zAgN-Y\" \/>\n\t<link rel=\"canonical\" href=\"https:\/\/light24.fi\/fr\/toode\/valisvalgustid\/postvalgustid\/sol\/\" \/>\n\t<meta name=\"generator\" content=\"All in One SEO Pro (AIOSEO) 4.9.6.2\" \/>\n\t\t<meta property=\"og:locale\" content=\"fr_FR\" \/>\n\t\t<meta property=\"og:site_name\" content=\"Light24 \u2022 Lighting E-Shop | Solutions d&#039;\u00e9clairage professionnelles\" \/>\n\t\t<meta property=\"og:type\" content=\"article\" \/>\n\t\t<meta property=\"og:title\" content=\"FARO SOL \u2022 Light24\" \/>\n\t\t<meta property=\"og:url\" content=\"https:\/\/light24.fi\/fr\/toode\/valisvalgustid\/postvalgustid\/sol\/\" \/>\n\t\t<meta property=\"og:image\" content=\"https:\/\/light24.fi\/wp-content\/uploads\/2020\/12\/sol.jpg\" \/>\n\t\t<meta property=\"og:image:secure_url\" content=\"https:\/\/light24.fi\/wp-content\/uploads\/2020\/12\/sol.jpg\" \/>\n\t\t<meta property=\"og:image:width\" content=\"600\" \/>\n\t\t<meta property=\"og:image:height\" content=\"600\" \/>\n\t\t<meta property=\"article:published_time\" content=\"2020-12-25T06:38:03+00:00\" \/>\n\t\t<meta property=\"article:modified_time\" content=\"2024-03-10T16:11:58+00:00\" \/>\n\t\t<meta property=\"article:publisher\" content=\"https:\/\/www.facebook.com\/light24.ee\" \/>\n\t\t<meta name=\"twitter:card\" content=\"summary\" \/>\n\t\t<meta name=\"twitter:title\" content=\"FARO SOL \u2022 Light24\" \/>\n\t\t<meta name=\"twitter:image\" content=\"https:\/\/light24.fi\/wp-content\/uploads\/2020\/12\/sol.jpg\" \/>\n\t\t<script type=\"application\/ld+json\" class=\"aioseo-schema\">\n\t\t\t{\"@context\":\"https:\\\/\\\/schema.org\",\"@graph\":[{\"@type\":\"BreadcrumbList\",\"@id\":\"https:\\\/\\\/light24.fi\\\/fr\\\/toode\\\/valisvalgustid\\\/postvalgustid\\\/sol\\\/#breadcrumblist\",\"itemListElement\":[{\"@type\":\"ListItem\",\"@id\":\"https:\\\/\\\/light24.fi\\\/fr#listItem\",\"position\":1,\"name\":\"Home\",\"item\":\"https:\\\/\\\/light24.fi\\\/fr\",\"nextItem\":{\"@type\":\"ListItem\",\"@id\":\"https:\\\/\\\/light24.fi\\\/fr\\\/shop\\\/#listItem\",\"name\":\"Boutique en ligne\"}},{\"@type\":\"ListItem\",\"@id\":\"https:\\\/\\\/light24.fi\\\/fr\\\/shop\\\/#listItem\",\"position\":2,\"name\":\"Boutique en ligne\",\"item\":\"https:\\\/\\\/light24.fi\\\/fr\\\/shop\\\/\",\"nextItem\":{\"@type\":\"ListItem\",\"@id\":\"https:\\\/\\\/light24.fi\\\/fr\\\/product-category\\\/valisvalgustid\\\/#listItem\",\"name\":\"Luminaires d\\u2019ext\\u00e9rieur\"},\"previousItem\":{\"@type\":\"ListItem\",\"@id\":\"https:\\\/\\\/light24.fi\\\/fr#listItem\",\"name\":\"Home\"}},{\"@type\":\"ListItem\",\"@id\":\"https:\\\/\\\/light24.fi\\\/fr\\\/product-category\\\/valisvalgustid\\\/#listItem\",\"position\":3,\"name\":\"Luminaires d\\u2019ext\\u00e9rieur\",\"item\":\"https:\\\/\\\/light24.fi\\\/fr\\\/product-category\\\/valisvalgustid\\\/\",\"nextItem\":{\"@type\":\"ListItem\",\"@id\":\"https:\\\/\\\/light24.fi\\\/fr\\\/product-category\\\/valisvalgustid\\\/postvalgustid\\\/#listItem\",\"name\":\"Bornes lumineuses\"},\"previousItem\":{\"@type\":\"ListItem\",\"@id\":\"https:\\\/\\\/light24.fi\\\/fr\\\/shop\\\/#listItem\",\"name\":\"Boutique en ligne\"}},{\"@type\":\"ListItem\",\"@id\":\"https:\\\/\\\/light24.fi\\\/fr\\\/product-category\\\/valisvalgustid\\\/postvalgustid\\\/#listItem\",\"position\":4,\"name\":\"Bornes lumineuses\",\"item\":\"https:\\\/\\\/light24.fi\\\/fr\\\/product-category\\\/valisvalgustid\\\/postvalgustid\\\/\",\"nextItem\":{\"@type\":\"ListItem\",\"@id\":\"https:\\\/\\\/light24.fi\\\/fr\\\/toode\\\/valisvalgustid\\\/postvalgustid\\\/sol\\\/#listItem\",\"name\":\"FARO SOL\"},\"previousItem\":{\"@type\":\"ListItem\",\"@id\":\"https:\\\/\\\/light24.fi\\\/fr\\\/product-category\\\/valisvalgustid\\\/#listItem\",\"name\":\"Luminaires d\\u2019ext\\u00e9rieur\"}},{\"@type\":\"ListItem\",\"@id\":\"https:\\\/\\\/light24.fi\\\/fr\\\/toode\\\/valisvalgustid\\\/postvalgustid\\\/sol\\\/#listItem\",\"position\":5,\"name\":\"FARO SOL\",\"previousItem\":{\"@type\":\"ListItem\",\"@id\":\"https:\\\/\\\/light24.fi\\\/fr\\\/product-category\\\/valisvalgustid\\\/postvalgustid\\\/#listItem\",\"name\":\"Bornes lumineuses\"}}]},{\"@type\":\"Organization\",\"@id\":\"https:\\\/\\\/light24.fi\\\/fr\\\/#organization\",\"name\":\"Light24\",\"description\":\"Lighting E-Shop | Solutions d'\\u00e9clairage professionnelles\",\"url\":\"https:\\\/\\\/light24.fi\\\/fr\\\/\",\"telephone\":\"+3725184133\",\"logo\":{\"@type\":\"ImageObject\",\"url\":\"https:\\\/\\\/www.light24.ee\\\/wp-content\\\/uploads\\\/2022\\\/03\\\/Shape-2-3.svg\",\"@id\":\"https:\\\/\\\/light24.fi\\\/fr\\\/toode\\\/valisvalgustid\\\/postvalgustid\\\/sol\\\/#organizationLogo\"},\"image\":{\"@id\":\"https:\\\/\\\/light24.fi\\\/fr\\\/toode\\\/valisvalgustid\\\/postvalgustid\\\/sol\\\/#organizationLogo\"},\"sameAs\":[\"https:\\\/\\\/www.facebook.com\\\/light24.ee\",\"https:\\\/\\\/www.instagram.com\\\/light24official\\\/\"]},{\"@type\":\"Product\",\"@id\":\"https:\\\/\\\/light24.fi\\\/fr\\\/toode\\\/valisvalgustid\\\/postvalgustid\\\/sol\\\/#wooCommerceProduct\",\"name\":\"FARO SOL\",\"url\":\"https:\\\/\\\/light24.fi\\\/fr\\\/toode\\\/valisvalgustid\\\/postvalgustid\\\/sol\\\/\",\"sku\":\"FAR40018S-1\",\"image\":{\"@type\":\"ImageObject\",\"url\":\"https:\\\/\\\/light24.fi\\\/wp-content\\\/uploads\\\/2020\\\/12\\\/sol.jpg\",\"@id\":\"https:\\\/\\\/light24.fi\\\/fr\\\/toode\\\/valisvalgustid\\\/postvalgustid\\\/sol\\\/#productImage\",\"width\":600,\"height\":600},\"offers\":{\"@type\":\"Offer\",\"url\":\"https:\\\/\\\/light24.fi\\\/fr\\\/toode\\\/valisvalgustid\\\/postvalgustid\\\/sol\\\/#wooCommerceOffer\",\"price\":45.08,\"priceCurrency\":\"EUR\",\"category\":\"OUTLET\",\"availability\":\"https:\\\/\\\/schema.org\\\/InStock\",\"priceSpecification\":{\"@type\":\"PriceSpecification\",\"price\":45.08,\"priceCurrency\":\"EUR\",\"valueAddedTaxIncluded\":\"true\"},\"seller\":{\"@type\":\"Organization\",\"@id\":\"https:\\\/\\\/light24.fi\\\/fr\\\/#organization\"}}},{\"@type\":\"WebPage\",\"@id\":\"https:\\\/\\\/light24.fi\\\/fr\\\/toode\\\/valisvalgustid\\\/postvalgustid\\\/sol\\\/#webpage\",\"url\":\"https:\\\/\\\/light24.fi\\\/fr\\\/toode\\\/valisvalgustid\\\/postvalgustid\\\/sol\\\/\",\"name\":\"FARO SOL \\u2022 Light24\",\"inLanguage\":\"fr-FR\",\"isPartOf\":{\"@id\":\"https:\\\/\\\/light24.fi\\\/fr\\\/#website\"},\"breadcrumb\":{\"@id\":\"https:\\\/\\\/light24.fi\\\/fr\\\/toode\\\/valisvalgustid\\\/postvalgustid\\\/sol\\\/#breadcrumblist\"},\"image\":{\"@type\":\"ImageObject\",\"url\":\"https:\\\/\\\/light24.fi\\\/wp-content\\\/uploads\\\/2020\\\/12\\\/sol.jpg\",\"@id\":\"https:\\\/\\\/light24.fi\\\/fr\\\/toode\\\/valisvalgustid\\\/postvalgustid\\\/sol\\\/#mainImage\",\"width\":600,\"height\":600},\"primaryImageOfPage\":{\"@id\":\"https:\\\/\\\/light24.fi\\\/fr\\\/toode\\\/valisvalgustid\\\/postvalgustid\\\/sol\\\/#mainImage\"},\"datePublished\":\"2020-12-25T08:38:03+02:00\",\"dateModified\":\"2024-03-10T18:11:58+02:00\"},{\"@type\":\"WebSite\",\"@id\":\"https:\\\/\\\/light24.fi\\\/fr\\\/#website\",\"url\":\"https:\\\/\\\/light24.fi\\\/fr\\\/\",\"name\":\"Light24\",\"description\":\"Lighting E-Shop | Solutions d'\\u00e9clairage professionnelles\",\"inLanguage\":\"fr-FR\",\"publisher\":{\"@id\":\"https:\\\/\\\/light24.fi\\\/fr\\\/#organization\"}}]}\n\t\t<\/script>\n\t\t<!-- All in One SEO Pro -->\r\n\t\t<title>FARO SOL \u2022 Light24<\/title>\n\n","aioseo_head_json":{"title":"FARO SOL \u2022 Light24","description":"","canonical_url":"https:\/\/light24.fi\/fr\/toode\/valisvalgustid\/postvalgustid\/sol\/","robots":"max-image-preview:large","keywords":"","webmasterTools":{"google-site-verification":"nxgDPK3Ouk6bwvuxlwlzeMOKszmf-8m57RDu5zAgN-Y","miscellaneous":""},"schema":{"@context":"https:\/\/schema.org","@graph":[{"@type":"BreadcrumbList","@id":"https:\/\/light24.fi\/fr\/toode\/valisvalgustid\/postvalgustid\/sol\/#breadcrumblist","itemListElement":[{"@type":"ListItem","@id":"https:\/\/light24.fi\/fr#listItem","position":1,"name":"Home","item":"https:\/\/light24.fi\/fr","nextItem":{"@type":"ListItem","@id":"https:\/\/light24.fi\/fr\/shop\/#listItem","name":"Boutique en ligne"}},{"@type":"ListItem","@id":"https:\/\/light24.fi\/fr\/shop\/#listItem","position":2,"name":"Boutique en ligne","item":"https:\/\/light24.fi\/fr\/shop\/","nextItem":{"@type":"ListItem","@id":"https:\/\/light24.fi\/fr\/product-category\/valisvalgustid\/#listItem","name":"Luminaires d\u2019ext\u00e9rieur"},"previousItem":{"@type":"ListItem","@id":"https:\/\/light24.fi\/fr#listItem","name":"Home"}},{"@type":"ListItem","@id":"https:\/\/light24.fi\/fr\/product-category\/valisvalgustid\/#listItem","position":3,"name":"Luminaires d\u2019ext\u00e9rieur","item":"https:\/\/light24.fi\/fr\/product-category\/valisvalgustid\/","nextItem":{"@type":"ListItem","@id":"https:\/\/light24.fi\/fr\/product-category\/valisvalgustid\/postvalgustid\/#listItem","name":"Bornes lumineuses"},"previousItem":{"@type":"ListItem","@id":"https:\/\/light24.fi\/fr\/shop\/#listItem","name":"Boutique en ligne"}},{"@type":"ListItem","@id":"https:\/\/light24.fi\/fr\/product-category\/valisvalgustid\/postvalgustid\/#listItem","position":4,"name":"Bornes lumineuses","item":"https:\/\/light24.fi\/fr\/product-category\/valisvalgustid\/postvalgustid\/","nextItem":{"@type":"ListItem","@id":"https:\/\/light24.fi\/fr\/toode\/valisvalgustid\/postvalgustid\/sol\/#listItem","name":"FARO SOL"},"previousItem":{"@type":"ListItem","@id":"https:\/\/light24.fi\/fr\/product-category\/valisvalgustid\/#listItem","name":"Luminaires d\u2019ext\u00e9rieur"}},{"@type":"ListItem","@id":"https:\/\/light24.fi\/fr\/toode\/valisvalgustid\/postvalgustid\/sol\/#listItem","position":5,"name":"FARO SOL","previousItem":{"@type":"ListItem","@id":"https:\/\/light24.fi\/fr\/product-category\/valisvalgustid\/postvalgustid\/#listItem","name":"Bornes lumineuses"}}]},{"@type":"Organization","@id":"https:\/\/light24.fi\/fr\/#organization","name":"Light24","description":"Lighting E-Shop | Solutions d'\u00e9clairage professionnelles","url":"https:\/\/light24.fi\/fr\/","telephone":"+3725184133","logo":{"@type":"ImageObject","url":"https:\/\/www.light24.ee\/wp-content\/uploads\/2022\/03\/Shape-2-3.svg","@id":"https:\/\/light24.fi\/fr\/toode\/valisvalgustid\/postvalgustid\/sol\/#organizationLogo"},"image":{"@id":"https:\/\/light24.fi\/fr\/toode\/valisvalgustid\/postvalgustid\/sol\/#organizationLogo"},"sameAs":["https:\/\/www.facebook.com\/light24.ee","https:\/\/www.instagram.com\/light24official\/"]},{"@type":"Product","@id":"https:\/\/light24.fi\/fr\/toode\/valisvalgustid\/postvalgustid\/sol\/#wooCommerceProduct","name":"FARO SOL","url":"https:\/\/light24.fi\/fr\/toode\/valisvalgustid\/postvalgustid\/sol\/","sku":"FAR40018S-1","image":{"@type":"ImageObject","url":"https:\/\/light24.fi\/wp-content\/uploads\/2020\/12\/sol.jpg","@id":"https:\/\/light24.fi\/fr\/toode\/valisvalgustid\/postvalgustid\/sol\/#productImage","width":600,"height":600},"offers":{"@type":"Offer","url":"https:\/\/light24.fi\/fr\/toode\/valisvalgustid\/postvalgustid\/sol\/#wooCommerceOffer","price":45.08,"priceCurrency":"EUR","category":"OUTLET","availability":"https:\/\/schema.org\/InStock","priceSpecification":{"@type":"PriceSpecification","price":45.08,"priceCurrency":"EUR","valueAddedTaxIncluded":"true"},"seller":{"@type":"Organization","@id":"https:\/\/light24.fi\/fr\/#organization"}}},{"@type":"WebPage","@id":"https:\/\/light24.fi\/fr\/toode\/valisvalgustid\/postvalgustid\/sol\/#webpage","url":"https:\/\/light24.fi\/fr\/toode\/valisvalgustid\/postvalgustid\/sol\/","name":"FARO SOL \u2022 Light24","inLanguage":"fr-FR","isPartOf":{"@id":"https:\/\/light24.fi\/fr\/#website"},"breadcrumb":{"@id":"https:\/\/light24.fi\/fr\/toode\/valisvalgustid\/postvalgustid\/sol\/#breadcrumblist"},"image":{"@type":"ImageObject","url":"https:\/\/light24.fi\/wp-content\/uploads\/2020\/12\/sol.jpg","@id":"https:\/\/light24.fi\/fr\/toode\/valisvalgustid\/postvalgustid\/sol\/#mainImage","width":600,"height":600},"primaryImageOfPage":{"@id":"https:\/\/light24.fi\/fr\/toode\/valisvalgustid\/postvalgustid\/sol\/#mainImage"},"datePublished":"2020-12-25T08:38:03+02:00","dateModified":"2024-03-10T18:11:58+02:00"},{"@type":"WebSite","@id":"https:\/\/light24.fi\/fr\/#website","url":"https:\/\/light24.fi\/fr\/","name":"Light24","description":"Lighting E-Shop | Solutions d'\u00e9clairage professionnelles","inLanguage":"fr-FR","publisher":{"@id":"https:\/\/light24.fi\/fr\/#organization"}}]},"og:locale":"fr_FR","og:site_name":"Light24 \u2022 Lighting E-Shop | Solutions d'\u00e9clairage professionnelles","og:type":"article","og:title":"FARO SOL \u2022 Light24","og:url":"https:\/\/light24.fi\/fr\/toode\/valisvalgustid\/postvalgustid\/sol\/","og:image":"https:\/\/light24.fi\/wp-content\/uploads\/2020\/12\/sol.jpg","og:image:secure_url":"https:\/\/light24.fi\/wp-content\/uploads\/2020\/12\/sol.jpg","og:image:width":600,"og:image:height":600,"article:published_time":"2020-12-25T06:38:03+00:00","article:modified_time":"2024-03-10T16:11:58+00:00","article:publisher":"https:\/\/www.facebook.com\/light24.ee","twitter:card":"summary","twitter:title":"FARO SOL \u2022 Light24","twitter:image":"https:\/\/light24.fi\/wp-content\/uploads\/2020\/12\/sol.jpg"},"aioseo_meta_data":{"post_id":"111104","title":null,"description":null,"keywords":[],"keyphrases":{"focus":{"keyphrase":"","score":0,"analysis":{"keyphraseInTitle":{"score":0,"maxScore":9,"error":1}}},"additional":[]},"primary_term":null,"canonical_url":null,"og_title":null,"og_description":null,"og_object_type":"default","og_image_type":"default","og_image_url":null,"og_image_width":null,"og_image_height":null,"og_image_custom_url":null,"og_image_custom_fields":null,"og_video":"","og_custom_url":null,"og_article_section":null,"og_article_tags":[],"twitter_use_og":false,"twitter_card":"default","twitter_image_type":"default","twitter_image_url":null,"twitter_image_custom_url":null,"twitter_image_custom_fields":null,"twitter_title":null,"twitter_description":null,"schema":{"blockGraphs":[],"customGraphs":[],"default":{"data":{"Article":[],"Course":[],"Dataset":[],"FAQPage":[],"Movie":[],"Person":[],"Product":[],"ProductReview":[],"Car":[],"Recipe":[],"Service":[],"SoftwareApplication":[],"WebPage":[]},"graphName":"ItemPage","isEnabled":true},"graphs":[]},"schema_type":"default","schema_type_options":null,"pillar_content":false,"robots_default":true,"robots_noindex":false,"robots_noarchive":false,"robots_nosnippet":false,"robots_nofollow":false,"robots_noimageindex":false,"robots_noodp":false,"robots_notranslate":false,"robots_max_snippet":"-1","robots_max_videopreview":"-1","robots_max_imagepreview":"large","priority":null,"frequency":"default","local_seo":null,"seo_analyzer_scan_date":"2025-10-26 22:45:03","breadcrumb_settings":null,"limit_modified_date":false,"reviewed_by":null,"open_ai":"{\"title\":{\"suggestions\":[],\"usage\":0},\"description\":{\"suggestions\":[],\"usage\":0}}","ai":null,"created":"2022-12-25 06:38:03","updated":"2025-10-26 22:45:03"},"aioseo_breadcrumb":"<div class=\"aioseo-breadcrumbs\"><span class=\"aioseo-breadcrumb\">\n\t<a href=\"https:\/\/light24.fi\/fr\" title=\"Home\">Home<\/a>\n<\/span><span class=\"aioseo-breadcrumb-separator\">&raquo;<\/span><span class=\"aioseo-breadcrumb\">\n\t<a href=\"https:\/\/light24.fi\/fr\/shop\/\" title=\"Boutique en ligne\">Boutique en ligne<\/a>\n<\/span><span class=\"aioseo-breadcrumb-separator\">&raquo;<\/span><span class=\"aioseo-breadcrumb\">\n\t<a href=\"https:\/\/light24.fi\/fr\/product-category\/valisvalgustid\/\" title=\"Luminaires d\u2019ext\u00e9rieur\">Luminaires d\u2019ext\u00e9rieur<\/a>\n<\/span><span class=\"aioseo-breadcrumb-separator\">&raquo;<\/span><span class=\"aioseo-breadcrumb\">\n\t<a href=\"https:\/\/light24.fi\/fr\/product-category\/valisvalgustid\/postvalgustid\/\" title=\"Bornes lumineuses\">Bornes lumineuses<\/a>\n<\/span><span class=\"aioseo-breadcrumb-separator\">&raquo;<\/span><span class=\"aioseo-breadcrumb\">\n\tFARO SOL\n<\/span><\/div>","aioseo_breadcrumb_json":[{"label":"Home","link":"https:\/\/light24.fi\/fr"},{"label":"Boutique en ligne","link":"https:\/\/light24.fi\/fr\/shop\/"},{"label":"Luminaires d\u2019ext\u00e9rieur","link":"https:\/\/light24.fi\/fr\/product-category\/valisvalgustid\/"},{"label":"Bornes lumineuses","link":"https:\/\/light24.fi\/fr\/product-category\/valisvalgustid\/postvalgustid\/"},{"label":"FARO SOL","link":"https:\/\/light24.fi\/fr\/toode\/valisvalgustid\/postvalgustid\/sol\/"}],"_links":{"self":[{"href":"https:\/\/light24.fi\/fr\/wp-json\/wp\/v2\/product\/111104","targetHints":{"allow":["GET"]}}],"collection":[{"href":"https:\/\/light24.fi\/fr\/wp-json\/wp\/v2\/product"}],"about":[{"href":"https:\/\/light24.fi\/fr\/wp-json\/wp\/v2\/types\/product"}],"replies":[{"embeddable":true,"href":"https:\/\/light24.fi\/fr\/wp-json\/wp\/v2\/comments?post=111104"}],"wp:featuredmedia":[{"embeddable":true,"href":"https:\/\/light24.fi\/fr\/wp-json\/wp\/v2\/media\/119137"}],"wp:attachment":[{"href":"https:\/\/light24.fi\/fr\/wp-json\/wp\/v2\/media?parent=111104"}],"wp:term":[{"taxonomy":"product_cat","embeddable":true,"href":"https:\/\/light24.fi\/fr\/wp-json\/wp\/v2\/product_cat?post=111104"},{"taxonomy":"product_tag","embeddable":true,"href":"https:\/\/light24.fi\/fr\/wp-json\/wp\/v2\/product_tag?post=111104"}],"curies":[{"name":"wp","href":"https:\/\/api.w.org\/{rel}","templated":true}]}}