{"id":108262,"date":"2022-10-24T20:47:38","date_gmt":"2022-10-24T17:47:38","guid":{"rendered":"https:\/\/www.light24.ee\/?page_id=108262"},"modified":"2022-10-28T16:37:52","modified_gmt":"2022-10-28T13:37:52","slug":"panelio","status":"publish","type":"page","link":"https:\/\/light24.fi\/lt\/panelio\/","title":{"rendered":"(Eesti) Panelio dekoratiivsed seinapaneelid"},"content":{"rendered":"<p class=\"qtranxs-available-languages-message qtranxs-available-languages-message-lt\">Atsipra\u0161ome, \u0161is puslapis galimas tik <a href=\"https:\/\/light24.fi\/et\/wp-json\/wp\/v2\/pages\/108262\" class=\"qtranxs-available-language-link qtranxs-available-language-link-et\" title=\"Eesti\">Eesti<\/a>, <a href=\"https:\/\/light24.fi\/en\/wp-json\/wp\/v2\/pages\/108262\" class=\"qtranxs-available-language-link qtranxs-available-language-link-en\" title=\"English\">English<\/a>, <a href=\"https:\/\/light24.fi\/ru\/wp-json\/wp\/v2\/pages\/108262\" class=\"qtranxs-available-language-link qtranxs-available-language-link-ru\" title=\"\u0420\u0443\u0441\u0441\u043a\u0438\u0439\">\u0420\u0443\u0441\u0441\u043a\u0438\u0439<\/a>, <a href=\"https:\/\/light24.fi\/fi\/wp-json\/wp\/v2\/pages\/108262\" class=\"qtranxs-available-language-link qtranxs-available-language-link-fi\" title=\"Suomi\">Suomi<\/a> ir <a href=\"https:\/\/light24.fi\/lv\/wp-json\/wp\/v2\/pages\/108262\" class=\"qtranxs-available-language-link qtranxs-available-language-link-lv\" title=\"Latvie\u0161u\">Latvie\u0161u<\/a>.<\/p>\n","protected":false},"excerpt":{"rendered":"<p>Atsipra\u0161ome, \u0161is puslapis galimas tik Eesti, English, \u0420\u0443\u0441\u0441\u043a\u0438\u0439, Suomi ir Latvie\u0161u.<\/p>\n","protected":false},"author":972,"featured_media":99029,"parent":0,"menu_order":0,"comment_status":"closed","ping_status":"closed","template":"page-full-width.php","meta":{"_acf_changed":false,"footnotes":""},"class_list":["post-108262","page","type-page","status-publish","has-post-thumbnail","hentry"],"acf":[],"aioseo_notices":[],"aioseo_head":"\n\t\t<!-- All in One SEO Pro 4.9.5.2 - aioseo.com -->\n\t<meta name=\"description\" content=\"Atsipra\u0161ome, \u0161is puslapis galimas tik Eesti, English, \u0420\u0443\u0441\u0441\u043a\u0438\u0439, Suomi ir Latvie\u0161u.\" \/>\n\t<meta name=\"robots\" content=\"max-image-preview:large\" \/>\n\t<meta name=\"google-site-verification\" content=\"nxgDPK3Ouk6bwvuxlwlzeMOKszmf-8m57RDu5zAgN-Y\" \/>\n\t<link rel=\"canonical\" href=\"https:\/\/light24.fi\/lt\/panelio\/\" \/>\n\t<meta name=\"generator\" content=\"All in One SEO Pro (AIOSEO) 4.9.5.2\" \/>\n\t\t<meta property=\"og:locale\" content=\"lt_LT\" \/>\n\t\t<meta property=\"og:site_name\" content=\"Light24 \u2022 \u0160viestuvai elektronin\u0117 parduotuv\u0117 | Profesional\u016bs ap\u0161vietimo sprendimai\" \/>\n\t\t<meta property=\"og:type\" content=\"article\" \/>\n\t\t<meta property=\"og:title\" content=\"(Eesti) Panelio dekoratiivsed seinapaneelid \u2022 Light24\" \/>\n\t\t<meta property=\"og:description\" content=\"Atsipra\u0161ome, \u0161is puslapis galimas tik Eesti, English, \u0420\u0443\u0441\u0441\u043a\u0438\u0439, Suomi ir Latvie\u0161u.\" \/>\n\t\t<meta property=\"og:url\" content=\"https:\/\/light24.fi\/lt\/panelio\/\" \/>\n\t\t<meta property=\"og:image\" content=\"https:\/\/light24.fi\/wp-content\/uploads\/2022\/02\/far11213-220x150-1.jpg\" \/>\n\t\t<meta property=\"og:image:secure_url\" content=\"https:\/\/light24.fi\/wp-content\/uploads\/2022\/02\/far11213-220x150-1.jpg\" \/>\n\t\t<meta property=\"og:image:width\" content=\"220\" \/>\n\t\t<meta property=\"og:image:height\" content=\"150\" \/>\n\t\t<meta property=\"article:published_time\" content=\"2022-10-24T17:47:38+00:00\" \/>\n\t\t<meta property=\"article:modified_time\" content=\"2022-10-28T13:37:52+00:00\" \/>\n\t\t<meta property=\"article:publisher\" content=\"https:\/\/www.facebook.com\/light24.ee\" \/>\n\t\t<meta name=\"twitter:card\" content=\"summary\" \/>\n\t\t<meta name=\"twitter:title\" content=\"(Eesti) Panelio dekoratiivsed seinapaneelid \u2022 Light24\" \/>\n\t\t<meta name=\"twitter:description\" content=\"Atsipra\u0161ome, \u0161is puslapis galimas tik Eesti, English, \u0420\u0443\u0441\u0441\u043a\u0438\u0439, Suomi ir Latvie\u0161u.\" \/>\n\t\t<meta name=\"twitter:image\" content=\"https:\/\/light24.fi\/wp-content\/uploads\/2022\/02\/far11213-220x150-1.jpg\" \/>\n\t\t<script type=\"application\/ld+json\" class=\"aioseo-schema\">\n\t\t\t{\"@context\":\"https:\\\/\\\/schema.org\",\"@graph\":[{\"@type\":\"BreadcrumbList\",\"@id\":\"https:\\\/\\\/light24.fi\\\/lt\\\/panelio\\\/#breadcrumblist\",\"itemListElement\":[{\"@type\":\"ListItem\",\"@id\":\"https:\\\/\\\/light24.fi\\\/lt#listItem\",\"position\":1,\"name\":\"Home\",\"item\":\"https:\\\/\\\/light24.fi\\\/lt\",\"nextItem\":{\"@type\":\"ListItem\",\"@id\":\"https:\\\/\\\/light24.fi\\\/lt\\\/panelio\\\/#listItem\",\"name\":\"(Eesti) Panelio dekoratiivsed seinapaneelid\"}},{\"@type\":\"ListItem\",\"@id\":\"https:\\\/\\\/light24.fi\\\/lt\\\/panelio\\\/#listItem\",\"position\":2,\"name\":\"(Eesti) Panelio dekoratiivsed seinapaneelid\",\"previousItem\":{\"@type\":\"ListItem\",\"@id\":\"https:\\\/\\\/light24.fi\\\/lt#listItem\",\"name\":\"Home\"}}]},{\"@type\":\"Organization\",\"@id\":\"https:\\\/\\\/light24.fi\\\/lt\\\/#organization\",\"name\":\"Light24\",\"description\":\"\\u0160viestuvai elektronin\\u0117 parduotuv\\u0117 | Profesional\\u016bs ap\\u0161vietimo sprendimai\",\"url\":\"https:\\\/\\\/light24.fi\\\/lt\\\/\",\"telephone\":\"+3725184133\",\"logo\":{\"@type\":\"ImageObject\",\"url\":\"https:\\\/\\\/www.light24.ee\\\/wp-content\\\/uploads\\\/2022\\\/03\\\/Shape-2-3.svg\",\"@id\":\"https:\\\/\\\/light24.fi\\\/lt\\\/panelio\\\/#organizationLogo\"},\"image\":{\"@id\":\"https:\\\/\\\/light24.fi\\\/lt\\\/panelio\\\/#organizationLogo\"},\"sameAs\":[\"https:\\\/\\\/www.facebook.com\\\/light24.ee\",\"https:\\\/\\\/www.instagram.com\\\/light24official\\\/\"]},{\"@type\":\"WebPage\",\"@id\":\"https:\\\/\\\/light24.fi\\\/lt\\\/panelio\\\/#webpage\",\"url\":\"https:\\\/\\\/light24.fi\\\/lt\\\/panelio\\\/\",\"name\":\"(Eesti) Panelio dekoratiivsed seinapaneelid \\u2022 Light24\",\"description\":\"Atsipra\\u0161ome, \\u0161is puslapis galimas tik Eesti, English, \\u0420\\u0443\\u0441\\u0441\\u043a\\u0438\\u0439, Suomi ir Latvie\\u0161u.\",\"inLanguage\":\"lt-LT\",\"isPartOf\":{\"@id\":\"https:\\\/\\\/light24.fi\\\/lt\\\/#website\"},\"breadcrumb\":{\"@id\":\"https:\\\/\\\/light24.fi\\\/lt\\\/panelio\\\/#breadcrumblist\"},\"image\":{\"@type\":\"ImageObject\",\"url\":\"https:\\\/\\\/light24.fi\\\/wp-content\\\/uploads\\\/2022\\\/02\\\/far11213-220x150-1.jpg\",\"@id\":\"https:\\\/\\\/light24.fi\\\/lt\\\/panelio\\\/#mainImage\",\"width\":220,\"height\":150},\"primaryImageOfPage\":{\"@id\":\"https:\\\/\\\/light24.fi\\\/lt\\\/panelio\\\/#mainImage\"},\"datePublished\":\"2022-10-24T20:47:38+03:00\",\"dateModified\":\"2022-10-28T16:37:52+03:00\"},{\"@type\":\"WebSite\",\"@id\":\"https:\\\/\\\/light24.fi\\\/lt\\\/#website\",\"url\":\"https:\\\/\\\/light24.fi\\\/lt\\\/\",\"name\":\"Light24\",\"description\":\"\\u0160viestuvai elektronin\\u0117 parduotuv\\u0117 | Profesional\\u016bs ap\\u0161vietimo sprendimai\",\"inLanguage\":\"lt-LT\",\"publisher\":{\"@id\":\"https:\\\/\\\/light24.fi\\\/lt\\\/#organization\"}}]}\n\t\t<\/script>\n\t\t<!-- All in One SEO Pro -->\r\n\t\t<title>(Eesti) Panelio dekoratiivsed seinapaneelid \u2022 Light24<\/title>\n\n","aioseo_head_json":{"title":"(Eesti) Panelio dekoratiivsed seinapaneelid \u2022 Light24","description":"Atsipra\u0161ome, \u0161is puslapis galimas tik Eesti, English, \u0420\u0443\u0441\u0441\u043a\u0438\u0439, Suomi ir Latvie\u0161u.","canonical_url":"https:\/\/light24.fi\/lt\/panelio\/","robots":"max-image-preview:large","keywords":"","webmasterTools":{"google-site-verification":"nxgDPK3Ouk6bwvuxlwlzeMOKszmf-8m57RDu5zAgN-Y","miscellaneous":""},"schema":{"@context":"https:\/\/schema.org","@graph":[{"@type":"BreadcrumbList","@id":"https:\/\/light24.fi\/lt\/panelio\/#breadcrumblist","itemListElement":[{"@type":"ListItem","@id":"https:\/\/light24.fi\/lt#listItem","position":1,"name":"Home","item":"https:\/\/light24.fi\/lt","nextItem":{"@type":"ListItem","@id":"https:\/\/light24.fi\/lt\/panelio\/#listItem","name":"(Eesti) Panelio dekoratiivsed seinapaneelid"}},{"@type":"ListItem","@id":"https:\/\/light24.fi\/lt\/panelio\/#listItem","position":2,"name":"(Eesti) Panelio dekoratiivsed seinapaneelid","previousItem":{"@type":"ListItem","@id":"https:\/\/light24.fi\/lt#listItem","name":"Home"}}]},{"@type":"Organization","@id":"https:\/\/light24.fi\/lt\/#organization","name":"Light24","description":"\u0160viestuvai elektronin\u0117 parduotuv\u0117 | Profesional\u016bs ap\u0161vietimo sprendimai","url":"https:\/\/light24.fi\/lt\/","telephone":"+3725184133","logo":{"@type":"ImageObject","url":"https:\/\/www.light24.ee\/wp-content\/uploads\/2022\/03\/Shape-2-3.svg","@id":"https:\/\/light24.fi\/lt\/panelio\/#organizationLogo"},"image":{"@id":"https:\/\/light24.fi\/lt\/panelio\/#organizationLogo"},"sameAs":["https:\/\/www.facebook.com\/light24.ee","https:\/\/www.instagram.com\/light24official\/"]},{"@type":"WebPage","@id":"https:\/\/light24.fi\/lt\/panelio\/#webpage","url":"https:\/\/light24.fi\/lt\/panelio\/","name":"(Eesti) Panelio dekoratiivsed seinapaneelid \u2022 Light24","description":"Atsipra\u0161ome, \u0161is puslapis galimas tik Eesti, English, \u0420\u0443\u0441\u0441\u043a\u0438\u0439, Suomi ir Latvie\u0161u.","inLanguage":"lt-LT","isPartOf":{"@id":"https:\/\/light24.fi\/lt\/#website"},"breadcrumb":{"@id":"https:\/\/light24.fi\/lt\/panelio\/#breadcrumblist"},"image":{"@type":"ImageObject","url":"https:\/\/light24.fi\/wp-content\/uploads\/2022\/02\/far11213-220x150-1.jpg","@id":"https:\/\/light24.fi\/lt\/panelio\/#mainImage","width":220,"height":150},"primaryImageOfPage":{"@id":"https:\/\/light24.fi\/lt\/panelio\/#mainImage"},"datePublished":"2022-10-24T20:47:38+03:00","dateModified":"2022-10-28T16:37:52+03:00"},{"@type":"WebSite","@id":"https:\/\/light24.fi\/lt\/#website","url":"https:\/\/light24.fi\/lt\/","name":"Light24","description":"\u0160viestuvai elektronin\u0117 parduotuv\u0117 | Profesional\u016bs ap\u0161vietimo sprendimai","inLanguage":"lt-LT","publisher":{"@id":"https:\/\/light24.fi\/lt\/#organization"}}]},"og:locale":"lt_LT","og:site_name":"Light24 \u2022 \u0160viestuvai elektronin\u0117 parduotuv\u0117 | Profesional\u016bs ap\u0161vietimo sprendimai","og:type":"article","og:title":"(Eesti) Panelio dekoratiivsed seinapaneelid \u2022 Light24","og:description":"Atsipra\u0161ome, \u0161is puslapis galimas tik Eesti, English, \u0420\u0443\u0441\u0441\u043a\u0438\u0439, Suomi ir Latvie\u0161u.","og:url":"https:\/\/light24.fi\/lt\/panelio\/","og:image":"https:\/\/light24.fi\/wp-content\/uploads\/2022\/02\/far11213-220x150-1.jpg","og:image:secure_url":"https:\/\/light24.fi\/wp-content\/uploads\/2022\/02\/far11213-220x150-1.jpg","og:image:width":220,"og:image:height":150,"article:published_time":"2022-10-24T17:47:38+00:00","article:modified_time":"2022-10-28T13:37:52+00:00","article:publisher":"https:\/\/www.facebook.com\/light24.ee","twitter:card":"summary","twitter:title":"(Eesti) Panelio dekoratiivsed seinapaneelid \u2022 Light24","twitter:description":"Atsipra\u0161ome, \u0161is puslapis galimas tik Eesti, English, \u0420\u0443\u0441\u0441\u043a\u0438\u0439, Suomi ir Latvie\u0161u.","twitter:image":"https:\/\/light24.fi\/wp-content\/uploads\/2022\/02\/far11213-220x150-1.jpg"},"aioseo_meta_data":{"post_id":"108262","title":null,"description":null,"keywords":[],"keyphrases":{"focus":{"keyphrase":"","score":0,"analysis":{"keyphraseInTitle":{"score":0,"maxScore":9,"error":1}}},"additional":[]},"primary_term":null,"canonical_url":null,"og_title":null,"og_description":null,"og_object_type":"default","og_image_type":"default","og_image_url":null,"og_image_width":null,"og_image_height":null,"og_image_custom_url":null,"og_image_custom_fields":null,"og_video":"","og_custom_url":null,"og_article_section":null,"og_article_tags":[],"twitter_use_og":false,"twitter_card":"default","twitter_image_type":"default","twitter_image_url":null,"twitter_image_custom_url":null,"twitter_image_custom_fields":null,"twitter_title":null,"twitter_description":null,"schema":{"blockGraphs":[],"customGraphs":[],"default":{"data":{"Article":[],"Course":[],"Dataset":[],"FAQPage":[],"Movie":[],"Person":[],"Product":[],"ProductReview":[],"Car":[],"Recipe":[],"Service":[],"SoftwareApplication":[],"WebPage":[]},"graphName":"WebPage","isEnabled":true},"graphs":[]},"schema_type":"default","schema_type_options":"{\"article\":{\"articleType\":\"BlogPosting\"},\"course\":{\"name\":\"\",\"description\":\"\",\"provider\":\"\"},\"faq\":{\"pages\":[]},\"product\":{\"reviews\":[]},\"recipe\":{\"ingredients\":[],\"instructions\":[],\"keywords\":[]},\"software\":{\"reviews\":[],\"operatingSystems\":[]},\"webPage\":{\"webPageType\":\"WebPage\"}}","pillar_content":false,"robots_default":true,"robots_noindex":false,"robots_noarchive":false,"robots_nosnippet":false,"robots_nofollow":false,"robots_noimageindex":false,"robots_noodp":false,"robots_notranslate":false,"robots_max_snippet":"-1","robots_max_videopreview":"-1","robots_max_imagepreview":"large","priority":null,"frequency":"default","local_seo":null,"seo_analyzer_scan_date":"2025-10-26 20:07:19","breadcrumb_settings":null,"limit_modified_date":false,"reviewed_by":null,"open_ai":null,"ai":null,"created":"2022-10-24 17:47:38","updated":"2025-10-26 20:07:19"},"aioseo_breadcrumb":"<div class=\"aioseo-breadcrumbs\"><span class=\"aioseo-breadcrumb\">\n\t<a href=\"https:\/\/light24.fi\/lt\" title=\"Home\">Home<\/a>\n<\/span><span class=\"aioseo-breadcrumb-separator\">&raquo;<\/span><span class=\"aioseo-breadcrumb\">\n\t(Eesti) Panelio dekoratiivsed seinapaneelid\n<\/span><\/div>","aioseo_breadcrumb_json":[{"label":"Home","link":"https:\/\/light24.fi\/lt"},{"label":"(Eesti) Panelio dekoratiivsed seinapaneelid","link":"https:\/\/light24.fi\/lt\/panelio\/"}],"_links":{"self":[{"href":"https:\/\/light24.fi\/lt\/wp-json\/wp\/v2\/pages\/108262","targetHints":{"allow":["GET"]}}],"collection":[{"href":"https:\/\/light24.fi\/lt\/wp-json\/wp\/v2\/pages"}],"about":[{"href":"https:\/\/light24.fi\/lt\/wp-json\/wp\/v2\/types\/page"}],"author":[{"embeddable":true,"href":"https:\/\/light24.fi\/lt\/wp-json\/wp\/v2\/users\/972"}],"replies":[{"embeddable":true,"href":"https:\/\/light24.fi\/lt\/wp-json\/wp\/v2\/comments?post=108262"}],"version-history":[{"count":0,"href":"https:\/\/light24.fi\/lt\/wp-json\/wp\/v2\/pages\/108262\/revisions"}],"wp:featuredmedia":[{"embeddable":true,"href":"https:\/\/light24.fi\/lt\/wp-json\/wp\/v2\/media\/99029"}],"wp:attachment":[{"href":"https:\/\/light24.fi\/lt\/wp-json\/wp\/v2\/media?parent=108262"}],"curies":[{"name":"wp","href":"https:\/\/api.w.org\/{rel}","templated":true}]}}