{"id":124133,"date":"2023-12-07T10:12:01","date_gmt":"2023-12-07T08:12:01","guid":{"rendered":"https:\/\/light24.ee\/?post_type=product&#038;p=124133"},"modified":"2025-12-03T09:23:08","modified_gmt":"2025-12-03T07:23:08","slug":"essential-right-left","status":"publish","type":"product","link":"https:\/\/light24.fi\/lt\/toode\/siseruumide_valgustid\/seinavalgustid\/essential-right-left\/","title":{"rendered":"Redo Essential right\/left 1*E14"},"content":{"rendered":"<p class=\"qtranxs-available-languages-message qtranxs-available-languages-message-lt\">Atsipra\u0161ome, \u0161is puslapis galimas tik <a href=\"https:\/\/light24.fi\/et\/wp-json\/wp\/v2\/product\/124133\" class=\"qtranxs-available-language-link qtranxs-available-language-link-et\" title=\"Eesti\">Eesti<\/a>, <a href=\"https:\/\/light24.fi\/en\/wp-json\/wp\/v2\/product\/124133\" class=\"qtranxs-available-language-link qtranxs-available-language-link-en\" title=\"English\">English<\/a>, <a href=\"https:\/\/light24.fi\/ru\/wp-json\/wp\/v2\/product\/124133\" class=\"qtranxs-available-language-link qtranxs-available-language-link-ru\" title=\"\u0420\u0443\u0441\u0441\u043a\u0438\u0439\">\u0420\u0443\u0441\u0441\u043a\u0438\u0439<\/a>, <a href=\"https:\/\/light24.fi\/fi\/wp-json\/wp\/v2\/product\/124133\" class=\"qtranxs-available-language-link qtranxs-available-language-link-fi\" title=\"Suomi\">Suomi<\/a> ir <a href=\"https:\/\/light24.fi\/lv\/wp-json\/wp\/v2\/product\/124133\" class=\"qtranxs-available-language-link qtranxs-available-language-link-lv\" title=\"Latvie\u0161u\">Latvie\u0161u<\/a>.<\/p>","protected":false},"excerpt":{"rendered":"<p>Atsipra\u0161ome, \u0161is puslapis galimas tik Eesti, English, \u0420\u0443\u0441\u0441\u043a\u0438\u0439, Suomi ir Latvie\u0161u.<\/p>\n","protected":false},"featured_media":124134,"comment_status":"closed","ping_status":"closed","template":"","meta":{"_acf_changed":false},"product_cat":[7280,249],"product_tag":[8035],"class_list":{"0":"post-124133","1":"product","2":"type-product","3":"status-publish","4":"has-post-thumbnail","6":"product_cat-siseruumide_valgustid","7":"product_cat-seinavalgustid","8":"product_tag-redo","9":"product_shipping_class-standard","10":"pa_ip-kaitseklass-1123","11":"pa_materjal-metall","12":"pa_materjal-klaas","13":"pa_moodud-left","14":"pa_moodud-right","15":"pa_ruumid-elutuba","16":"pa_ruumid-soogituba","17":"pa_ruumid-magamistuba","18":"pa_ruumid-kook","19":"pa_ruumid-esik_ja_trepihall","20":"pa_ruumid-kodukontor","21":"pa_ruumid-hotellid-ja-restoranid","22":"pa_tarneaeg-2-3-nadalat","23":"pa_tehnilised-andmed-16w-led-e14","24":"pa_valgusallikas-komplektis-ei","25":"pa_varv-kuldne","27":"first","28":"instock","29":"taxable","30":"shipping-taxable","31":"purchasable","32":"product-type-variable"},"acf":[],"aioseo_notices":[],"aioseo_head":"\n\t\t<!-- All in One SEO Pro 4.9.6 - aioseo.com -->\n\t<meta name=\"description\" content=\"Atsipra\u0161ome, \u0161is puslapis galimas tik Eesti, English, \u0420\u0443\u0441\u0441\u043a\u0438\u0439, Suomi ir Latvie\u0161u.\" \/>\n\t<meta name=\"robots\" content=\"max-image-preview:large\" \/>\n\t<meta name=\"google-site-verification\" content=\"nxgDPK3Ouk6bwvuxlwlzeMOKszmf-8m57RDu5zAgN-Y\" \/>\n\t<link rel=\"canonical\" href=\"https:\/\/light24.fi\/lt\/toode\/siseruumide_valgustid\/seinavalgustid\/essential-right-left\/\" \/>\n\t<meta name=\"generator\" content=\"All in One SEO Pro (AIOSEO) 4.9.6\" \/>\n\t\t<meta property=\"og:locale\" content=\"lt_LT\" \/>\n\t\t<meta property=\"og:site_name\" content=\"Light24 \u2022 \u0160viestuvai elektronin\u0117 parduotuv\u0117 | Profesional\u016bs ap\u0161vietimo sprendimai\" \/>\n\t\t<meta property=\"og:type\" content=\"article\" \/>\n\t\t<meta property=\"og:title\" content=\"Redo Essential right\/left 1*E14 \u2022 Light24\" \/>\n\t\t<meta property=\"og:description\" content=\"Atsipra\u0161ome, \u0161is puslapis galimas tik Eesti, English, \u0420\u0443\u0441\u0441\u043a\u0438\u0439, Suomi ir Latvie\u0161u.\" \/>\n\t\t<meta property=\"og:url\" content=\"https:\/\/light24.fi\/lt\/toode\/siseruumide_valgustid\/seinavalgustid\/essential-right-left\/\" \/>\n\t\t<meta property=\"og:image\" content=\"https:\/\/light24.fi\/wp-content\/uploads\/2023\/12\/seinavalgusti_redo_01-2944.jpg\" \/>\n\t\t<meta property=\"og:image:secure_url\" content=\"https:\/\/light24.fi\/wp-content\/uploads\/2023\/12\/seinavalgusti_redo_01-2944.jpg\" \/>\n\t\t<meta property=\"og:image:width\" content=\"800\" \/>\n\t\t<meta property=\"og:image:height\" content=\"800\" \/>\n\t\t<meta property=\"article:published_time\" content=\"2023-12-07T08:12:01+00:00\" \/>\n\t\t<meta property=\"article:modified_time\" content=\"2025-12-03T07:23:08+00:00\" \/>\n\t\t<meta property=\"article:publisher\" content=\"https:\/\/www.facebook.com\/light24.ee\" \/>\n\t\t<meta name=\"twitter:card\" content=\"summary\" \/>\n\t\t<meta name=\"twitter:title\" content=\"Redo Essential right\/left 1*E14 \u2022 Light24\" \/>\n\t\t<meta name=\"twitter:description\" content=\"Atsipra\u0161ome, \u0161is puslapis galimas tik Eesti, English, \u0420\u0443\u0441\u0441\u043a\u0438\u0439, Suomi ir Latvie\u0161u.\" \/>\n\t\t<meta name=\"twitter:image\" content=\"https:\/\/light24.fi\/wp-content\/uploads\/2023\/12\/seinavalgusti_redo_01-2944.jpg\" \/>\n\t\t<script type=\"application\/ld+json\" class=\"aioseo-schema\">\n\t\t\t{\"@context\":\"https:\\\/\\\/schema.org\",\"@graph\":[{\"@type\":\"BreadcrumbList\",\"@id\":\"https:\\\/\\\/light24.fi\\\/lt\\\/toode\\\/siseruumide_valgustid\\\/seinavalgustid\\\/essential-right-left\\\/#breadcrumblist\",\"itemListElement\":[{\"@type\":\"ListItem\",\"@id\":\"https:\\\/\\\/light24.fi\\\/lt#listItem\",\"position\":1,\"name\":\"Home\",\"item\":\"https:\\\/\\\/light24.fi\\\/lt\",\"nextItem\":{\"@type\":\"ListItem\",\"@id\":\"https:\\\/\\\/light24.fi\\\/lt\\\/shop\\\/#listItem\",\"name\":\"Parduotuv\\u0117\"}},{\"@type\":\"ListItem\",\"@id\":\"https:\\\/\\\/light24.fi\\\/lt\\\/shop\\\/#listItem\",\"position\":2,\"name\":\"Parduotuv\\u0117\",\"item\":\"https:\\\/\\\/light24.fi\\\/lt\\\/shop\\\/\",\"nextItem\":{\"@type\":\"ListItem\",\"@id\":\"https:\\\/\\\/light24.fi\\\/lt\\\/product-category\\\/siseruumide_valgustid\\\/#listItem\",\"name\":\"Vidaus patalp\\u0173 \\u0161viestuvai\"},\"previousItem\":{\"@type\":\"ListItem\",\"@id\":\"https:\\\/\\\/light24.fi\\\/lt#listItem\",\"name\":\"Home\"}},{\"@type\":\"ListItem\",\"@id\":\"https:\\\/\\\/light24.fi\\\/lt\\\/product-category\\\/siseruumide_valgustid\\\/#listItem\",\"position\":3,\"name\":\"Vidaus patalp\\u0173 \\u0161viestuvai\",\"item\":\"https:\\\/\\\/light24.fi\\\/lt\\\/product-category\\\/siseruumide_valgustid\\\/\",\"nextItem\":{\"@type\":\"ListItem\",\"@id\":\"https:\\\/\\\/light24.fi\\\/lt\\\/product-category\\\/siseruumide_valgustid\\\/seinavalgustid\\\/#listItem\",\"name\":\"Sieniniai \\u0161viestuvai\"},\"previousItem\":{\"@type\":\"ListItem\",\"@id\":\"https:\\\/\\\/light24.fi\\\/lt\\\/shop\\\/#listItem\",\"name\":\"Parduotuv\\u0117\"}},{\"@type\":\"ListItem\",\"@id\":\"https:\\\/\\\/light24.fi\\\/lt\\\/product-category\\\/siseruumide_valgustid\\\/seinavalgustid\\\/#listItem\",\"position\":4,\"name\":\"Sieniniai \\u0161viestuvai\",\"item\":\"https:\\\/\\\/light24.fi\\\/lt\\\/product-category\\\/siseruumide_valgustid\\\/seinavalgustid\\\/\",\"nextItem\":{\"@type\":\"ListItem\",\"@id\":\"https:\\\/\\\/light24.fi\\\/lt\\\/toode\\\/siseruumide_valgustid\\\/seinavalgustid\\\/essential-right-left\\\/#listItem\",\"name\":\"Redo Essential right\\\/left 1*E14\"},\"previousItem\":{\"@type\":\"ListItem\",\"@id\":\"https:\\\/\\\/light24.fi\\\/lt\\\/product-category\\\/siseruumide_valgustid\\\/#listItem\",\"name\":\"Vidaus patalp\\u0173 \\u0161viestuvai\"}},{\"@type\":\"ListItem\",\"@id\":\"https:\\\/\\\/light24.fi\\\/lt\\\/toode\\\/siseruumide_valgustid\\\/seinavalgustid\\\/essential-right-left\\\/#listItem\",\"position\":5,\"name\":\"Redo Essential right\\\/left 1*E14\",\"previousItem\":{\"@type\":\"ListItem\",\"@id\":\"https:\\\/\\\/light24.fi\\\/lt\\\/product-category\\\/siseruumide_valgustid\\\/seinavalgustid\\\/#listItem\",\"name\":\"Sieniniai \\u0161viestuvai\"}}]},{\"@type\":\"Organization\",\"@id\":\"https:\\\/\\\/light24.fi\\\/lt\\\/#organization\",\"name\":\"Light24\",\"description\":\"\\u0160viestuvai elektronin\\u0117 parduotuv\\u0117 | Profesional\\u016bs ap\\u0161vietimo sprendimai\",\"url\":\"https:\\\/\\\/light24.fi\\\/lt\\\/\",\"telephone\":\"+3725184133\",\"logo\":{\"@type\":\"ImageObject\",\"url\":\"https:\\\/\\\/www.light24.ee\\\/wp-content\\\/uploads\\\/2022\\\/03\\\/Shape-2-3.svg\",\"@id\":\"https:\\\/\\\/light24.fi\\\/lt\\\/toode\\\/siseruumide_valgustid\\\/seinavalgustid\\\/essential-right-left\\\/#organizationLogo\"},\"image\":{\"@id\":\"https:\\\/\\\/light24.fi\\\/lt\\\/toode\\\/siseruumide_valgustid\\\/seinavalgustid\\\/essential-right-left\\\/#organizationLogo\"},\"sameAs\":[\"https:\\\/\\\/www.facebook.com\\\/light24.ee\",\"https:\\\/\\\/www.instagram.com\\\/light24official\\\/\"]},{\"@type\":\"ProductGroup\",\"@id\":\"https:\\\/\\\/light24.fi\\\/lt\\\/toode\\\/siseruumide_valgustid\\\/seinavalgustid\\\/essential-right-left\\\/#wooCommerceProduct\",\"name\":\"Redo Essential right\\\/left 1*E14\",\"url\":\"https:\\\/\\\/light24.fi\\\/lt\\\/toode\\\/siseruumide_valgustid\\\/seinavalgustid\\\/essential-right-left\\\/\",\"sku\":\"RED100119\",\"image\":{\"@type\":\"ImageObject\",\"url\":\"https:\\\/\\\/light24.fi\\\/wp-content\\\/uploads\\\/2023\\\/12\\\/seinavalgusti_redo_01-2944.jpg\",\"@id\":\"https:\\\/\\\/light24.fi\\\/lt\\\/toode\\\/siseruumide_valgustid\\\/seinavalgustid\\\/essential-right-left\\\/#productImage\",\"width\":800,\"height\":800},\"productGroupID\":124133,\"hasVariant\":[{\"@type\":\"Product\",\"@id\":\"https:\\\/\\\/light24.fi\\\/lt\\\/toode\\\/siseruumide_valgustid\\\/seinavalgustid\\\/essential-right-left\\\/#wooCommerceProduct\",\"name\":\"Redo Essential right\\\/left 1*E14 - left\",\"url\":\"https:\\\/\\\/light24.fi\\\/lt\\\/toode\\\/siseruumide_valgustid\\\/seinavalgustid\\\/essential-right-left\\\/\",\"sku\":\"RED100119\",\"image\":{\"@type\":\"ImageObject\",\"url\":\"https:\\\/\\\/light24.fi\\\/wp-content\\\/uploads\\\/2023\\\/12\\\/seinavalgusti_redo_01-2945.jpg\",\"@id\":\"https:\\\/\\\/light24.fi\\\/lt\\\/toode\\\/siseruumide_valgustid\\\/seinavalgustid\\\/essential-right-left\\\/#productImage\",\"width\":800,\"height\":800},\"offers\":{\"@type\":\"Offer\",\"url\":\"https:\\\/\\\/light24.fi\\\/lt\\\/toode\\\/siseruumide_valgustid\\\/seinavalgustid\\\/essential-right-left\\\/#wooCommerceOffer\",\"price\":\"30\",\"priceCurrency\":\"EUR\",\"category\":\"Vidaus patalp\\u0173 \\u0161viestuvai\",\"availability\":\"https:\\\/\\\/schema.org\\\/InStock\",\"priceSpecification\":{\"@type\":\"PriceSpecification\",\"price\":30,\"priceCurrency\":\"EUR\",\"valueAddedTaxIncluded\":\"true\"}}},{\"@type\":\"Product\",\"@id\":\"https:\\\/\\\/light24.fi\\\/lt\\\/toode\\\/siseruumide_valgustid\\\/seinavalgustid\\\/essential-right-left\\\/#wooCommerceProduct\",\"name\":\"Redo Essential right\\\/left 1*E14 - right\",\"url\":\"https:\\\/\\\/light24.fi\\\/lt\\\/toode\\\/siseruumide_valgustid\\\/seinavalgustid\\\/essential-right-left\\\/\",\"sku\":\"RED100119\",\"image\":{\"@type\":\"ImageObject\",\"url\":\"https:\\\/\\\/light24.fi\\\/wp-content\\\/uploads\\\/2023\\\/12\\\/seinavalgusti_redo_01-2944.jpg\",\"@id\":\"https:\\\/\\\/light24.fi\\\/lt\\\/toode\\\/siseruumide_valgustid\\\/seinavalgustid\\\/essential-right-left\\\/#productImage\",\"width\":800,\"height\":800},\"offers\":{\"@type\":\"Offer\",\"url\":\"https:\\\/\\\/light24.fi\\\/lt\\\/toode\\\/siseruumide_valgustid\\\/seinavalgustid\\\/essential-right-left\\\/#wooCommerceOffer\",\"price\":\"30\",\"priceCurrency\":\"EUR\",\"category\":\"Vidaus patalp\\u0173 \\u0161viestuvai\",\"availability\":\"https:\\\/\\\/schema.org\\\/InStock\",\"priceSpecification\":{\"@type\":\"PriceSpecification\",\"price\":30,\"priceCurrency\":\"EUR\",\"valueAddedTaxIncluded\":\"true\"}}}]},{\"@type\":\"WebPage\",\"@id\":\"https:\\\/\\\/light24.fi\\\/lt\\\/toode\\\/siseruumide_valgustid\\\/seinavalgustid\\\/essential-right-left\\\/#webpage\",\"url\":\"https:\\\/\\\/light24.fi\\\/lt\\\/toode\\\/siseruumide_valgustid\\\/seinavalgustid\\\/essential-right-left\\\/\",\"name\":\"Redo Essential right\\\/left 1*E14 \\u2022 Light24\",\"description\":\"Atsipra\\u0161ome, \\u0161is puslapis galimas tik Eesti, English, \\u0420\\u0443\\u0441\\u0441\\u043a\\u0438\\u0439, Suomi ir Latvie\\u0161u.\",\"inLanguage\":\"lt-LT\",\"isPartOf\":{\"@id\":\"https:\\\/\\\/light24.fi\\\/lt\\\/#website\"},\"breadcrumb\":{\"@id\":\"https:\\\/\\\/light24.fi\\\/lt\\\/toode\\\/siseruumide_valgustid\\\/seinavalgustid\\\/essential-right-left\\\/#breadcrumblist\"},\"image\":{\"@type\":\"ImageObject\",\"url\":\"https:\\\/\\\/light24.fi\\\/wp-content\\\/uploads\\\/2023\\\/12\\\/seinavalgusti_redo_01-2944.jpg\",\"@id\":\"https:\\\/\\\/light24.fi\\\/lt\\\/toode\\\/siseruumide_valgustid\\\/seinavalgustid\\\/essential-right-left\\\/#mainImage\",\"width\":800,\"height\":800},\"primaryImageOfPage\":{\"@id\":\"https:\\\/\\\/light24.fi\\\/lt\\\/toode\\\/siseruumide_valgustid\\\/seinavalgustid\\\/essential-right-left\\\/#mainImage\"},\"datePublished\":\"2023-12-07T10:12:01+02:00\",\"dateModified\":\"2025-12-03T09:23:08+02:00\"},{\"@type\":\"WebSite\",\"@id\":\"https:\\\/\\\/light24.fi\\\/lt\\\/#website\",\"url\":\"https:\\\/\\\/light24.fi\\\/lt\\\/\",\"name\":\"Light24\",\"description\":\"\\u0160viestuvai elektronin\\u0117 parduotuv\\u0117 | Profesional\\u016bs ap\\u0161vietimo sprendimai\",\"inLanguage\":\"lt-LT\",\"publisher\":{\"@id\":\"https:\\\/\\\/light24.fi\\\/lt\\\/#organization\"}}]}\n\t\t<\/script>\n\t\t<!-- All in One SEO Pro -->\r\n\t\t<title>Redo Essential right\/left 1*E14 \u2022 Light24<\/title>\n\n","aioseo_head_json":{"title":"Redo Essential right\/left 1*E14 \u2022 Light24","description":"Atsipra\u0161ome, \u0161is puslapis galimas tik Eesti, English, \u0420\u0443\u0441\u0441\u043a\u0438\u0439, Suomi ir Latvie\u0161u.","canonical_url":"https:\/\/light24.fi\/lt\/toode\/siseruumide_valgustid\/seinavalgustid\/essential-right-left\/","robots":"max-image-preview:large","keywords":"","webmasterTools":{"google-site-verification":"nxgDPK3Ouk6bwvuxlwlzeMOKszmf-8m57RDu5zAgN-Y","miscellaneous":""},"schema":{"@context":"https:\/\/schema.org","@graph":[{"@type":"BreadcrumbList","@id":"https:\/\/light24.fi\/lt\/toode\/siseruumide_valgustid\/seinavalgustid\/essential-right-left\/#breadcrumblist","itemListElement":[{"@type":"ListItem","@id":"https:\/\/light24.fi\/lt#listItem","position":1,"name":"Home","item":"https:\/\/light24.fi\/lt","nextItem":{"@type":"ListItem","@id":"https:\/\/light24.fi\/lt\/shop\/#listItem","name":"Parduotuv\u0117"}},{"@type":"ListItem","@id":"https:\/\/light24.fi\/lt\/shop\/#listItem","position":2,"name":"Parduotuv\u0117","item":"https:\/\/light24.fi\/lt\/shop\/","nextItem":{"@type":"ListItem","@id":"https:\/\/light24.fi\/lt\/product-category\/siseruumide_valgustid\/#listItem","name":"Vidaus patalp\u0173 \u0161viestuvai"},"previousItem":{"@type":"ListItem","@id":"https:\/\/light24.fi\/lt#listItem","name":"Home"}},{"@type":"ListItem","@id":"https:\/\/light24.fi\/lt\/product-category\/siseruumide_valgustid\/#listItem","position":3,"name":"Vidaus patalp\u0173 \u0161viestuvai","item":"https:\/\/light24.fi\/lt\/product-category\/siseruumide_valgustid\/","nextItem":{"@type":"ListItem","@id":"https:\/\/light24.fi\/lt\/product-category\/siseruumide_valgustid\/seinavalgustid\/#listItem","name":"Sieniniai \u0161viestuvai"},"previousItem":{"@type":"ListItem","@id":"https:\/\/light24.fi\/lt\/shop\/#listItem","name":"Parduotuv\u0117"}},{"@type":"ListItem","@id":"https:\/\/light24.fi\/lt\/product-category\/siseruumide_valgustid\/seinavalgustid\/#listItem","position":4,"name":"Sieniniai \u0161viestuvai","item":"https:\/\/light24.fi\/lt\/product-category\/siseruumide_valgustid\/seinavalgustid\/","nextItem":{"@type":"ListItem","@id":"https:\/\/light24.fi\/lt\/toode\/siseruumide_valgustid\/seinavalgustid\/essential-right-left\/#listItem","name":"Redo Essential right\/left 1*E14"},"previousItem":{"@type":"ListItem","@id":"https:\/\/light24.fi\/lt\/product-category\/siseruumide_valgustid\/#listItem","name":"Vidaus patalp\u0173 \u0161viestuvai"}},{"@type":"ListItem","@id":"https:\/\/light24.fi\/lt\/toode\/siseruumide_valgustid\/seinavalgustid\/essential-right-left\/#listItem","position":5,"name":"Redo Essential right\/left 1*E14","previousItem":{"@type":"ListItem","@id":"https:\/\/light24.fi\/lt\/product-category\/siseruumide_valgustid\/seinavalgustid\/#listItem","name":"Sieniniai \u0161viestuvai"}}]},{"@type":"Organization","@id":"https:\/\/light24.fi\/lt\/#organization","name":"Light24","description":"\u0160viestuvai elektronin\u0117 parduotuv\u0117 | Profesional\u016bs ap\u0161vietimo sprendimai","url":"https:\/\/light24.fi\/lt\/","telephone":"+3725184133","logo":{"@type":"ImageObject","url":"https:\/\/www.light24.ee\/wp-content\/uploads\/2022\/03\/Shape-2-3.svg","@id":"https:\/\/light24.fi\/lt\/toode\/siseruumide_valgustid\/seinavalgustid\/essential-right-left\/#organizationLogo"},"image":{"@id":"https:\/\/light24.fi\/lt\/toode\/siseruumide_valgustid\/seinavalgustid\/essential-right-left\/#organizationLogo"},"sameAs":["https:\/\/www.facebook.com\/light24.ee","https:\/\/www.instagram.com\/light24official\/"]},{"@type":"ProductGroup","@id":"https:\/\/light24.fi\/lt\/toode\/siseruumide_valgustid\/seinavalgustid\/essential-right-left\/#wooCommerceProduct","name":"Redo Essential right\/left 1*E14","url":"https:\/\/light24.fi\/lt\/toode\/siseruumide_valgustid\/seinavalgustid\/essential-right-left\/","sku":"RED100119","image":{"@type":"ImageObject","url":"https:\/\/light24.fi\/wp-content\/uploads\/2023\/12\/seinavalgusti_redo_01-2944.jpg","@id":"https:\/\/light24.fi\/lt\/toode\/siseruumide_valgustid\/seinavalgustid\/essential-right-left\/#productImage","width":800,"height":800},"productGroupID":124133,"hasVariant":[{"@type":"Product","@id":"https:\/\/light24.fi\/lt\/toode\/siseruumide_valgustid\/seinavalgustid\/essential-right-left\/#wooCommerceProduct","name":"Redo Essential right\/left 1*E14 - left","url":"https:\/\/light24.fi\/lt\/toode\/siseruumide_valgustid\/seinavalgustid\/essential-right-left\/","sku":"RED100119","image":{"@type":"ImageObject","url":"https:\/\/light24.fi\/wp-content\/uploads\/2023\/12\/seinavalgusti_redo_01-2945.jpg","@id":"https:\/\/light24.fi\/lt\/toode\/siseruumide_valgustid\/seinavalgustid\/essential-right-left\/#productImage","width":800,"height":800},"offers":{"@type":"Offer","url":"https:\/\/light24.fi\/lt\/toode\/siseruumide_valgustid\/seinavalgustid\/essential-right-left\/#wooCommerceOffer","price":"30","priceCurrency":"EUR","category":"Vidaus patalp\u0173 \u0161viestuvai","availability":"https:\/\/schema.org\/InStock","priceSpecification":{"@type":"PriceSpecification","price":30,"priceCurrency":"EUR","valueAddedTaxIncluded":"true"}}},{"@type":"Product","@id":"https:\/\/light24.fi\/lt\/toode\/siseruumide_valgustid\/seinavalgustid\/essential-right-left\/#wooCommerceProduct","name":"Redo Essential right\/left 1*E14 - right","url":"https:\/\/light24.fi\/lt\/toode\/siseruumide_valgustid\/seinavalgustid\/essential-right-left\/","sku":"RED100119","image":{"@type":"ImageObject","url":"https:\/\/light24.fi\/wp-content\/uploads\/2023\/12\/seinavalgusti_redo_01-2944.jpg","@id":"https:\/\/light24.fi\/lt\/toode\/siseruumide_valgustid\/seinavalgustid\/essential-right-left\/#productImage","width":800,"height":800},"offers":{"@type":"Offer","url":"https:\/\/light24.fi\/lt\/toode\/siseruumide_valgustid\/seinavalgustid\/essential-right-left\/#wooCommerceOffer","price":"30","priceCurrency":"EUR","category":"Vidaus patalp\u0173 \u0161viestuvai","availability":"https:\/\/schema.org\/InStock","priceSpecification":{"@type":"PriceSpecification","price":30,"priceCurrency":"EUR","valueAddedTaxIncluded":"true"}}}]},{"@type":"WebPage","@id":"https:\/\/light24.fi\/lt\/toode\/siseruumide_valgustid\/seinavalgustid\/essential-right-left\/#webpage","url":"https:\/\/light24.fi\/lt\/toode\/siseruumide_valgustid\/seinavalgustid\/essential-right-left\/","name":"Redo Essential right\/left 1*E14 \u2022 Light24","description":"Atsipra\u0161ome, \u0161is puslapis galimas tik Eesti, English, \u0420\u0443\u0441\u0441\u043a\u0438\u0439, Suomi ir Latvie\u0161u.","inLanguage":"lt-LT","isPartOf":{"@id":"https:\/\/light24.fi\/lt\/#website"},"breadcrumb":{"@id":"https:\/\/light24.fi\/lt\/toode\/siseruumide_valgustid\/seinavalgustid\/essential-right-left\/#breadcrumblist"},"image":{"@type":"ImageObject","url":"https:\/\/light24.fi\/wp-content\/uploads\/2023\/12\/seinavalgusti_redo_01-2944.jpg","@id":"https:\/\/light24.fi\/lt\/toode\/siseruumide_valgustid\/seinavalgustid\/essential-right-left\/#mainImage","width":800,"height":800},"primaryImageOfPage":{"@id":"https:\/\/light24.fi\/lt\/toode\/siseruumide_valgustid\/seinavalgustid\/essential-right-left\/#mainImage"},"datePublished":"2023-12-07T10:12:01+02:00","dateModified":"2025-12-03T09:23:08+02:00"},{"@type":"WebSite","@id":"https:\/\/light24.fi\/lt\/#website","url":"https:\/\/light24.fi\/lt\/","name":"Light24","description":"\u0160viestuvai elektronin\u0117 parduotuv\u0117 | Profesional\u016bs ap\u0161vietimo sprendimai","inLanguage":"lt-LT","publisher":{"@id":"https:\/\/light24.fi\/lt\/#organization"}}]},"og:locale":"lt_LT","og:site_name":"Light24 \u2022 \u0160viestuvai elektronin\u0117 parduotuv\u0117 | Profesional\u016bs ap\u0161vietimo sprendimai","og:type":"article","og:title":"Redo Essential right\/left 1*E14 \u2022 Light24","og:description":"Atsipra\u0161ome, \u0161is puslapis galimas tik Eesti, English, \u0420\u0443\u0441\u0441\u043a\u0438\u0439, Suomi ir Latvie\u0161u.","og:url":"https:\/\/light24.fi\/lt\/toode\/siseruumide_valgustid\/seinavalgustid\/essential-right-left\/","og:image":"https:\/\/light24.fi\/wp-content\/uploads\/2023\/12\/seinavalgusti_redo_01-2944.jpg","og:image:secure_url":"https:\/\/light24.fi\/wp-content\/uploads\/2023\/12\/seinavalgusti_redo_01-2944.jpg","og:image:width":800,"og:image:height":800,"article:published_time":"2023-12-07T08:12:01+00:00","article:modified_time":"2025-12-03T07:23:08+00:00","article:publisher":"https:\/\/www.facebook.com\/light24.ee","twitter:card":"summary","twitter:title":"Redo Essential right\/left 1*E14 \u2022 Light24","twitter:description":"Atsipra\u0161ome, \u0161is puslapis galimas tik Eesti, English, \u0420\u0443\u0441\u0441\u043a\u0438\u0439, Suomi ir Latvie\u0161u.","twitter:image":"https:\/\/light24.fi\/wp-content\/uploads\/2023\/12\/seinavalgusti_redo_01-2944.jpg"},"aioseo_meta_data":{"post_id":"124133","title":null,"description":null,"keywords":null,"keyphrases":{"focus":{"keyphrase":"","score":0,"analysis":{"keyphraseInTitle":{"score":0,"maxScore":9,"error":1}}},"additional":[]},"primary_term":null,"canonical_url":null,"og_title":null,"og_description":null,"og_object_type":"default","og_image_type":"default","og_image_url":null,"og_image_width":null,"og_image_height":null,"og_image_custom_url":null,"og_image_custom_fields":null,"og_video":"","og_custom_url":null,"og_article_section":null,"og_article_tags":null,"twitter_use_og":false,"twitter_card":"default","twitter_image_type":"default","twitter_image_url":null,"twitter_image_custom_url":null,"twitter_image_custom_fields":null,"twitter_title":null,"twitter_description":null,"schema":{"blockGraphs":[],"customGraphs":[],"default":{"data":{"Article":[],"Course":[],"Dataset":[],"FAQPage":[],"Movie":[],"Person":[],"Product":[],"ProductReview":[],"Car":[],"Recipe":[],"Service":[],"SoftwareApplication":[],"WebPage":[]},"graphName":"Product","isEnabled":true},"graphs":[],"defaultGraph":"WebPage","defaultPostTypeGraph":""},"schema_type":"default","schema_type_options":"{\"article\":{\"articleType\":\"BlogPosting\"},\"course\":{\"name\":\"\",\"description\":\"\",\"provider\":\"\"},\"faq\":{\"pages\":[]},\"product\":{\"reviews\":[]},\"recipe\":{\"ingredients\":[],\"instructions\":[],\"keywords\":[]},\"software\":{\"reviews\":[],\"operatingSystems\":[]},\"webPage\":{\"webPageType\":\"WebPage\"},\"blockGraphs\":[]}","pillar_content":false,"robots_default":true,"robots_noindex":false,"robots_noarchive":false,"robots_nosnippet":false,"robots_nofollow":false,"robots_noimageindex":false,"robots_noodp":false,"robots_notranslate":false,"robots_max_snippet":"-1","robots_max_videopreview":"-1","robots_max_imagepreview":"large","priority":null,"frequency":"default","local_seo":null,"seo_analyzer_scan_date":"2025-12-03 07:24:15","breadcrumb_settings":null,"limit_modified_date":false,"reviewed_by":null,"open_ai":"{\"title\":{\"suggestions\":[],\"usage\":0},\"description\":{\"suggestions\":[],\"usage\":0}}","ai":{"faqs":[],"keyPoints":[],"titles":[],"descriptions":[],"socialPosts":{"email":[],"linkedin":[],"twitter":[],"facebook":[],"instagram":[]}},"created":"2023-12-07 08:12:01","updated":"2025-12-03 07:24:15"},"aioseo_breadcrumb":"<div class=\"aioseo-breadcrumbs\"><span class=\"aioseo-breadcrumb\">\n\t<a href=\"https:\/\/light24.fi\/lt\" title=\"Home\">Home<\/a>\n<\/span><span class=\"aioseo-breadcrumb-separator\">&raquo;<\/span><span class=\"aioseo-breadcrumb\">\n\t<a href=\"https:\/\/light24.fi\/lt\/shop\/\" title=\"Parduotuv\u0117\">Parduotuv\u0117<\/a>\n<\/span><span class=\"aioseo-breadcrumb-separator\">&raquo;<\/span><span class=\"aioseo-breadcrumb\">\n\t<a href=\"https:\/\/light24.fi\/lt\/product-category\/siseruumide_valgustid\/\" title=\"Vidaus patalp\u0173 \u0161viestuvai\">Vidaus patalp\u0173 \u0161viestuvai<\/a>\n<\/span><span class=\"aioseo-breadcrumb-separator\">&raquo;<\/span><span class=\"aioseo-breadcrumb\">\n\t<a href=\"https:\/\/light24.fi\/lt\/product-category\/siseruumide_valgustid\/seinavalgustid\/\" title=\"Sieniniai \u0161viestuvai\">Sieniniai \u0161viestuvai<\/a>\n<\/span><span class=\"aioseo-breadcrumb-separator\">&raquo;<\/span><span class=\"aioseo-breadcrumb\">\n\tRedo Essential right\/left 1*E14\n<\/span><\/div>","aioseo_breadcrumb_json":[{"label":"Home","link":"https:\/\/light24.fi\/lt"},{"label":"Parduotuv\u0117","link":"https:\/\/light24.fi\/lt\/shop\/"},{"label":"Vidaus patalp\u0173 \u0161viestuvai","link":"https:\/\/light24.fi\/lt\/product-category\/siseruumide_valgustid\/"},{"label":"Sieniniai \u0161viestuvai","link":"https:\/\/light24.fi\/lt\/product-category\/siseruumide_valgustid\/seinavalgustid\/"},{"label":"Redo Essential right\/left 1*E14","link":"https:\/\/light24.fi\/lt\/toode\/siseruumide_valgustid\/seinavalgustid\/essential-right-left\/"}],"_links":{"self":[{"href":"https:\/\/light24.fi\/lt\/wp-json\/wp\/v2\/product\/124133","targetHints":{"allow":["GET"]}}],"collection":[{"href":"https:\/\/light24.fi\/lt\/wp-json\/wp\/v2\/product"}],"about":[{"href":"https:\/\/light24.fi\/lt\/wp-json\/wp\/v2\/types\/product"}],"replies":[{"embeddable":true,"href":"https:\/\/light24.fi\/lt\/wp-json\/wp\/v2\/comments?post=124133"}],"wp:featuredmedia":[{"embeddable":true,"href":"https:\/\/light24.fi\/lt\/wp-json\/wp\/v2\/media\/124134"}],"wp:attachment":[{"href":"https:\/\/light24.fi\/lt\/wp-json\/wp\/v2\/media?parent=124133"}],"wp:term":[{"taxonomy":"product_cat","embeddable":true,"href":"https:\/\/light24.fi\/lt\/wp-json\/wp\/v2\/product_cat?post=124133"},{"taxonomy":"product_tag","embeddable":true,"href":"https:\/\/light24.fi\/lt\/wp-json\/wp\/v2\/product_tag?post=124133"}],"curies":[{"name":"wp","href":"https:\/\/api.w.org\/{rel}","templated":true}]}}