{"id":145788,"date":"2025-03-15T13:50:02","date_gmt":"2025-03-15T11:50:02","guid":{"rendered":"https:\/\/light24.ee\/?post_type=product&#038;p=145788"},"modified":"2025-03-15T14:02:41","modified_gmt":"2025-03-15T12:02:41","slug":"ibros-led-18w-3000k-6000k-cct","status":"publish","type":"product","link":"https:\/\/light24.fi\/lt\/toode\/siseruumide_valgustid\/rippvalgustid\/ibros-led-18w-3000k-6000k-cct\/","title":{"rendered":"IBROS LED 18W 3000K-6000K CCT"},"content":{"rendered":"<p class=\"qtranxs-available-languages-message qtranxs-available-languages-message-lt\">Atsipra\u0161ome, \u0161is puslapis galimas tik <a href=\"https:\/\/light24.fi\/et\/wp-json\/wp\/v2\/product\/145788\" class=\"qtranxs-available-language-link qtranxs-available-language-link-et\" title=\"Eesti\">Eesti<\/a>.<\/p>","protected":false},"excerpt":{"rendered":"<p>Atsipra\u0161ome, \u0161is puslapis galimas tik Eesti.<\/p>\n","protected":false},"featured_media":145793,"comment_status":"closed","ping_status":"closed","template":"","meta":{"_acf_changed":false},"product_cat":[7280,248],"product_tag":[7214],"class_list":{"0":"post-145788","1":"product","2":"type-product","3":"status-publish","4":"has-post-thumbnail","6":"product_cat-siseruumide_valgustid","7":"product_cat-rippvalgustid","8":"product_tag-lightprestige","9":"product_shipping_class-standard","10":"pa_ip-kaitseklass-1123","11":"pa_materjal-metall","12":"pa_ruumid-elutuba","13":"pa_ruumid-soogituba","14":"pa_ruumid-esik_ja_trepihall","15":"pa_ruumid-kodukontor","16":"pa_tarneaeg-10-paeva","17":"pa_varv-must","18":"pa_varv-valge","20":"first","21":"instock","22":"taxable","23":"shipping-taxable","24":"purchasable","25":"product-type-variable"},"acf":[],"aioseo_notices":[],"aioseo_head":"\n\t\t<!-- All in One SEO Pro 4.9.6 - aioseo.com -->\n\t<meta name=\"description\" content=\"Atsipra\u0161ome, \u0161is puslapis galimas tik Eesti.\" \/>\n\t<meta name=\"robots\" content=\"max-image-preview:large\" \/>\n\t<meta name=\"google-site-verification\" content=\"nxgDPK3Ouk6bwvuxlwlzeMOKszmf-8m57RDu5zAgN-Y\" \/>\n\t<link rel=\"canonical\" href=\"https:\/\/light24.fi\/lt\/toode\/siseruumide_valgustid\/rippvalgustid\/ibros-led-18w-3000k-6000k-cct\/\" \/>\n\t<meta name=\"generator\" content=\"All in One SEO Pro (AIOSEO) 4.9.6\" \/>\n\t\t<meta property=\"og:locale\" content=\"lt_LT\" \/>\n\t\t<meta property=\"og:site_name\" content=\"Light24 \u2022 \u0160viestuvai elektronin\u0117 parduotuv\u0117 | Profesional\u016bs ap\u0161vietimo sprendimai\" \/>\n\t\t<meta property=\"og:type\" content=\"article\" \/>\n\t\t<meta property=\"og:title\" content=\"IBROS LED 18W 3000K-6000K CCT \u2022 Light24\" \/>\n\t\t<meta property=\"og:description\" content=\"Atsipra\u0161ome, \u0161is puslapis galimas tik Eesti.\" \/>\n\t\t<meta property=\"og:url\" content=\"https:\/\/light24.fi\/lt\/toode\/siseruumide_valgustid\/rippvalgustid\/ibros-led-18w-3000k-6000k-cct\/\" \/>\n\t\t<meta property=\"og:image\" content=\"https:\/\/light24.fi\/wp-content\/uploads\/2025\/03\/LP-70011P-20-BK-63-18-CCT.jpeg\" \/>\n\t\t<meta property=\"og:image:secure_url\" content=\"https:\/\/light24.fi\/wp-content\/uploads\/2025\/03\/LP-70011P-20-BK-63-18-CCT.jpeg\" \/>\n\t\t<meta property=\"og:image:width\" content=\"1000\" \/>\n\t\t<meta property=\"og:image:height\" content=\"1000\" \/>\n\t\t<meta property=\"article:published_time\" content=\"2025-03-15T11:50:02+00:00\" \/>\n\t\t<meta property=\"article:modified_time\" content=\"2025-03-15T12:02:41+00:00\" \/>\n\t\t<meta property=\"article:publisher\" content=\"https:\/\/www.facebook.com\/light24.ee\" \/>\n\t\t<meta name=\"twitter:card\" content=\"summary\" \/>\n\t\t<meta name=\"twitter:title\" content=\"IBROS LED 18W 3000K-6000K CCT \u2022 Light24\" \/>\n\t\t<meta name=\"twitter:description\" content=\"Atsipra\u0161ome, \u0161is puslapis galimas tik Eesti.\" \/>\n\t\t<meta name=\"twitter:image\" content=\"https:\/\/light24.fi\/wp-content\/uploads\/2025\/03\/LP-70011P-20-BK-63-18-CCT.jpeg\" \/>\n\t\t<script type=\"application\/ld+json\" class=\"aioseo-schema\">\n\t\t\t{\"@context\":\"https:\\\/\\\/schema.org\",\"@graph\":[{\"@type\":\"BreadcrumbList\",\"@id\":\"https:\\\/\\\/light24.fi\\\/lt\\\/toode\\\/siseruumide_valgustid\\\/rippvalgustid\\\/ibros-led-18w-3000k-6000k-cct\\\/#breadcrumblist\",\"itemListElement\":[{\"@type\":\"ListItem\",\"@id\":\"https:\\\/\\\/light24.fi\\\/lt#listItem\",\"position\":1,\"name\":\"Home\",\"item\":\"https:\\\/\\\/light24.fi\\\/lt\",\"nextItem\":{\"@type\":\"ListItem\",\"@id\":\"https:\\\/\\\/light24.fi\\\/lt\\\/shop\\\/#listItem\",\"name\":\"Parduotuv\\u0117\"}},{\"@type\":\"ListItem\",\"@id\":\"https:\\\/\\\/light24.fi\\\/lt\\\/shop\\\/#listItem\",\"position\":2,\"name\":\"Parduotuv\\u0117\",\"item\":\"https:\\\/\\\/light24.fi\\\/lt\\\/shop\\\/\",\"nextItem\":{\"@type\":\"ListItem\",\"@id\":\"https:\\\/\\\/light24.fi\\\/lt\\\/product-category\\\/siseruumide_valgustid\\\/#listItem\",\"name\":\"Vidaus patalp\\u0173 \\u0161viestuvai\"},\"previousItem\":{\"@type\":\"ListItem\",\"@id\":\"https:\\\/\\\/light24.fi\\\/lt#listItem\",\"name\":\"Home\"}},{\"@type\":\"ListItem\",\"@id\":\"https:\\\/\\\/light24.fi\\\/lt\\\/product-category\\\/siseruumide_valgustid\\\/#listItem\",\"position\":3,\"name\":\"Vidaus patalp\\u0173 \\u0161viestuvai\",\"item\":\"https:\\\/\\\/light24.fi\\\/lt\\\/product-category\\\/siseruumide_valgustid\\\/\",\"nextItem\":{\"@type\":\"ListItem\",\"@id\":\"https:\\\/\\\/light24.fi\\\/lt\\\/product-category\\\/siseruumide_valgustid\\\/rippvalgustid\\\/#listItem\",\"name\":\"Pakabinami \\u0161viestuvai\"},\"previousItem\":{\"@type\":\"ListItem\",\"@id\":\"https:\\\/\\\/light24.fi\\\/lt\\\/shop\\\/#listItem\",\"name\":\"Parduotuv\\u0117\"}},{\"@type\":\"ListItem\",\"@id\":\"https:\\\/\\\/light24.fi\\\/lt\\\/product-category\\\/siseruumide_valgustid\\\/rippvalgustid\\\/#listItem\",\"position\":4,\"name\":\"Pakabinami \\u0161viestuvai\",\"item\":\"https:\\\/\\\/light24.fi\\\/lt\\\/product-category\\\/siseruumide_valgustid\\\/rippvalgustid\\\/\",\"nextItem\":{\"@type\":\"ListItem\",\"@id\":\"https:\\\/\\\/light24.fi\\\/lt\\\/toode\\\/siseruumide_valgustid\\\/rippvalgustid\\\/ibros-led-18w-3000k-6000k-cct\\\/#listItem\",\"name\":\"IBROS LED 18W 3000K-6000K CCT\"},\"previousItem\":{\"@type\":\"ListItem\",\"@id\":\"https:\\\/\\\/light24.fi\\\/lt\\\/product-category\\\/siseruumide_valgustid\\\/#listItem\",\"name\":\"Vidaus patalp\\u0173 \\u0161viestuvai\"}},{\"@type\":\"ListItem\",\"@id\":\"https:\\\/\\\/light24.fi\\\/lt\\\/toode\\\/siseruumide_valgustid\\\/rippvalgustid\\\/ibros-led-18w-3000k-6000k-cct\\\/#listItem\",\"position\":5,\"name\":\"IBROS LED 18W 3000K-6000K CCT\",\"previousItem\":{\"@type\":\"ListItem\",\"@id\":\"https:\\\/\\\/light24.fi\\\/lt\\\/product-category\\\/siseruumide_valgustid\\\/rippvalgustid\\\/#listItem\",\"name\":\"Pakabinami \\u0161viestuvai\"}}]},{\"@type\":\"Organization\",\"@id\":\"https:\\\/\\\/light24.fi\\\/lt\\\/#organization\",\"name\":\"Light24\",\"description\":\"\\u0160viestuvai elektronin\\u0117 parduotuv\\u0117 | Profesional\\u016bs ap\\u0161vietimo sprendimai\",\"url\":\"https:\\\/\\\/light24.fi\\\/lt\\\/\",\"telephone\":\"+3725184133\",\"logo\":{\"@type\":\"ImageObject\",\"url\":\"https:\\\/\\\/www.light24.ee\\\/wp-content\\\/uploads\\\/2022\\\/03\\\/Shape-2-3.svg\",\"@id\":\"https:\\\/\\\/light24.fi\\\/lt\\\/toode\\\/siseruumide_valgustid\\\/rippvalgustid\\\/ibros-led-18w-3000k-6000k-cct\\\/#organizationLogo\"},\"image\":{\"@id\":\"https:\\\/\\\/light24.fi\\\/lt\\\/toode\\\/siseruumide_valgustid\\\/rippvalgustid\\\/ibros-led-18w-3000k-6000k-cct\\\/#organizationLogo\"},\"sameAs\":[\"https:\\\/\\\/www.facebook.com\\\/light24.ee\",\"https:\\\/\\\/www.instagram.com\\\/light24official\\\/\"]},{\"@type\":\"ProductGroup\",\"@id\":\"https:\\\/\\\/light24.fi\\\/lt\\\/toode\\\/siseruumide_valgustid\\\/rippvalgustid\\\/ibros-led-18w-3000k-6000k-cct\\\/#wooCommerceProduct\",\"name\":\"IBROS LED 18W 3000K-6000K CCT\",\"url\":\"https:\\\/\\\/light24.fi\\\/lt\\\/toode\\\/siseruumide_valgustid\\\/rippvalgustid\\\/ibros-led-18w-3000k-6000k-cct\\\/\",\"sku\":\"LPR1100290\",\"image\":{\"@type\":\"ImageObject\",\"url\":\"https:\\\/\\\/light24.fi\\\/wp-content\\\/uploads\\\/2025\\\/03\\\/LP-70011P-20-BK-63-18-CCT.jpeg\",\"@id\":\"https:\\\/\\\/light24.fi\\\/lt\\\/toode\\\/siseruumide_valgustid\\\/rippvalgustid\\\/ibros-led-18w-3000k-6000k-cct\\\/#productImage\",\"width\":1000,\"height\":1000},\"productGroupID\":145788,\"hasVariant\":[{\"@type\":\"Product\",\"@id\":\"https:\\\/\\\/light24.fi\\\/lt\\\/toode\\\/siseruumide_valgustid\\\/rippvalgustid\\\/ibros-led-18w-3000k-6000k-cct\\\/#wooCommerceProduct\",\"name\":\"IBROS LED 18W 3000K-6000K CCT - must\",\"url\":\"https:\\\/\\\/light24.fi\\\/lt\\\/toode\\\/siseruumide_valgustid\\\/rippvalgustid\\\/ibros-led-18w-3000k-6000k-cct\\\/\",\"sku\":\"LPR1100290\",\"image\":{\"@type\":\"ImageObject\",\"url\":\"https:\\\/\\\/light24.fi\\\/wp-content\\\/uploads\\\/2025\\\/03\\\/LP-70011P-20-BK-63-18-CCT.jpeg\",\"@id\":\"https:\\\/\\\/light24.fi\\\/lt\\\/toode\\\/siseruumide_valgustid\\\/rippvalgustid\\\/ibros-led-18w-3000k-6000k-cct\\\/#productImage\",\"width\":1000,\"height\":1000},\"offers\":{\"@type\":\"Offer\",\"url\":\"https:\\\/\\\/light24.fi\\\/lt\\\/toode\\\/siseruumide_valgustid\\\/rippvalgustid\\\/ibros-led-18w-3000k-6000k-cct\\\/#wooCommerceOffer\",\"price\":\"82\",\"priceCurrency\":\"EUR\",\"category\":\"Vidaus patalp\\u0173 \\u0161viestuvai\",\"availability\":\"https:\\\/\\\/schema.org\\\/InStock\",\"priceSpecification\":{\"@type\":\"PriceSpecification\",\"price\":82,\"priceCurrency\":\"EUR\",\"valueAddedTaxIncluded\":\"true\"}}},{\"@type\":\"Product\",\"@id\":\"https:\\\/\\\/light24.fi\\\/lt\\\/toode\\\/siseruumide_valgustid\\\/rippvalgustid\\\/ibros-led-18w-3000k-6000k-cct\\\/#wooCommerceProduct\",\"name\":\"IBROS LED 18W 3000K-6000K CCT - valge\",\"url\":\"https:\\\/\\\/light24.fi\\\/lt\\\/toode\\\/siseruumide_valgustid\\\/rippvalgustid\\\/ibros-led-18w-3000k-6000k-cct\\\/\",\"sku\":\"LPR1100290\",\"image\":{\"@type\":\"ImageObject\",\"url\":\"https:\\\/\\\/light24.fi\\\/wp-content\\\/uploads\\\/2025\\\/03\\\/LP-70011P-20-WH-63-18-CCT.jpeg\",\"@id\":\"https:\\\/\\\/light24.fi\\\/lt\\\/toode\\\/siseruumide_valgustid\\\/rippvalgustid\\\/ibros-led-18w-3000k-6000k-cct\\\/#productImage\",\"width\":1000,\"height\":1000},\"offers\":{\"@type\":\"Offer\",\"url\":\"https:\\\/\\\/light24.fi\\\/lt\\\/toode\\\/siseruumide_valgustid\\\/rippvalgustid\\\/ibros-led-18w-3000k-6000k-cct\\\/#wooCommerceOffer\",\"price\":\"82\",\"priceCurrency\":\"EUR\",\"category\":\"Vidaus patalp\\u0173 \\u0161viestuvai\",\"availability\":\"https:\\\/\\\/schema.org\\\/InStock\",\"priceSpecification\":{\"@type\":\"PriceSpecification\",\"price\":82,\"priceCurrency\":\"EUR\",\"valueAddedTaxIncluded\":\"true\"}}}]},{\"@type\":\"WebPage\",\"@id\":\"https:\\\/\\\/light24.fi\\\/lt\\\/toode\\\/siseruumide_valgustid\\\/rippvalgustid\\\/ibros-led-18w-3000k-6000k-cct\\\/#webpage\",\"url\":\"https:\\\/\\\/light24.fi\\\/lt\\\/toode\\\/siseruumide_valgustid\\\/rippvalgustid\\\/ibros-led-18w-3000k-6000k-cct\\\/\",\"name\":\"IBROS LED 18W 3000K-6000K CCT \\u2022 Light24\",\"description\":\"Atsipra\\u0161ome, \\u0161is puslapis galimas tik Eesti.\",\"inLanguage\":\"lt-LT\",\"isPartOf\":{\"@id\":\"https:\\\/\\\/light24.fi\\\/lt\\\/#website\"},\"breadcrumb\":{\"@id\":\"https:\\\/\\\/light24.fi\\\/lt\\\/toode\\\/siseruumide_valgustid\\\/rippvalgustid\\\/ibros-led-18w-3000k-6000k-cct\\\/#breadcrumblist\"},\"image\":{\"@type\":\"ImageObject\",\"url\":\"https:\\\/\\\/light24.fi\\\/wp-content\\\/uploads\\\/2025\\\/03\\\/LP-70011P-20-BK-63-18-CCT.jpeg\",\"@id\":\"https:\\\/\\\/light24.fi\\\/lt\\\/toode\\\/siseruumide_valgustid\\\/rippvalgustid\\\/ibros-led-18w-3000k-6000k-cct\\\/#mainImage\",\"width\":1000,\"height\":1000},\"primaryImageOfPage\":{\"@id\":\"https:\\\/\\\/light24.fi\\\/lt\\\/toode\\\/siseruumide_valgustid\\\/rippvalgustid\\\/ibros-led-18w-3000k-6000k-cct\\\/#mainImage\"},\"datePublished\":\"2025-03-15T13:50:02+02:00\",\"dateModified\":\"2025-03-15T14:02:41+02:00\"},{\"@type\":\"WebSite\",\"@id\":\"https:\\\/\\\/light24.fi\\\/lt\\\/#website\",\"url\":\"https:\\\/\\\/light24.fi\\\/lt\\\/\",\"name\":\"Light24\",\"description\":\"\\u0160viestuvai elektronin\\u0117 parduotuv\\u0117 | Profesional\\u016bs ap\\u0161vietimo sprendimai\",\"inLanguage\":\"lt-LT\",\"publisher\":{\"@id\":\"https:\\\/\\\/light24.fi\\\/lt\\\/#organization\"}}]}\n\t\t<\/script>\n\t\t<!-- All in One SEO Pro -->\r\n\t\t<title>IBROS LED 18W 3000K-6000K CCT \u2022 Light24<\/title>\n\n","aioseo_head_json":{"title":"IBROS LED 18W 3000K-6000K CCT \u2022 Light24","description":"Atsipra\u0161ome, \u0161is puslapis galimas tik Eesti.","canonical_url":"https:\/\/light24.fi\/lt\/toode\/siseruumide_valgustid\/rippvalgustid\/ibros-led-18w-3000k-6000k-cct\/","robots":"max-image-preview:large","keywords":"","webmasterTools":{"google-site-verification":"nxgDPK3Ouk6bwvuxlwlzeMOKszmf-8m57RDu5zAgN-Y","miscellaneous":""},"schema":{"@context":"https:\/\/schema.org","@graph":[{"@type":"BreadcrumbList","@id":"https:\/\/light24.fi\/lt\/toode\/siseruumide_valgustid\/rippvalgustid\/ibros-led-18w-3000k-6000k-cct\/#breadcrumblist","itemListElement":[{"@type":"ListItem","@id":"https:\/\/light24.fi\/lt#listItem","position":1,"name":"Home","item":"https:\/\/light24.fi\/lt","nextItem":{"@type":"ListItem","@id":"https:\/\/light24.fi\/lt\/shop\/#listItem","name":"Parduotuv\u0117"}},{"@type":"ListItem","@id":"https:\/\/light24.fi\/lt\/shop\/#listItem","position":2,"name":"Parduotuv\u0117","item":"https:\/\/light24.fi\/lt\/shop\/","nextItem":{"@type":"ListItem","@id":"https:\/\/light24.fi\/lt\/product-category\/siseruumide_valgustid\/#listItem","name":"Vidaus patalp\u0173 \u0161viestuvai"},"previousItem":{"@type":"ListItem","@id":"https:\/\/light24.fi\/lt#listItem","name":"Home"}},{"@type":"ListItem","@id":"https:\/\/light24.fi\/lt\/product-category\/siseruumide_valgustid\/#listItem","position":3,"name":"Vidaus patalp\u0173 \u0161viestuvai","item":"https:\/\/light24.fi\/lt\/product-category\/siseruumide_valgustid\/","nextItem":{"@type":"ListItem","@id":"https:\/\/light24.fi\/lt\/product-category\/siseruumide_valgustid\/rippvalgustid\/#listItem","name":"Pakabinami \u0161viestuvai"},"previousItem":{"@type":"ListItem","@id":"https:\/\/light24.fi\/lt\/shop\/#listItem","name":"Parduotuv\u0117"}},{"@type":"ListItem","@id":"https:\/\/light24.fi\/lt\/product-category\/siseruumide_valgustid\/rippvalgustid\/#listItem","position":4,"name":"Pakabinami \u0161viestuvai","item":"https:\/\/light24.fi\/lt\/product-category\/siseruumide_valgustid\/rippvalgustid\/","nextItem":{"@type":"ListItem","@id":"https:\/\/light24.fi\/lt\/toode\/siseruumide_valgustid\/rippvalgustid\/ibros-led-18w-3000k-6000k-cct\/#listItem","name":"IBROS LED 18W 3000K-6000K CCT"},"previousItem":{"@type":"ListItem","@id":"https:\/\/light24.fi\/lt\/product-category\/siseruumide_valgustid\/#listItem","name":"Vidaus patalp\u0173 \u0161viestuvai"}},{"@type":"ListItem","@id":"https:\/\/light24.fi\/lt\/toode\/siseruumide_valgustid\/rippvalgustid\/ibros-led-18w-3000k-6000k-cct\/#listItem","position":5,"name":"IBROS LED 18W 3000K-6000K CCT","previousItem":{"@type":"ListItem","@id":"https:\/\/light24.fi\/lt\/product-category\/siseruumide_valgustid\/rippvalgustid\/#listItem","name":"Pakabinami \u0161viestuvai"}}]},{"@type":"Organization","@id":"https:\/\/light24.fi\/lt\/#organization","name":"Light24","description":"\u0160viestuvai elektronin\u0117 parduotuv\u0117 | Profesional\u016bs ap\u0161vietimo sprendimai","url":"https:\/\/light24.fi\/lt\/","telephone":"+3725184133","logo":{"@type":"ImageObject","url":"https:\/\/www.light24.ee\/wp-content\/uploads\/2022\/03\/Shape-2-3.svg","@id":"https:\/\/light24.fi\/lt\/toode\/siseruumide_valgustid\/rippvalgustid\/ibros-led-18w-3000k-6000k-cct\/#organizationLogo"},"image":{"@id":"https:\/\/light24.fi\/lt\/toode\/siseruumide_valgustid\/rippvalgustid\/ibros-led-18w-3000k-6000k-cct\/#organizationLogo"},"sameAs":["https:\/\/www.facebook.com\/light24.ee","https:\/\/www.instagram.com\/light24official\/"]},{"@type":"ProductGroup","@id":"https:\/\/light24.fi\/lt\/toode\/siseruumide_valgustid\/rippvalgustid\/ibros-led-18w-3000k-6000k-cct\/#wooCommerceProduct","name":"IBROS LED 18W 3000K-6000K CCT","url":"https:\/\/light24.fi\/lt\/toode\/siseruumide_valgustid\/rippvalgustid\/ibros-led-18w-3000k-6000k-cct\/","sku":"LPR1100290","image":{"@type":"ImageObject","url":"https:\/\/light24.fi\/wp-content\/uploads\/2025\/03\/LP-70011P-20-BK-63-18-CCT.jpeg","@id":"https:\/\/light24.fi\/lt\/toode\/siseruumide_valgustid\/rippvalgustid\/ibros-led-18w-3000k-6000k-cct\/#productImage","width":1000,"height":1000},"productGroupID":145788,"hasVariant":[{"@type":"Product","@id":"https:\/\/light24.fi\/lt\/toode\/siseruumide_valgustid\/rippvalgustid\/ibros-led-18w-3000k-6000k-cct\/#wooCommerceProduct","name":"IBROS LED 18W 3000K-6000K CCT - must","url":"https:\/\/light24.fi\/lt\/toode\/siseruumide_valgustid\/rippvalgustid\/ibros-led-18w-3000k-6000k-cct\/","sku":"LPR1100290","image":{"@type":"ImageObject","url":"https:\/\/light24.fi\/wp-content\/uploads\/2025\/03\/LP-70011P-20-BK-63-18-CCT.jpeg","@id":"https:\/\/light24.fi\/lt\/toode\/siseruumide_valgustid\/rippvalgustid\/ibros-led-18w-3000k-6000k-cct\/#productImage","width":1000,"height":1000},"offers":{"@type":"Offer","url":"https:\/\/light24.fi\/lt\/toode\/siseruumide_valgustid\/rippvalgustid\/ibros-led-18w-3000k-6000k-cct\/#wooCommerceOffer","price":"82","priceCurrency":"EUR","category":"Vidaus patalp\u0173 \u0161viestuvai","availability":"https:\/\/schema.org\/InStock","priceSpecification":{"@type":"PriceSpecification","price":82,"priceCurrency":"EUR","valueAddedTaxIncluded":"true"}}},{"@type":"Product","@id":"https:\/\/light24.fi\/lt\/toode\/siseruumide_valgustid\/rippvalgustid\/ibros-led-18w-3000k-6000k-cct\/#wooCommerceProduct","name":"IBROS LED 18W 3000K-6000K CCT - valge","url":"https:\/\/light24.fi\/lt\/toode\/siseruumide_valgustid\/rippvalgustid\/ibros-led-18w-3000k-6000k-cct\/","sku":"LPR1100290","image":{"@type":"ImageObject","url":"https:\/\/light24.fi\/wp-content\/uploads\/2025\/03\/LP-70011P-20-WH-63-18-CCT.jpeg","@id":"https:\/\/light24.fi\/lt\/toode\/siseruumide_valgustid\/rippvalgustid\/ibros-led-18w-3000k-6000k-cct\/#productImage","width":1000,"height":1000},"offers":{"@type":"Offer","url":"https:\/\/light24.fi\/lt\/toode\/siseruumide_valgustid\/rippvalgustid\/ibros-led-18w-3000k-6000k-cct\/#wooCommerceOffer","price":"82","priceCurrency":"EUR","category":"Vidaus patalp\u0173 \u0161viestuvai","availability":"https:\/\/schema.org\/InStock","priceSpecification":{"@type":"PriceSpecification","price":82,"priceCurrency":"EUR","valueAddedTaxIncluded":"true"}}}]},{"@type":"WebPage","@id":"https:\/\/light24.fi\/lt\/toode\/siseruumide_valgustid\/rippvalgustid\/ibros-led-18w-3000k-6000k-cct\/#webpage","url":"https:\/\/light24.fi\/lt\/toode\/siseruumide_valgustid\/rippvalgustid\/ibros-led-18w-3000k-6000k-cct\/","name":"IBROS LED 18W 3000K-6000K CCT \u2022 Light24","description":"Atsipra\u0161ome, \u0161is puslapis galimas tik Eesti.","inLanguage":"lt-LT","isPartOf":{"@id":"https:\/\/light24.fi\/lt\/#website"},"breadcrumb":{"@id":"https:\/\/light24.fi\/lt\/toode\/siseruumide_valgustid\/rippvalgustid\/ibros-led-18w-3000k-6000k-cct\/#breadcrumblist"},"image":{"@type":"ImageObject","url":"https:\/\/light24.fi\/wp-content\/uploads\/2025\/03\/LP-70011P-20-BK-63-18-CCT.jpeg","@id":"https:\/\/light24.fi\/lt\/toode\/siseruumide_valgustid\/rippvalgustid\/ibros-led-18w-3000k-6000k-cct\/#mainImage","width":1000,"height":1000},"primaryImageOfPage":{"@id":"https:\/\/light24.fi\/lt\/toode\/siseruumide_valgustid\/rippvalgustid\/ibros-led-18w-3000k-6000k-cct\/#mainImage"},"datePublished":"2025-03-15T13:50:02+02:00","dateModified":"2025-03-15T14:02:41+02:00"},{"@type":"WebSite","@id":"https:\/\/light24.fi\/lt\/#website","url":"https:\/\/light24.fi\/lt\/","name":"Light24","description":"\u0160viestuvai elektronin\u0117 parduotuv\u0117 | Profesional\u016bs ap\u0161vietimo sprendimai","inLanguage":"lt-LT","publisher":{"@id":"https:\/\/light24.fi\/lt\/#organization"}}]},"og:locale":"lt_LT","og:site_name":"Light24 \u2022 \u0160viestuvai elektronin\u0117 parduotuv\u0117 | Profesional\u016bs ap\u0161vietimo sprendimai","og:type":"article","og:title":"IBROS LED 18W 3000K-6000K CCT \u2022 Light24","og:description":"Atsipra\u0161ome, \u0161is puslapis galimas tik Eesti.","og:url":"https:\/\/light24.fi\/lt\/toode\/siseruumide_valgustid\/rippvalgustid\/ibros-led-18w-3000k-6000k-cct\/","og:image":"https:\/\/light24.fi\/wp-content\/uploads\/2025\/03\/LP-70011P-20-BK-63-18-CCT.jpeg","og:image:secure_url":"https:\/\/light24.fi\/wp-content\/uploads\/2025\/03\/LP-70011P-20-BK-63-18-CCT.jpeg","og:image:width":1000,"og:image:height":1000,"article:published_time":"2025-03-15T11:50:02+00:00","article:modified_time":"2025-03-15T12:02:41+00:00","article:publisher":"https:\/\/www.facebook.com\/light24.ee","twitter:card":"summary","twitter:title":"IBROS LED 18W 3000K-6000K CCT \u2022 Light24","twitter:description":"Atsipra\u0161ome, \u0161is puslapis galimas tik Eesti.","twitter:image":"https:\/\/light24.fi\/wp-content\/uploads\/2025\/03\/LP-70011P-20-BK-63-18-CCT.jpeg"},"aioseo_meta_data":{"post_id":"145788","title":null,"description":null,"keywords":null,"keyphrases":{"focus":{"keyphrase":"","score":0,"analysis":{"keyphraseInTitle":{"score":0,"maxScore":9,"error":1}}},"additional":[]},"primary_term":null,"canonical_url":null,"og_title":null,"og_description":null,"og_object_type":"default","og_image_type":"default","og_image_url":null,"og_image_width":null,"og_image_height":null,"og_image_custom_url":null,"og_image_custom_fields":null,"og_video":"","og_custom_url":null,"og_article_section":null,"og_article_tags":null,"twitter_use_og":false,"twitter_card":"default","twitter_image_type":"default","twitter_image_url":null,"twitter_image_custom_url":null,"twitter_image_custom_fields":null,"twitter_title":null,"twitter_description":null,"schema":{"blockGraphs":[],"customGraphs":[],"default":{"data":{"Article":[],"Course":[],"Dataset":[],"FAQPage":[],"Movie":[],"Person":[],"Product":[],"ProductReview":[],"Car":[],"Recipe":[],"Service":[],"SoftwareApplication":[],"WebPage":[]},"graphName":"Product","isEnabled":true},"graphs":[]},"schema_type":"default","schema_type_options":"{\"article\":{\"articleType\":\"BlogPosting\"},\"course\":{\"name\":\"\",\"description\":\"\",\"provider\":\"\"},\"faq\":{\"pages\":[]},\"product\":{\"reviews\":[]},\"recipe\":{\"ingredients\":[],\"instructions\":[],\"keywords\":[]},\"software\":{\"reviews\":[],\"operatingSystems\":[]},\"webPage\":{\"webPageType\":\"WebPage\"},\"blockGraphs\":[]}","pillar_content":false,"robots_default":true,"robots_noindex":false,"robots_noarchive":false,"robots_nosnippet":false,"robots_nofollow":false,"robots_noimageindex":false,"robots_noodp":false,"robots_notranslate":false,"robots_max_snippet":"-1","robots_max_videopreview":"-1","robots_max_imagepreview":"large","priority":null,"frequency":"default","local_seo":null,"seo_analyzer_scan_date":"2025-10-27 15:44:41","breadcrumb_settings":null,"limit_modified_date":false,"reviewed_by":null,"open_ai":"{\"title\":{\"suggestions\":[],\"usage\":0},\"description\":{\"suggestions\":[],\"usage\":0}}","ai":null,"created":"2025-03-15 11:50:02","updated":"2025-10-27 15:44:41"},"aioseo_breadcrumb":"<div class=\"aioseo-breadcrumbs\"><span class=\"aioseo-breadcrumb\">\n\t<a href=\"https:\/\/light24.fi\/lt\" title=\"Home\">Home<\/a>\n<\/span><span class=\"aioseo-breadcrumb-separator\">&raquo;<\/span><span class=\"aioseo-breadcrumb\">\n\t<a href=\"https:\/\/light24.fi\/lt\/shop\/\" title=\"Parduotuv\u0117\">Parduotuv\u0117<\/a>\n<\/span><span class=\"aioseo-breadcrumb-separator\">&raquo;<\/span><span class=\"aioseo-breadcrumb\">\n\t<a href=\"https:\/\/light24.fi\/lt\/product-category\/siseruumide_valgustid\/\" title=\"Vidaus patalp\u0173 \u0161viestuvai\">Vidaus patalp\u0173 \u0161viestuvai<\/a>\n<\/span><span class=\"aioseo-breadcrumb-separator\">&raquo;<\/span><span class=\"aioseo-breadcrumb\">\n\t<a href=\"https:\/\/light24.fi\/lt\/product-category\/siseruumide_valgustid\/rippvalgustid\/\" title=\"Pakabinami \u0161viestuvai\">Pakabinami \u0161viestuvai<\/a>\n<\/span><span class=\"aioseo-breadcrumb-separator\">&raquo;<\/span><span class=\"aioseo-breadcrumb\">\n\tIBROS LED 18W 3000K-6000K CCT\n<\/span><\/div>","aioseo_breadcrumb_json":[{"label":"Home","link":"https:\/\/light24.fi\/lt"},{"label":"Parduotuv\u0117","link":"https:\/\/light24.fi\/lt\/shop\/"},{"label":"Vidaus patalp\u0173 \u0161viestuvai","link":"https:\/\/light24.fi\/lt\/product-category\/siseruumide_valgustid\/"},{"label":"Pakabinami \u0161viestuvai","link":"https:\/\/light24.fi\/lt\/product-category\/siseruumide_valgustid\/rippvalgustid\/"},{"label":"IBROS LED 18W 3000K-6000K CCT","link":"https:\/\/light24.fi\/lt\/toode\/siseruumide_valgustid\/rippvalgustid\/ibros-led-18w-3000k-6000k-cct\/"}],"_links":{"self":[{"href":"https:\/\/light24.fi\/lt\/wp-json\/wp\/v2\/product\/145788","targetHints":{"allow":["GET"]}}],"collection":[{"href":"https:\/\/light24.fi\/lt\/wp-json\/wp\/v2\/product"}],"about":[{"href":"https:\/\/light24.fi\/lt\/wp-json\/wp\/v2\/types\/product"}],"replies":[{"embeddable":true,"href":"https:\/\/light24.fi\/lt\/wp-json\/wp\/v2\/comments?post=145788"}],"wp:featuredmedia":[{"embeddable":true,"href":"https:\/\/light24.fi\/lt\/wp-json\/wp\/v2\/media\/145793"}],"wp:attachment":[{"href":"https:\/\/light24.fi\/lt\/wp-json\/wp\/v2\/media?parent=145788"}],"wp:term":[{"taxonomy":"product_cat","embeddable":true,"href":"https:\/\/light24.fi\/lt\/wp-json\/wp\/v2\/product_cat?post=145788"},{"taxonomy":"product_tag","embeddable":true,"href":"https:\/\/light24.fi\/lt\/wp-json\/wp\/v2\/product_tag?post=145788"}],"curies":[{"name":"wp","href":"https:\/\/api.w.org\/{rel}","templated":true}]}}