{"id":109615,"date":"2022-11-07T23:22:10","date_gmt":"2022-11-07T21:22:10","guid":{"rendered":"https:\/\/www.light24.ee\/?post_type=product&#038;p=109615"},"modified":"2025-03-07T21:58:42","modified_gmt":"2025-03-07T19:58:42","slug":"croc","status":"publish","type":"product","link":"https:\/\/light24.fi\/lv\/toode\/arhitektuursed-valgustid\/allvalgustid\/croc\/","title":{"rendered":"FARO CROC 9W\/13W\/19W 2700-6500K  IP44"},"content":{"rendered":"","protected":false},"excerpt":{"rendered":"","protected":false},"featured_media":109617,"comment_status":"closed","ping_status":"closed","template":"","meta":{"_acf_changed":false},"product_cat":[2904,255],"product_tag":[379],"class_list":{"0":"post-109615","1":"product","2":"type-product","3":"status-publish","4":"has-post-thumbnail","6":"product_cat-arhitektuursed-valgustid","7":"product_cat-allvalgustid","8":"product_tag-faro","9":"pa_materjal-alumiinium","10":"pa_materjal-pmma","11":"pa_tarneaeg-10-paeva","12":"pa_varv-valge","14":"first","15":"instock","16":"taxable","17":"shipping-taxable","18":"product-type-simple"},"acf":[],"aioseo_notices":[],"aioseo_head":"\n\t\t<!-- All in One SEO Pro 4.9.6 - aioseo.com -->\n\t<meta name=\"robots\" content=\"max-image-preview:large\" \/>\n\t<meta name=\"google-site-verification\" content=\"nxgDPK3Ouk6bwvuxlwlzeMOKszmf-8m57RDu5zAgN-Y\" \/>\n\t<link rel=\"canonical\" href=\"https:\/\/light24.fi\/lv\/toode\/arhitektuursed-valgustid\/allvalgustid\/croc\/\" \/>\n\t<meta name=\"generator\" content=\"All in One SEO Pro (AIOSEO) 4.9.6\" \/>\n\t\t<meta property=\"og:locale\" content=\"lv_LV\" \/>\n\t\t<meta property=\"og:site_name\" content=\"Light24 \u2022 Apgaismojums | E-veikals\" \/>\n\t\t<meta property=\"og:type\" content=\"article\" \/>\n\t\t<meta property=\"og:title\" content=\"FARO CROC 9W\/13W\/19W 2700-6500K IP44 \u2022 Light24\" \/>\n\t\t<meta property=\"og:url\" content=\"https:\/\/light24.fi\/lv\/toode\/arhitektuursed-valgustid\/allvalgustid\/croc\/\" \/>\n\t\t<meta property=\"og:image\" content=\"https:\/\/light24.fi\/wp-content\/uploads\/2022\/11\/croc.jpg\" \/>\n\t\t<meta property=\"og:image:secure_url\" content=\"https:\/\/light24.fi\/wp-content\/uploads\/2022\/11\/croc.jpg\" \/>\n\t\t<meta property=\"og:image:width\" content=\"1024\" \/>\n\t\t<meta property=\"og:image:height\" content=\"1024\" \/>\n\t\t<meta property=\"article:published_time\" content=\"2022-11-07T21:22:10+00:00\" \/>\n\t\t<meta property=\"article:modified_time\" content=\"2025-03-07T19:58:42+00:00\" \/>\n\t\t<meta property=\"article:publisher\" content=\"https:\/\/www.facebook.com\/light24.ee\" \/>\n\t\t<meta name=\"twitter:card\" content=\"summary\" \/>\n\t\t<meta name=\"twitter:title\" content=\"FARO CROC 9W\/13W\/19W 2700-6500K IP44 \u2022 Light24\" \/>\n\t\t<meta name=\"twitter:image\" content=\"https:\/\/light24.fi\/wp-content\/uploads\/2022\/11\/croc.jpg\" \/>\n\t\t<script type=\"application\/ld+json\" class=\"aioseo-schema\">\n\t\t\t{\"@context\":\"https:\\\/\\\/schema.org\",\"@graph\":[{\"@type\":\"BreadcrumbList\",\"@id\":\"https:\\\/\\\/light24.fi\\\/lv\\\/toode\\\/arhitektuursed-valgustid\\\/allvalgustid\\\/croc\\\/#breadcrumblist\",\"itemListElement\":[{\"@type\":\"ListItem\",\"@id\":\"https:\\\/\\\/light24.fi\\\/lv#listItem\",\"position\":1,\"name\":\"Home\",\"item\":\"https:\\\/\\\/light24.fi\\\/lv\",\"nextItem\":{\"@type\":\"ListItem\",\"@id\":\"https:\\\/\\\/light24.fi\\\/lv\\\/shop\\\/#listItem\",\"name\":\"E-veikals\"}},{\"@type\":\"ListItem\",\"@id\":\"https:\\\/\\\/light24.fi\\\/lv\\\/shop\\\/#listItem\",\"position\":2,\"name\":\"E-veikals\",\"item\":\"https:\\\/\\\/light24.fi\\\/lv\\\/shop\\\/\",\"nextItem\":{\"@type\":\"ListItem\",\"@id\":\"https:\\\/\\\/light24.fi\\\/lv\\\/product-category\\\/arhitektuursed-valgustid\\\/#listItem\",\"name\":\"Arhitektuursed valgustid\"},\"previousItem\":{\"@type\":\"ListItem\",\"@id\":\"https:\\\/\\\/light24.fi\\\/lv#listItem\",\"name\":\"Home\"}},{\"@type\":\"ListItem\",\"@id\":\"https:\\\/\\\/light24.fi\\\/lv\\\/product-category\\\/arhitektuursed-valgustid\\\/#listItem\",\"position\":3,\"name\":\"Arhitektuursed valgustid\",\"item\":\"https:\\\/\\\/light24.fi\\\/lv\\\/product-category\\\/arhitektuursed-valgustid\\\/\",\"nextItem\":{\"@type\":\"ListItem\",\"@id\":\"https:\\\/\\\/light24.fi\\\/lv\\\/product-category\\\/arhitektuursed-valgustid\\\/allvalgustid\\\/#listItem\",\"name\":\"Ieb\\u016bv\\u0113jamie gaismek\\u013ci\"},\"previousItem\":{\"@type\":\"ListItem\",\"@id\":\"https:\\\/\\\/light24.fi\\\/lv\\\/shop\\\/#listItem\",\"name\":\"E-veikals\"}},{\"@type\":\"ListItem\",\"@id\":\"https:\\\/\\\/light24.fi\\\/lv\\\/product-category\\\/arhitektuursed-valgustid\\\/allvalgustid\\\/#listItem\",\"position\":4,\"name\":\"Ieb\\u016bv\\u0113jamie gaismek\\u013ci\",\"item\":\"https:\\\/\\\/light24.fi\\\/lv\\\/product-category\\\/arhitektuursed-valgustid\\\/allvalgustid\\\/\",\"nextItem\":{\"@type\":\"ListItem\",\"@id\":\"https:\\\/\\\/light24.fi\\\/lv\\\/toode\\\/arhitektuursed-valgustid\\\/allvalgustid\\\/croc\\\/#listItem\",\"name\":\"FARO CROC 9W\\\/13W\\\/19W 2700-6500K  IP44\"},\"previousItem\":{\"@type\":\"ListItem\",\"@id\":\"https:\\\/\\\/light24.fi\\\/lv\\\/product-category\\\/arhitektuursed-valgustid\\\/#listItem\",\"name\":\"Arhitektuursed valgustid\"}},{\"@type\":\"ListItem\",\"@id\":\"https:\\\/\\\/light24.fi\\\/lv\\\/toode\\\/arhitektuursed-valgustid\\\/allvalgustid\\\/croc\\\/#listItem\",\"position\":5,\"name\":\"FARO CROC 9W\\\/13W\\\/19W 2700-6500K  IP44\",\"previousItem\":{\"@type\":\"ListItem\",\"@id\":\"https:\\\/\\\/light24.fi\\\/lv\\\/product-category\\\/arhitektuursed-valgustid\\\/allvalgustid\\\/#listItem\",\"name\":\"Ieb\\u016bv\\u0113jamie gaismek\\u013ci\"}}]},{\"@type\":\"Organization\",\"@id\":\"https:\\\/\\\/light24.fi\\\/lv\\\/#organization\",\"name\":\"Light24\",\"description\":\"Apgaismojums | E-veikals\",\"url\":\"https:\\\/\\\/light24.fi\\\/lv\\\/\",\"telephone\":\"+3725184133\",\"logo\":{\"@type\":\"ImageObject\",\"url\":\"https:\\\/\\\/www.light24.ee\\\/wp-content\\\/uploads\\\/2022\\\/03\\\/Shape-2-3.svg\",\"@id\":\"https:\\\/\\\/light24.fi\\\/lv\\\/toode\\\/arhitektuursed-valgustid\\\/allvalgustid\\\/croc\\\/#organizationLogo\"},\"image\":{\"@id\":\"https:\\\/\\\/light24.fi\\\/lv\\\/toode\\\/arhitektuursed-valgustid\\\/allvalgustid\\\/croc\\\/#organizationLogo\"},\"sameAs\":[\"https:\\\/\\\/www.facebook.com\\\/light24.ee\",\"https:\\\/\\\/www.instagram.com\\\/light24official\\\/\"]},{\"@type\":\"Product\",\"@id\":\"https:\\\/\\\/light24.fi\\\/lv\\\/toode\\\/arhitektuursed-valgustid\\\/allvalgustid\\\/croc\\\/#wooCommerceProduct\",\"name\":\"FARO CROC 9W\\\/13W\\\/19W 2700-6500K  IP44\",\"url\":\"https:\\\/\\\/light24.fi\\\/lv\\\/toode\\\/arhitektuursed-valgustid\\\/allvalgustid\\\/croc\\\/\",\"sku\":\"FARPRO1017\",\"image\":{\"@type\":\"ImageObject\",\"url\":\"https:\\\/\\\/light24.fi\\\/wp-content\\\/uploads\\\/2022\\\/11\\\/croc.jpg\",\"@id\":\"https:\\\/\\\/light24.fi\\\/lv\\\/toode\\\/arhitektuursed-valgustid\\\/allvalgustid\\\/croc\\\/#productImage\",\"width\":1024,\"height\":1024},\"offers\":{\"@type\":\"Offer\",\"url\":\"https:\\\/\\\/light24.fi\\\/lv\\\/toode\\\/arhitektuursed-valgustid\\\/allvalgustid\\\/croc\\\/#wooCommerceOffer\",\"price\":0,\"priceCurrency\":\"EUR\",\"category\":\"Arhitektuursed valgustid\",\"availability\":\"https:\\\/\\\/schema.org\\\/InStock\",\"priceSpecification\":{\"@type\":\"PriceSpecification\",\"price\":0,\"priceCurrency\":\"EUR\",\"valueAddedTaxIncluded\":\"true\"},\"seller\":{\"@type\":\"Organization\",\"@id\":\"https:\\\/\\\/light24.fi\\\/lv\\\/#organization\"}}},{\"@type\":\"WebPage\",\"@id\":\"https:\\\/\\\/light24.fi\\\/lv\\\/toode\\\/arhitektuursed-valgustid\\\/allvalgustid\\\/croc\\\/#webpage\",\"url\":\"https:\\\/\\\/light24.fi\\\/lv\\\/toode\\\/arhitektuursed-valgustid\\\/allvalgustid\\\/croc\\\/\",\"name\":\"FARO CROC 9W\\\/13W\\\/19W 2700-6500K IP44 \\u2022 Light24\",\"inLanguage\":\"lv\",\"isPartOf\":{\"@id\":\"https:\\\/\\\/light24.fi\\\/lv\\\/#website\"},\"breadcrumb\":{\"@id\":\"https:\\\/\\\/light24.fi\\\/lv\\\/toode\\\/arhitektuursed-valgustid\\\/allvalgustid\\\/croc\\\/#breadcrumblist\"},\"image\":{\"@type\":\"ImageObject\",\"url\":\"https:\\\/\\\/light24.fi\\\/wp-content\\\/uploads\\\/2022\\\/11\\\/croc.jpg\",\"@id\":\"https:\\\/\\\/light24.fi\\\/lv\\\/toode\\\/arhitektuursed-valgustid\\\/allvalgustid\\\/croc\\\/#mainImage\",\"width\":1024,\"height\":1024},\"primaryImageOfPage\":{\"@id\":\"https:\\\/\\\/light24.fi\\\/lv\\\/toode\\\/arhitektuursed-valgustid\\\/allvalgustid\\\/croc\\\/#mainImage\"},\"datePublished\":\"2022-11-07T23:22:10+02:00\",\"dateModified\":\"2025-03-07T21:58:42+02:00\"},{\"@type\":\"WebSite\",\"@id\":\"https:\\\/\\\/light24.fi\\\/lv\\\/#website\",\"url\":\"https:\\\/\\\/light24.fi\\\/lv\\\/\",\"name\":\"Light24\",\"description\":\"Apgaismojums | E-veikals\",\"inLanguage\":\"lv\",\"publisher\":{\"@id\":\"https:\\\/\\\/light24.fi\\\/lv\\\/#organization\"}}]}\n\t\t<\/script>\n\t\t<!-- All in One SEO Pro -->\r\n\t\t<title>FARO CROC 9W\/13W\/19W 2700-6500K IP44 \u2022 Light24<\/title>\n\n","aioseo_head_json":{"title":"FARO CROC 9W\/13W\/19W 2700-6500K IP44 \u2022 Light24","description":"","canonical_url":"https:\/\/light24.fi\/lv\/toode\/arhitektuursed-valgustid\/allvalgustid\/croc\/","robots":"max-image-preview:large","keywords":"","webmasterTools":{"google-site-verification":"nxgDPK3Ouk6bwvuxlwlzeMOKszmf-8m57RDu5zAgN-Y","miscellaneous":""},"schema":{"@context":"https:\/\/schema.org","@graph":[{"@type":"BreadcrumbList","@id":"https:\/\/light24.fi\/lv\/toode\/arhitektuursed-valgustid\/allvalgustid\/croc\/#breadcrumblist","itemListElement":[{"@type":"ListItem","@id":"https:\/\/light24.fi\/lv#listItem","position":1,"name":"Home","item":"https:\/\/light24.fi\/lv","nextItem":{"@type":"ListItem","@id":"https:\/\/light24.fi\/lv\/shop\/#listItem","name":"E-veikals"}},{"@type":"ListItem","@id":"https:\/\/light24.fi\/lv\/shop\/#listItem","position":2,"name":"E-veikals","item":"https:\/\/light24.fi\/lv\/shop\/","nextItem":{"@type":"ListItem","@id":"https:\/\/light24.fi\/lv\/product-category\/arhitektuursed-valgustid\/#listItem","name":"Arhitektuursed valgustid"},"previousItem":{"@type":"ListItem","@id":"https:\/\/light24.fi\/lv#listItem","name":"Home"}},{"@type":"ListItem","@id":"https:\/\/light24.fi\/lv\/product-category\/arhitektuursed-valgustid\/#listItem","position":3,"name":"Arhitektuursed valgustid","item":"https:\/\/light24.fi\/lv\/product-category\/arhitektuursed-valgustid\/","nextItem":{"@type":"ListItem","@id":"https:\/\/light24.fi\/lv\/product-category\/arhitektuursed-valgustid\/allvalgustid\/#listItem","name":"Ieb\u016bv\u0113jamie gaismek\u013ci"},"previousItem":{"@type":"ListItem","@id":"https:\/\/light24.fi\/lv\/shop\/#listItem","name":"E-veikals"}},{"@type":"ListItem","@id":"https:\/\/light24.fi\/lv\/product-category\/arhitektuursed-valgustid\/allvalgustid\/#listItem","position":4,"name":"Ieb\u016bv\u0113jamie gaismek\u013ci","item":"https:\/\/light24.fi\/lv\/product-category\/arhitektuursed-valgustid\/allvalgustid\/","nextItem":{"@type":"ListItem","@id":"https:\/\/light24.fi\/lv\/toode\/arhitektuursed-valgustid\/allvalgustid\/croc\/#listItem","name":"FARO CROC 9W\/13W\/19W 2700-6500K  IP44"},"previousItem":{"@type":"ListItem","@id":"https:\/\/light24.fi\/lv\/product-category\/arhitektuursed-valgustid\/#listItem","name":"Arhitektuursed valgustid"}},{"@type":"ListItem","@id":"https:\/\/light24.fi\/lv\/toode\/arhitektuursed-valgustid\/allvalgustid\/croc\/#listItem","position":5,"name":"FARO CROC 9W\/13W\/19W 2700-6500K  IP44","previousItem":{"@type":"ListItem","@id":"https:\/\/light24.fi\/lv\/product-category\/arhitektuursed-valgustid\/allvalgustid\/#listItem","name":"Ieb\u016bv\u0113jamie gaismek\u013ci"}}]},{"@type":"Organization","@id":"https:\/\/light24.fi\/lv\/#organization","name":"Light24","description":"Apgaismojums | E-veikals","url":"https:\/\/light24.fi\/lv\/","telephone":"+3725184133","logo":{"@type":"ImageObject","url":"https:\/\/www.light24.ee\/wp-content\/uploads\/2022\/03\/Shape-2-3.svg","@id":"https:\/\/light24.fi\/lv\/toode\/arhitektuursed-valgustid\/allvalgustid\/croc\/#organizationLogo"},"image":{"@id":"https:\/\/light24.fi\/lv\/toode\/arhitektuursed-valgustid\/allvalgustid\/croc\/#organizationLogo"},"sameAs":["https:\/\/www.facebook.com\/light24.ee","https:\/\/www.instagram.com\/light24official\/"]},{"@type":"Product","@id":"https:\/\/light24.fi\/lv\/toode\/arhitektuursed-valgustid\/allvalgustid\/croc\/#wooCommerceProduct","name":"FARO CROC 9W\/13W\/19W 2700-6500K  IP44","url":"https:\/\/light24.fi\/lv\/toode\/arhitektuursed-valgustid\/allvalgustid\/croc\/","sku":"FARPRO1017","image":{"@type":"ImageObject","url":"https:\/\/light24.fi\/wp-content\/uploads\/2022\/11\/croc.jpg","@id":"https:\/\/light24.fi\/lv\/toode\/arhitektuursed-valgustid\/allvalgustid\/croc\/#productImage","width":1024,"height":1024},"offers":{"@type":"Offer","url":"https:\/\/light24.fi\/lv\/toode\/arhitektuursed-valgustid\/allvalgustid\/croc\/#wooCommerceOffer","price":0,"priceCurrency":"EUR","category":"Arhitektuursed valgustid","availability":"https:\/\/schema.org\/InStock","priceSpecification":{"@type":"PriceSpecification","price":0,"priceCurrency":"EUR","valueAddedTaxIncluded":"true"},"seller":{"@type":"Organization","@id":"https:\/\/light24.fi\/lv\/#organization"}}},{"@type":"WebPage","@id":"https:\/\/light24.fi\/lv\/toode\/arhitektuursed-valgustid\/allvalgustid\/croc\/#webpage","url":"https:\/\/light24.fi\/lv\/toode\/arhitektuursed-valgustid\/allvalgustid\/croc\/","name":"FARO CROC 9W\/13W\/19W 2700-6500K IP44 \u2022 Light24","inLanguage":"lv","isPartOf":{"@id":"https:\/\/light24.fi\/lv\/#website"},"breadcrumb":{"@id":"https:\/\/light24.fi\/lv\/toode\/arhitektuursed-valgustid\/allvalgustid\/croc\/#breadcrumblist"},"image":{"@type":"ImageObject","url":"https:\/\/light24.fi\/wp-content\/uploads\/2022\/11\/croc.jpg","@id":"https:\/\/light24.fi\/lv\/toode\/arhitektuursed-valgustid\/allvalgustid\/croc\/#mainImage","width":1024,"height":1024},"primaryImageOfPage":{"@id":"https:\/\/light24.fi\/lv\/toode\/arhitektuursed-valgustid\/allvalgustid\/croc\/#mainImage"},"datePublished":"2022-11-07T23:22:10+02:00","dateModified":"2025-03-07T21:58:42+02:00"},{"@type":"WebSite","@id":"https:\/\/light24.fi\/lv\/#website","url":"https:\/\/light24.fi\/lv\/","name":"Light24","description":"Apgaismojums | E-veikals","inLanguage":"lv","publisher":{"@id":"https:\/\/light24.fi\/lv\/#organization"}}]},"og:locale":"lv_LV","og:site_name":"Light24 \u2022 Apgaismojums | E-veikals","og:type":"article","og:title":"FARO CROC 9W\/13W\/19W 2700-6500K IP44 \u2022 Light24","og:url":"https:\/\/light24.fi\/lv\/toode\/arhitektuursed-valgustid\/allvalgustid\/croc\/","og:image":"https:\/\/light24.fi\/wp-content\/uploads\/2022\/11\/croc.jpg","og:image:secure_url":"https:\/\/light24.fi\/wp-content\/uploads\/2022\/11\/croc.jpg","og:image:width":1024,"og:image:height":1024,"article:published_time":"2022-11-07T21:22:10+00:00","article:modified_time":"2025-03-07T19:58:42+00:00","article:publisher":"https:\/\/www.facebook.com\/light24.ee","twitter:card":"summary","twitter:title":"FARO CROC 9W\/13W\/19W 2700-6500K IP44 \u2022 Light24","twitter:image":"https:\/\/light24.fi\/wp-content\/uploads\/2022\/11\/croc.jpg"},"aioseo_meta_data":{"post_id":"109615","title":null,"description":null,"keywords":null,"keyphrases":{"focus":{"keyphrase":"","score":0,"analysis":{"keyphraseInTitle":{"score":0,"maxScore":9,"error":1}}},"additional":[]},"primary_term":null,"canonical_url":null,"og_title":null,"og_description":null,"og_object_type":"default","og_image_type":"default","og_image_url":null,"og_image_width":null,"og_image_height":null,"og_image_custom_url":null,"og_image_custom_fields":null,"og_video":"","og_custom_url":null,"og_article_section":null,"og_article_tags":null,"twitter_use_og":false,"twitter_card":"default","twitter_image_type":"default","twitter_image_url":null,"twitter_image_custom_url":null,"twitter_image_custom_fields":null,"twitter_title":null,"twitter_description":null,"schema":{"blockGraphs":[],"customGraphs":[],"default":{"data":{"Article":[],"Course":[],"Dataset":[],"FAQPage":[],"Movie":[],"Person":[],"Product":[],"ProductReview":[],"Car":[],"Recipe":[],"Service":[],"SoftwareApplication":[],"WebPage":[]},"graphName":"Product","isEnabled":true},"graphs":[]},"schema_type":"default","schema_type_options":null,"pillar_content":false,"robots_default":true,"robots_noindex":false,"robots_noarchive":false,"robots_nosnippet":false,"robots_nofollow":false,"robots_noimageindex":false,"robots_noodp":false,"robots_notranslate":false,"robots_max_snippet":"-1","robots_max_videopreview":"-1","robots_max_imagepreview":"large","priority":null,"frequency":"default","local_seo":null,"seo_analyzer_scan_date":"2025-10-27 04:50:44","breadcrumb_settings":null,"limit_modified_date":false,"reviewed_by":null,"open_ai":"{\"title\":{\"suggestions\":[],\"usage\":0},\"description\":{\"suggestions\":[],\"usage\":0}}","ai":null,"created":"2022-11-07 21:22:10","updated":"2025-10-27 04:50:44"},"aioseo_breadcrumb":"<div class=\"aioseo-breadcrumbs\"><span class=\"aioseo-breadcrumb\">\n\t<a href=\"https:\/\/light24.fi\/lv\" title=\"Home\">Home<\/a>\n<\/span><span class=\"aioseo-breadcrumb-separator\">&raquo;<\/span><span class=\"aioseo-breadcrumb\">\n\t<a href=\"https:\/\/light24.fi\/lv\/shop\/\" title=\"E-veikals\">E-veikals<\/a>\n<\/span><span class=\"aioseo-breadcrumb-separator\">&raquo;<\/span><span class=\"aioseo-breadcrumb\">\n\t<a href=\"https:\/\/light24.fi\/lv\/product-category\/arhitektuursed-valgustid\/\" title=\"Arhitektuursed valgustid\">Arhitektuursed valgustid<\/a>\n<\/span><span class=\"aioseo-breadcrumb-separator\">&raquo;<\/span><span class=\"aioseo-breadcrumb\">\n\t<a href=\"https:\/\/light24.fi\/lv\/product-category\/arhitektuursed-valgustid\/allvalgustid\/\" title=\"Ieb\u016bv\u0113jamie gaismek\u013ci\">Ieb\u016bv\u0113jamie gaismek\u013ci<\/a>\n<\/span><span class=\"aioseo-breadcrumb-separator\">&raquo;<\/span><span class=\"aioseo-breadcrumb\">\n\tFARO CROC 9W\/13W\/19W 2700-6500K  IP44\n<\/span><\/div>","aioseo_breadcrumb_json":[{"label":"Home","link":"https:\/\/light24.fi\/lv"},{"label":"E-veikals","link":"https:\/\/light24.fi\/lv\/shop\/"},{"label":"Arhitektuursed valgustid","link":"https:\/\/light24.fi\/lv\/product-category\/arhitektuursed-valgustid\/"},{"label":"Ieb\u016bv\u0113jamie gaismek\u013ci","link":"https:\/\/light24.fi\/lv\/product-category\/arhitektuursed-valgustid\/allvalgustid\/"},{"label":"FARO CROC 9W\/13W\/19W 2700-6500K  IP44","link":"https:\/\/light24.fi\/lv\/toode\/arhitektuursed-valgustid\/allvalgustid\/croc\/"}],"_links":{"self":[{"href":"https:\/\/light24.fi\/lv\/wp-json\/wp\/v2\/product\/109615","targetHints":{"allow":["GET"]}}],"collection":[{"href":"https:\/\/light24.fi\/lv\/wp-json\/wp\/v2\/product"}],"about":[{"href":"https:\/\/light24.fi\/lv\/wp-json\/wp\/v2\/types\/product"}],"replies":[{"embeddable":true,"href":"https:\/\/light24.fi\/lv\/wp-json\/wp\/v2\/comments?post=109615"}],"wp:featuredmedia":[{"embeddable":true,"href":"https:\/\/light24.fi\/lv\/wp-json\/wp\/v2\/media\/109617"}],"wp:attachment":[{"href":"https:\/\/light24.fi\/lv\/wp-json\/wp\/v2\/media?parent=109615"}],"wp:term":[{"taxonomy":"product_cat","embeddable":true,"href":"https:\/\/light24.fi\/lv\/wp-json\/wp\/v2\/product_cat?post=109615"},{"taxonomy":"product_tag","embeddable":true,"href":"https:\/\/light24.fi\/lv\/wp-json\/wp\/v2\/product_tag?post=109615"}],"curies":[{"name":"wp","href":"https:\/\/api.w.org\/{rel}","templated":true}]}}