{"id":109735,"date":"2022-11-11T11:14:10","date_gmt":"2022-11-11T09:14:10","guid":{"rendered":"https:\/\/www.light24.ee\/?post_type=product&#038;p=109735"},"modified":"2025-01-02T16:44:43","modified_gmt":"2025-01-02T14:44:43","slug":"medium-shop-square-boxes-2","status":"publish","type":"product","link":"https:\/\/light24.fi\/lv\/toode\/siseruumide_valgustid\/suvistatavad-valgustid\/medium-shop-square-boxes-2\/","title":{"rendered":"Onelight Medium Shop Square Box 3*7W 3000K DIM"},"content":{"rendered":"<p><img decoding=\"async\" class=\"alignnone size-full wp-image-98770\" src=\"https:\/\/www.light24.ee\/wp-content\/uploads\/2022\/02\/1light_.jpg\" alt=\"\" width=\"182\" height=\"77\" \/><\/p>\n<p><i>\u00a0<\/i><\/p>","protected":false},"excerpt":{"rendered":"<p>\u00a0<\/p>\n","protected":false},"featured_media":109736,"comment_status":"closed","ping_status":"closed","template":"","meta":{"_acf_changed":false},"product_cat":[7280,2738,2904,255],"product_tag":[7389],"class_list":{"0":"post-109735","1":"product","2":"type-product","3":"status-publish","4":"has-post-thumbnail","6":"product_cat-siseruumide_valgustid","7":"product_cat-suvistatavad-valgustid","8":"product_cat-arhitektuursed-valgustid","9":"product_cat-allvalgustid","10":"product_tag-onelight","11":"product_shipping_class-small","12":"pa_ip-kaitseklass-1123","13":"pa_materjal-alumiinium","14":"pa_ruumid-kaubanduspinnad","15":"pa_ruumid-hotellid-ja-restoranid","16":"pa_tarneaeg-10-paeva","17":"pa_varv-valge","19":"first","20":"instock","21":"taxable","22":"shipping-taxable","23":"purchasable","24":"product-type-simple"},"acf":[],"aioseo_notices":[],"aioseo_head":"\n\t\t<!-- All in One SEO Pro 4.9.5.2 - aioseo.com -->\n\t<meta name=\"robots\" content=\"max-image-preview:large\" \/>\n\t<meta name=\"google-site-verification\" content=\"nxgDPK3Ouk6bwvuxlwlzeMOKszmf-8m57RDu5zAgN-Y\" \/>\n\t<link rel=\"canonical\" href=\"https:\/\/light24.fi\/lv\/toode\/siseruumide_valgustid\/suvistatavad-valgustid\/medium-shop-square-boxes-2\/\" \/>\n\t<meta name=\"generator\" content=\"All in One SEO Pro (AIOSEO) 4.9.5.2\" \/>\n\t\t<meta property=\"og:locale\" content=\"lv_LV\" \/>\n\t\t<meta property=\"og:site_name\" content=\"Light24 \u2022 Apgaismojums | E-veikals\" \/>\n\t\t<meta property=\"og:type\" content=\"article\" \/>\n\t\t<meta property=\"og:title\" content=\"Onelight Medium Shop Square Box 3*7W 3000K DIM \u2022 Light24\" \/>\n\t\t<meta property=\"og:url\" content=\"https:\/\/light24.fi\/lv\/toode\/siseruumide_valgustid\/suvistatavad-valgustid\/medium-shop-square-boxes-2\/\" \/>\n\t\t<meta property=\"og:image\" content=\"https:\/\/light24.fi\/wp-content\/uploads\/2022\/11\/50307B.jpg\" \/>\n\t\t<meta property=\"og:image:secure_url\" content=\"https:\/\/light24.fi\/wp-content\/uploads\/2022\/11\/50307B.jpg\" \/>\n\t\t<meta property=\"og:image:width\" content=\"1000\" \/>\n\t\t<meta property=\"og:image:height\" content=\"1000\" \/>\n\t\t<meta property=\"article:published_time\" content=\"2022-11-11T09:14:10+00:00\" \/>\n\t\t<meta property=\"article:modified_time\" content=\"2025-01-02T14:44:43+00:00\" \/>\n\t\t<meta property=\"article:publisher\" content=\"https:\/\/www.facebook.com\/light24.ee\" \/>\n\t\t<meta name=\"twitter:card\" content=\"summary\" \/>\n\t\t<meta name=\"twitter:title\" content=\"Onelight Medium Shop Square Box 3*7W 3000K DIM \u2022 Light24\" \/>\n\t\t<meta name=\"twitter:image\" content=\"https:\/\/light24.fi\/wp-content\/uploads\/2022\/11\/50307B.jpg\" \/>\n\t\t<script type=\"application\/ld+json\" class=\"aioseo-schema\">\n\t\t\t{\"@context\":\"https:\\\/\\\/schema.org\",\"@graph\":[{\"@type\":\"BreadcrumbList\",\"@id\":\"https:\\\/\\\/light24.fi\\\/lv\\\/toode\\\/siseruumide_valgustid\\\/suvistatavad-valgustid\\\/medium-shop-square-boxes-2\\\/#breadcrumblist\",\"itemListElement\":[{\"@type\":\"ListItem\",\"@id\":\"https:\\\/\\\/light24.fi\\\/lv#listItem\",\"position\":1,\"name\":\"Home\",\"item\":\"https:\\\/\\\/light24.fi\\\/lv\",\"nextItem\":{\"@type\":\"ListItem\",\"@id\":\"https:\\\/\\\/light24.fi\\\/lv\\\/shop\\\/#listItem\",\"name\":\"E-veikals\"}},{\"@type\":\"ListItem\",\"@id\":\"https:\\\/\\\/light24.fi\\\/lv\\\/shop\\\/#listItem\",\"position\":2,\"name\":\"E-veikals\",\"item\":\"https:\\\/\\\/light24.fi\\\/lv\\\/shop\\\/\",\"nextItem\":{\"@type\":\"ListItem\",\"@id\":\"https:\\\/\\\/light24.fi\\\/lv\\\/product-category\\\/arhitektuursed-valgustid\\\/#listItem\",\"name\":\"Arhitektuursed valgustid\"},\"previousItem\":{\"@type\":\"ListItem\",\"@id\":\"https:\\\/\\\/light24.fi\\\/lv#listItem\",\"name\":\"Home\"}},{\"@type\":\"ListItem\",\"@id\":\"https:\\\/\\\/light24.fi\\\/lv\\\/product-category\\\/arhitektuursed-valgustid\\\/#listItem\",\"position\":3,\"name\":\"Arhitektuursed valgustid\",\"item\":\"https:\\\/\\\/light24.fi\\\/lv\\\/product-category\\\/arhitektuursed-valgustid\\\/\",\"nextItem\":{\"@type\":\"ListItem\",\"@id\":\"https:\\\/\\\/light24.fi\\\/lv\\\/product-category\\\/arhitektuursed-valgustid\\\/allvalgustid\\\/#listItem\",\"name\":\"Ieb\\u016bv\\u0113jamie gaismek\\u013ci\"},\"previousItem\":{\"@type\":\"ListItem\",\"@id\":\"https:\\\/\\\/light24.fi\\\/lv\\\/shop\\\/#listItem\",\"name\":\"E-veikals\"}},{\"@type\":\"ListItem\",\"@id\":\"https:\\\/\\\/light24.fi\\\/lv\\\/product-category\\\/arhitektuursed-valgustid\\\/allvalgustid\\\/#listItem\",\"position\":4,\"name\":\"Ieb\\u016bv\\u0113jamie gaismek\\u013ci\",\"item\":\"https:\\\/\\\/light24.fi\\\/lv\\\/product-category\\\/arhitektuursed-valgustid\\\/allvalgustid\\\/\",\"nextItem\":{\"@type\":\"ListItem\",\"@id\":\"https:\\\/\\\/light24.fi\\\/lv\\\/toode\\\/siseruumide_valgustid\\\/suvistatavad-valgustid\\\/medium-shop-square-boxes-2\\\/#listItem\",\"name\":\"Onelight Medium Shop Square Box 3*7W 3000K DIM\"},\"previousItem\":{\"@type\":\"ListItem\",\"@id\":\"https:\\\/\\\/light24.fi\\\/lv\\\/product-category\\\/arhitektuursed-valgustid\\\/#listItem\",\"name\":\"Arhitektuursed valgustid\"}},{\"@type\":\"ListItem\",\"@id\":\"https:\\\/\\\/light24.fi\\\/lv\\\/toode\\\/siseruumide_valgustid\\\/suvistatavad-valgustid\\\/medium-shop-square-boxes-2\\\/#listItem\",\"position\":5,\"name\":\"Onelight Medium Shop Square Box 3*7W 3000K DIM\",\"previousItem\":{\"@type\":\"ListItem\",\"@id\":\"https:\\\/\\\/light24.fi\\\/lv\\\/product-category\\\/arhitektuursed-valgustid\\\/allvalgustid\\\/#listItem\",\"name\":\"Ieb\\u016bv\\u0113jamie gaismek\\u013ci\"}}]},{\"@type\":\"Organization\",\"@id\":\"https:\\\/\\\/light24.fi\\\/lv\\\/#organization\",\"name\":\"Light24\",\"description\":\"Apgaismojums | E-veikals\",\"url\":\"https:\\\/\\\/light24.fi\\\/lv\\\/\",\"telephone\":\"+3725184133\",\"logo\":{\"@type\":\"ImageObject\",\"url\":\"https:\\\/\\\/www.light24.ee\\\/wp-content\\\/uploads\\\/2022\\\/03\\\/Shape-2-3.svg\",\"@id\":\"https:\\\/\\\/light24.fi\\\/lv\\\/toode\\\/siseruumide_valgustid\\\/suvistatavad-valgustid\\\/medium-shop-square-boxes-2\\\/#organizationLogo\"},\"image\":{\"@id\":\"https:\\\/\\\/light24.fi\\\/lv\\\/toode\\\/siseruumide_valgustid\\\/suvistatavad-valgustid\\\/medium-shop-square-boxes-2\\\/#organizationLogo\"},\"sameAs\":[\"https:\\\/\\\/www.facebook.com\\\/light24.ee\",\"https:\\\/\\\/www.instagram.com\\\/light24official\\\/\"]},{\"@type\":\"Product\",\"@id\":\"https:\\\/\\\/light24.fi\\\/lv\\\/toode\\\/siseruumide_valgustid\\\/suvistatavad-valgustid\\\/medium-shop-square-boxes-2\\\/#wooCommerceProduct\",\"name\":\"Onelight Medium Shop Square Box 3*7W 3000K DIM\",\"url\":\"https:\\\/\\\/light24.fi\\\/lv\\\/toode\\\/siseruumide_valgustid\\\/suvistatavad-valgustid\\\/medium-shop-square-boxes-2\\\/\",\"sku\":\"1L100303\",\"image\":{\"@type\":\"ImageObject\",\"url\":\"https:\\\/\\\/light24.fi\\\/wp-content\\\/uploads\\\/2022\\\/11\\\/50307B.jpg\",\"@id\":\"https:\\\/\\\/light24.fi\\\/lv\\\/toode\\\/siseruumide_valgustid\\\/suvistatavad-valgustid\\\/medium-shop-square-boxes-2\\\/#productImage\",\"width\":1000,\"height\":1000},\"offers\":{\"@type\":\"Offer\",\"url\":\"https:\\\/\\\/light24.fi\\\/lv\\\/toode\\\/siseruumide_valgustid\\\/suvistatavad-valgustid\\\/medium-shop-square-boxes-2\\\/#wooCommerceOffer\",\"price\":52,\"priceCurrency\":\"EUR\",\"category\":\"Iek\\u0161telpu gaismek\\u013ci\",\"availability\":\"https:\\\/\\\/schema.org\\\/InStock\",\"priceSpecification\":{\"@type\":\"PriceSpecification\",\"price\":52,\"priceCurrency\":\"EUR\",\"valueAddedTaxIncluded\":\"true\"},\"seller\":{\"@type\":\"Organization\",\"@id\":\"https:\\\/\\\/light24.fi\\\/lv\\\/#organization\"}}},{\"@type\":\"WebPage\",\"@id\":\"https:\\\/\\\/light24.fi\\\/lv\\\/toode\\\/siseruumide_valgustid\\\/suvistatavad-valgustid\\\/medium-shop-square-boxes-2\\\/#webpage\",\"url\":\"https:\\\/\\\/light24.fi\\\/lv\\\/toode\\\/siseruumide_valgustid\\\/suvistatavad-valgustid\\\/medium-shop-square-boxes-2\\\/\",\"name\":\"Onelight Medium Shop Square Box 3*7W 3000K DIM \\u2022 Light24\",\"inLanguage\":\"lv\",\"isPartOf\":{\"@id\":\"https:\\\/\\\/light24.fi\\\/lv\\\/#website\"},\"breadcrumb\":{\"@id\":\"https:\\\/\\\/light24.fi\\\/lv\\\/toode\\\/siseruumide_valgustid\\\/suvistatavad-valgustid\\\/medium-shop-square-boxes-2\\\/#breadcrumblist\"},\"image\":{\"@type\":\"ImageObject\",\"url\":\"https:\\\/\\\/light24.fi\\\/wp-content\\\/uploads\\\/2022\\\/11\\\/50307B.jpg\",\"@id\":\"https:\\\/\\\/light24.fi\\\/lv\\\/toode\\\/siseruumide_valgustid\\\/suvistatavad-valgustid\\\/medium-shop-square-boxes-2\\\/#mainImage\",\"width\":1000,\"height\":1000},\"primaryImageOfPage\":{\"@id\":\"https:\\\/\\\/light24.fi\\\/lv\\\/toode\\\/siseruumide_valgustid\\\/suvistatavad-valgustid\\\/medium-shop-square-boxes-2\\\/#mainImage\"},\"datePublished\":\"2022-11-11T11:14:10+02:00\",\"dateModified\":\"2025-01-02T16:44:43+02:00\"},{\"@type\":\"WebSite\",\"@id\":\"https:\\\/\\\/light24.fi\\\/lv\\\/#website\",\"url\":\"https:\\\/\\\/light24.fi\\\/lv\\\/\",\"name\":\"Light24\",\"description\":\"Apgaismojums | E-veikals\",\"inLanguage\":\"lv\",\"publisher\":{\"@id\":\"https:\\\/\\\/light24.fi\\\/lv\\\/#organization\"}}]}\n\t\t<\/script>\n\t\t<!-- All in One SEO Pro -->\r\n\t\t<title>Onelight Medium Shop Square Box 3*7W 3000K DIM \u2022 Light24<\/title>\n\n","aioseo_head_json":{"title":"Onelight Medium Shop Square Box 3*7W 3000K DIM \u2022 Light24","description":"","canonical_url":"https:\/\/light24.fi\/lv\/toode\/siseruumide_valgustid\/suvistatavad-valgustid\/medium-shop-square-boxes-2\/","robots":"max-image-preview:large","keywords":"","webmasterTools":{"google-site-verification":"nxgDPK3Ouk6bwvuxlwlzeMOKszmf-8m57RDu5zAgN-Y","miscellaneous":""},"schema":{"@context":"https:\/\/schema.org","@graph":[{"@type":"BreadcrumbList","@id":"https:\/\/light24.fi\/lv\/toode\/siseruumide_valgustid\/suvistatavad-valgustid\/medium-shop-square-boxes-2\/#breadcrumblist","itemListElement":[{"@type":"ListItem","@id":"https:\/\/light24.fi\/lv#listItem","position":1,"name":"Home","item":"https:\/\/light24.fi\/lv","nextItem":{"@type":"ListItem","@id":"https:\/\/light24.fi\/lv\/shop\/#listItem","name":"E-veikals"}},{"@type":"ListItem","@id":"https:\/\/light24.fi\/lv\/shop\/#listItem","position":2,"name":"E-veikals","item":"https:\/\/light24.fi\/lv\/shop\/","nextItem":{"@type":"ListItem","@id":"https:\/\/light24.fi\/lv\/product-category\/arhitektuursed-valgustid\/#listItem","name":"Arhitektuursed valgustid"},"previousItem":{"@type":"ListItem","@id":"https:\/\/light24.fi\/lv#listItem","name":"Home"}},{"@type":"ListItem","@id":"https:\/\/light24.fi\/lv\/product-category\/arhitektuursed-valgustid\/#listItem","position":3,"name":"Arhitektuursed valgustid","item":"https:\/\/light24.fi\/lv\/product-category\/arhitektuursed-valgustid\/","nextItem":{"@type":"ListItem","@id":"https:\/\/light24.fi\/lv\/product-category\/arhitektuursed-valgustid\/allvalgustid\/#listItem","name":"Ieb\u016bv\u0113jamie gaismek\u013ci"},"previousItem":{"@type":"ListItem","@id":"https:\/\/light24.fi\/lv\/shop\/#listItem","name":"E-veikals"}},{"@type":"ListItem","@id":"https:\/\/light24.fi\/lv\/product-category\/arhitektuursed-valgustid\/allvalgustid\/#listItem","position":4,"name":"Ieb\u016bv\u0113jamie gaismek\u013ci","item":"https:\/\/light24.fi\/lv\/product-category\/arhitektuursed-valgustid\/allvalgustid\/","nextItem":{"@type":"ListItem","@id":"https:\/\/light24.fi\/lv\/toode\/siseruumide_valgustid\/suvistatavad-valgustid\/medium-shop-square-boxes-2\/#listItem","name":"Onelight Medium Shop Square Box 3*7W 3000K DIM"},"previousItem":{"@type":"ListItem","@id":"https:\/\/light24.fi\/lv\/product-category\/arhitektuursed-valgustid\/#listItem","name":"Arhitektuursed valgustid"}},{"@type":"ListItem","@id":"https:\/\/light24.fi\/lv\/toode\/siseruumide_valgustid\/suvistatavad-valgustid\/medium-shop-square-boxes-2\/#listItem","position":5,"name":"Onelight Medium Shop Square Box 3*7W 3000K DIM","previousItem":{"@type":"ListItem","@id":"https:\/\/light24.fi\/lv\/product-category\/arhitektuursed-valgustid\/allvalgustid\/#listItem","name":"Ieb\u016bv\u0113jamie gaismek\u013ci"}}]},{"@type":"Organization","@id":"https:\/\/light24.fi\/lv\/#organization","name":"Light24","description":"Apgaismojums | E-veikals","url":"https:\/\/light24.fi\/lv\/","telephone":"+3725184133","logo":{"@type":"ImageObject","url":"https:\/\/www.light24.ee\/wp-content\/uploads\/2022\/03\/Shape-2-3.svg","@id":"https:\/\/light24.fi\/lv\/toode\/siseruumide_valgustid\/suvistatavad-valgustid\/medium-shop-square-boxes-2\/#organizationLogo"},"image":{"@id":"https:\/\/light24.fi\/lv\/toode\/siseruumide_valgustid\/suvistatavad-valgustid\/medium-shop-square-boxes-2\/#organizationLogo"},"sameAs":["https:\/\/www.facebook.com\/light24.ee","https:\/\/www.instagram.com\/light24official\/"]},{"@type":"Product","@id":"https:\/\/light24.fi\/lv\/toode\/siseruumide_valgustid\/suvistatavad-valgustid\/medium-shop-square-boxes-2\/#wooCommerceProduct","name":"Onelight Medium Shop Square Box 3*7W 3000K DIM","url":"https:\/\/light24.fi\/lv\/toode\/siseruumide_valgustid\/suvistatavad-valgustid\/medium-shop-square-boxes-2\/","sku":"1L100303","image":{"@type":"ImageObject","url":"https:\/\/light24.fi\/wp-content\/uploads\/2022\/11\/50307B.jpg","@id":"https:\/\/light24.fi\/lv\/toode\/siseruumide_valgustid\/suvistatavad-valgustid\/medium-shop-square-boxes-2\/#productImage","width":1000,"height":1000},"offers":{"@type":"Offer","url":"https:\/\/light24.fi\/lv\/toode\/siseruumide_valgustid\/suvistatavad-valgustid\/medium-shop-square-boxes-2\/#wooCommerceOffer","price":52,"priceCurrency":"EUR","category":"Iek\u0161telpu gaismek\u013ci","availability":"https:\/\/schema.org\/InStock","priceSpecification":{"@type":"PriceSpecification","price":52,"priceCurrency":"EUR","valueAddedTaxIncluded":"true"},"seller":{"@type":"Organization","@id":"https:\/\/light24.fi\/lv\/#organization"}}},{"@type":"WebPage","@id":"https:\/\/light24.fi\/lv\/toode\/siseruumide_valgustid\/suvistatavad-valgustid\/medium-shop-square-boxes-2\/#webpage","url":"https:\/\/light24.fi\/lv\/toode\/siseruumide_valgustid\/suvistatavad-valgustid\/medium-shop-square-boxes-2\/","name":"Onelight Medium Shop Square Box 3*7W 3000K DIM \u2022 Light24","inLanguage":"lv","isPartOf":{"@id":"https:\/\/light24.fi\/lv\/#website"},"breadcrumb":{"@id":"https:\/\/light24.fi\/lv\/toode\/siseruumide_valgustid\/suvistatavad-valgustid\/medium-shop-square-boxes-2\/#breadcrumblist"},"image":{"@type":"ImageObject","url":"https:\/\/light24.fi\/wp-content\/uploads\/2022\/11\/50307B.jpg","@id":"https:\/\/light24.fi\/lv\/toode\/siseruumide_valgustid\/suvistatavad-valgustid\/medium-shop-square-boxes-2\/#mainImage","width":1000,"height":1000},"primaryImageOfPage":{"@id":"https:\/\/light24.fi\/lv\/toode\/siseruumide_valgustid\/suvistatavad-valgustid\/medium-shop-square-boxes-2\/#mainImage"},"datePublished":"2022-11-11T11:14:10+02:00","dateModified":"2025-01-02T16:44:43+02:00"},{"@type":"WebSite","@id":"https:\/\/light24.fi\/lv\/#website","url":"https:\/\/light24.fi\/lv\/","name":"Light24","description":"Apgaismojums | E-veikals","inLanguage":"lv","publisher":{"@id":"https:\/\/light24.fi\/lv\/#organization"}}]},"og:locale":"lv_LV","og:site_name":"Light24 \u2022 Apgaismojums | E-veikals","og:type":"article","og:title":"Onelight Medium Shop Square Box 3*7W 3000K DIM \u2022 Light24","og:url":"https:\/\/light24.fi\/lv\/toode\/siseruumide_valgustid\/suvistatavad-valgustid\/medium-shop-square-boxes-2\/","og:image":"https:\/\/light24.fi\/wp-content\/uploads\/2022\/11\/50307B.jpg","og:image:secure_url":"https:\/\/light24.fi\/wp-content\/uploads\/2022\/11\/50307B.jpg","og:image:width":1000,"og:image:height":1000,"article:published_time":"2022-11-11T09:14:10+00:00","article:modified_time":"2025-01-02T14:44:43+00:00","article:publisher":"https:\/\/www.facebook.com\/light24.ee","twitter:card":"summary","twitter:title":"Onelight Medium Shop Square Box 3*7W 3000K DIM \u2022 Light24","twitter:image":"https:\/\/light24.fi\/wp-content\/uploads\/2022\/11\/50307B.jpg"},"aioseo_meta_data":{"post_id":"109735","title":null,"description":null,"keywords":null,"keyphrases":{"focus":{"keyphrase":"","score":0,"analysis":{"keyphraseInTitle":{"score":0,"maxScore":9,"error":1}}},"additional":[]},"primary_term":null,"canonical_url":null,"og_title":null,"og_description":null,"og_object_type":"default","og_image_type":"default","og_image_url":null,"og_image_width":null,"og_image_height":null,"og_image_custom_url":null,"og_image_custom_fields":null,"og_video":"","og_custom_url":null,"og_article_section":null,"og_article_tags":null,"twitter_use_og":false,"twitter_card":"default","twitter_image_type":"default","twitter_image_url":null,"twitter_image_custom_url":null,"twitter_image_custom_fields":null,"twitter_title":null,"twitter_description":null,"schema":{"blockGraphs":[],"customGraphs":[],"default":{"data":{"Article":[],"Course":[],"Dataset":[],"FAQPage":[],"Movie":[],"Person":[],"Product":[],"ProductReview":[],"Car":[],"Recipe":[],"Service":[],"SoftwareApplication":[],"WebPage":[]},"graphName":"Product","isEnabled":true},"graphs":[],"defaultGraph":"WebPage","defaultPostTypeGraph":""},"schema_type":"default","schema_type_options":"{\"article\":{\"articleType\":\"BlogPosting\"},\"course\":{\"name\":\"\",\"description\":\"\",\"provider\":\"\"},\"faq\":{\"pages\":[]},\"product\":{\"reviews\":[]},\"recipe\":{\"ingredients\":[],\"instructions\":[],\"keywords\":[]},\"software\":{\"reviews\":[],\"operatingSystems\":[]},\"webPage\":{\"webPageType\":\"WebPage\"},\"blockGraphs\":[]}","pillar_content":false,"robots_default":true,"robots_noindex":false,"robots_noarchive":false,"robots_nosnippet":false,"robots_nofollow":false,"robots_noimageindex":false,"robots_noodp":false,"robots_notranslate":false,"robots_max_snippet":"-1","robots_max_videopreview":"-1","robots_max_imagepreview":"large","priority":null,"frequency":"default","local_seo":null,"seo_analyzer_scan_date":"2025-10-27 04:56:17","breadcrumb_settings":null,"limit_modified_date":false,"reviewed_by":null,"open_ai":"{\"title\":{\"suggestions\":[],\"usage\":0},\"description\":{\"suggestions\":[],\"usage\":0}}","ai":null,"created":"2022-11-11 09:14:10","updated":"2025-10-27 04:56:17"},"aioseo_breadcrumb":"<div class=\"aioseo-breadcrumbs\"><span class=\"aioseo-breadcrumb\">\n\t<a href=\"https:\/\/light24.fi\/lv\" title=\"Home\">Home<\/a>\n<\/span><span class=\"aioseo-breadcrumb-separator\">&raquo;<\/span><span class=\"aioseo-breadcrumb\">\n\t<a href=\"https:\/\/light24.fi\/lv\/shop\/\" title=\"E-veikals\">E-veikals<\/a>\n<\/span><span class=\"aioseo-breadcrumb-separator\">&raquo;<\/span><span class=\"aioseo-breadcrumb\">\n\t<a href=\"https:\/\/light24.fi\/lv\/product-category\/arhitektuursed-valgustid\/\" title=\"Arhitektuursed valgustid\">Arhitektuursed valgustid<\/a>\n<\/span><span class=\"aioseo-breadcrumb-separator\">&raquo;<\/span><span class=\"aioseo-breadcrumb\">\n\t<a href=\"https:\/\/light24.fi\/lv\/product-category\/arhitektuursed-valgustid\/allvalgustid\/\" title=\"Ieb\u016bv\u0113jamie gaismek\u013ci\">Ieb\u016bv\u0113jamie gaismek\u013ci<\/a>\n<\/span><span class=\"aioseo-breadcrumb-separator\">&raquo;<\/span><span class=\"aioseo-breadcrumb\">\n\tOnelight Medium Shop Square Box 3*7W 3000K DIM\n<\/span><\/div>","aioseo_breadcrumb_json":[{"label":"Home","link":"https:\/\/light24.fi\/lv"},{"label":"E-veikals","link":"https:\/\/light24.fi\/lv\/shop\/"},{"label":"Arhitektuursed valgustid","link":"https:\/\/light24.fi\/lv\/product-category\/arhitektuursed-valgustid\/"},{"label":"Ieb\u016bv\u0113jamie gaismek\u013ci","link":"https:\/\/light24.fi\/lv\/product-category\/arhitektuursed-valgustid\/allvalgustid\/"},{"label":"Onelight Medium Shop Square Box 3*7W 3000K DIM","link":"https:\/\/light24.fi\/lv\/toode\/siseruumide_valgustid\/suvistatavad-valgustid\/medium-shop-square-boxes-2\/"}],"_links":{"self":[{"href":"https:\/\/light24.fi\/lv\/wp-json\/wp\/v2\/product\/109735","targetHints":{"allow":["GET"]}}],"collection":[{"href":"https:\/\/light24.fi\/lv\/wp-json\/wp\/v2\/product"}],"about":[{"href":"https:\/\/light24.fi\/lv\/wp-json\/wp\/v2\/types\/product"}],"replies":[{"embeddable":true,"href":"https:\/\/light24.fi\/lv\/wp-json\/wp\/v2\/comments?post=109735"}],"wp:featuredmedia":[{"embeddable":true,"href":"https:\/\/light24.fi\/lv\/wp-json\/wp\/v2\/media\/109736"}],"wp:attachment":[{"href":"https:\/\/light24.fi\/lv\/wp-json\/wp\/v2\/media?parent=109735"}],"wp:term":[{"taxonomy":"product_cat","embeddable":true,"href":"https:\/\/light24.fi\/lv\/wp-json\/wp\/v2\/product_cat?post=109735"},{"taxonomy":"product_tag","embeddable":true,"href":"https:\/\/light24.fi\/lv\/wp-json\/wp\/v2\/product_tag?post=109735"}],"curies":[{"name":"wp","href":"https:\/\/api.w.org\/{rel}","templated":true}]}}