{"id":125197,"date":"2024-01-08T13:53:48","date_gmt":"2024-01-08T11:53:48","guid":{"rendered":"https:\/\/light24.ee\/?post_type=product&#038;p=125197"},"modified":"2024-01-08T13:53:48","modified_gmt":"2024-01-08T11:53:48","slug":"sigma-acoustic-pendant","status":"publish","type":"product","link":"https:\/\/light24.fi\/lv\/toode\/arhitektuursed-valgustid\/akustilised-valgustid\/sigma-acoustic-pendant\/","title":{"rendered":"SIGMA ACOUSTIC PENDANT"},"content":{"rendered":"<p>Akustisk\u0101s s\u0113rijas Alphabet ir radusies, mekl\u0113jot jaunus risin\u0101jumus labkl\u0101j\u012bbai darba telp\u0101s un viesn\u012bcu kop\u0113j\u0101s telp\u0101s, integr\u0113jot tos ar apgaismojuma projektu. Pateicoties t\u0101 lielaj\u0101m virsm\u0101m un inovat\u012bvajai pane\u013cu sist\u0113mai, t\u0101 samazina atspulgu ska\u0146u l\u012bdz pat 70%. Ska\u0146as absorbcijas panelis ir ievietots taj\u0101 pa\u0161\u0101 alum\u012bnija profil\u0101, pied\u0101v\u0101jot iesp\u0113ju rad\u012bt ori\u0123in\u0101las kompoz\u012bcijas ar gaismas avotu. Akustisk\u0101s s\u0113rijas LED profila lampu izgatavots no ekstrud\u0113ta alum\u012bnija, pulvera p\u0101rkl\u0101ta ar smalku mat\u0113tu apdari. Izstr\u0101d\u0101ts griestu un piekabes mont\u0101\u017eai, nodro\u0161inot tie\u0161u un netie\u0161u gaismas izstaro\u0161anu, izmantojot SMD 5*2W, katrs 1100 l\u016bmeni. Apgaismojums apr\u012bkots ar jaun\u0101kaj\u0101m LED plat\u0113m, ar nelielu kr\u0101su at\u0161\u0137ir\u012bbu MacAdam 3, saska\u0146\u0101 ar Zhaga 7 gr\u0101matu. Vad\u012bt\u0101ji ON-OFF vai regul\u0113jami.<\/p>\n<p>Izp\u0113tiet <a href=\"https:\/\/alphabetlights.com\/acoustic\/shapes\/sigma-acoustic-pendant\" target=\"_blank\" rel=\"noopener\"><strong>SIGMA ACOUSTIC s\u0113rijas produktu<\/strong><\/a> kl\u0101stu un pieprasiet detaliz\u0113t\u0101ku inform\u0101ciju un pied\u0101v\u0101jumu.<\/p>","protected":false},"excerpt":{"rendered":"<p>Akustisk\u0101s s\u0113rijas Alphabet ir radusies, mekl\u0113jot jaunus risin\u0101jumus labkl\u0101j\u012bbai darba telp\u0101s un viesn\u012bcu kop\u0113j\u0101s telp\u0101s, integr\u0113jot tos ar apgaismojuma projektu. Pateicoties t\u0101 lielaj\u0101m virsm\u0101m un inovat\u012bvajai pane\u013cu sist\u0113mai, t\u0101 samazina atspulgu ska\u0146u l\u012bdz pat 70%. Ska\u0146as absorbcijas panelis ir ievietots taj\u0101 pa\u0161\u0101 alum\u012bnija profil\u0101, pied\u0101v\u0101jot iesp\u0113ju rad\u012bt ori\u0123in\u0101las kompoz\u012bcijas ar gaismas avotu. Akustisk\u0101s s\u0113rijas LED [&hellip;]<\/p>\n","protected":false},"featured_media":125198,"comment_status":"closed","ping_status":"closed","template":"","meta":{"_acf_changed":false},"product_cat":[2904,8288],"product_tag":[7041],"class_list":{"0":"post-125197","1":"product","2":"type-product","3":"status-publish","4":"has-post-thumbnail","6":"product_cat-arhitektuursed-valgustid","7":"product_cat-akustilised-valgustid","8":"product_tag-zambelis","10":"first","11":"instock","12":"taxable","13":"shipping-taxable","14":"product-type-simple"},"acf":[],"aioseo_notices":[],"aioseo_head":"\n\t\t<!-- All in One SEO Pro 4.9.6.2 - aioseo.com -->\n\t<meta name=\"description\" content=\"Akustisk\u0101s s\u0113rijas Alphabet ir radusies, mekl\u0113jot jaunus risin\u0101jumus labkl\u0101j\u012bbai darba telp\u0101s un viesn\u012bcu kop\u0113j\u0101s telp\u0101s, integr\u0113jot tos ar apgaismojuma projektu. Pateicoties t\u0101 lielaj\u0101m virsm\u0101m un inovat\u012bvajai pane\u013cu sist\u0113mai, t\u0101 samazina atspulgu ska\u0146u l\u012bdz pat 70%. Ska\u0146as absorbcijas panelis ir ievietots taj\u0101 pa\u0161\u0101 alum\u012bnija profil\u0101, pied\u0101v\u0101jot iesp\u0113ju rad\u012bt ori\u0123in\u0101las kompoz\u012bcijas ar gaismas avotu. Akustisk\u0101s s\u0113rijas LED\" \/>\n\t<meta name=\"robots\" content=\"max-image-preview:large\" \/>\n\t<meta name=\"google-site-verification\" content=\"nxgDPK3Ouk6bwvuxlwlzeMOKszmf-8m57RDu5zAgN-Y\" \/>\n\t<link rel=\"canonical\" href=\"https:\/\/light24.fi\/lv\/toode\/arhitektuursed-valgustid\/akustilised-valgustid\/sigma-acoustic-pendant\/\" \/>\n\t<meta name=\"generator\" content=\"All in One SEO Pro (AIOSEO) 4.9.6.2\" \/>\n\t\t<meta property=\"og:locale\" content=\"lv_LV\" \/>\n\t\t<meta property=\"og:site_name\" content=\"Light24 \u2022 Apgaismojums | E-veikals\" \/>\n\t\t<meta property=\"og:type\" content=\"article\" \/>\n\t\t<meta property=\"og:title\" content=\"SIGMA ACOUSTIC PENDANT \u2022 Light24\" \/>\n\t\t<meta property=\"og:description\" content=\"Akustisk\u0101s s\u0113rijas Alphabet ir radusies, mekl\u0113jot jaunus risin\u0101jumus labkl\u0101j\u012bbai darba telp\u0101s un viesn\u012bcu kop\u0113j\u0101s telp\u0101s, integr\u0113jot tos ar apgaismojuma projektu. Pateicoties t\u0101 lielaj\u0101m virsm\u0101m un inovat\u012bvajai pane\u013cu sist\u0113mai, t\u0101 samazina atspulgu ska\u0146u l\u012bdz pat 70%. Ska\u0146as absorbcijas panelis ir ievietots taj\u0101 pa\u0161\u0101 alum\u012bnija profil\u0101, pied\u0101v\u0101jot iesp\u0113ju rad\u012bt ori\u0123in\u0101las kompoz\u012bcijas ar gaismas avotu. Akustisk\u0101s s\u0113rijas LED\" \/>\n\t\t<meta property=\"og:url\" content=\"https:\/\/light24.fi\/lv\/toode\/arhitektuursed-valgustid\/akustilised-valgustid\/sigma-acoustic-pendant\/\" \/>\n\t\t<meta property=\"og:image\" content=\"https:\/\/light24.fi\/wp-content\/uploads\/2024\/01\/sigma.jpg\" \/>\n\t\t<meta property=\"og:image:secure_url\" content=\"https:\/\/light24.fi\/wp-content\/uploads\/2024\/01\/sigma.jpg\" \/>\n\t\t<meta property=\"og:image:width\" content=\"780\" \/>\n\t\t<meta property=\"og:image:height\" content=\"780\" \/>\n\t\t<meta property=\"article:published_time\" content=\"2024-01-08T11:53:48+00:00\" \/>\n\t\t<meta property=\"article:modified_time\" content=\"2024-01-08T11:53:48+00:00\" \/>\n\t\t<meta property=\"article:publisher\" content=\"https:\/\/www.facebook.com\/light24.ee\" \/>\n\t\t<meta name=\"twitter:card\" content=\"summary\" \/>\n\t\t<meta name=\"twitter:title\" content=\"SIGMA ACOUSTIC PENDANT \u2022 Light24\" \/>\n\t\t<meta name=\"twitter:description\" content=\"Akustisk\u0101s s\u0113rijas Alphabet ir radusies, mekl\u0113jot jaunus risin\u0101jumus labkl\u0101j\u012bbai darba telp\u0101s un viesn\u012bcu kop\u0113j\u0101s telp\u0101s, integr\u0113jot tos ar apgaismojuma projektu. Pateicoties t\u0101 lielaj\u0101m virsm\u0101m un inovat\u012bvajai pane\u013cu sist\u0113mai, t\u0101 samazina atspulgu ska\u0146u l\u012bdz pat 70%. Ska\u0146as absorbcijas panelis ir ievietots taj\u0101 pa\u0161\u0101 alum\u012bnija profil\u0101, pied\u0101v\u0101jot iesp\u0113ju rad\u012bt ori\u0123in\u0101las kompoz\u012bcijas ar gaismas avotu. Akustisk\u0101s s\u0113rijas LED\" \/>\n\t\t<meta name=\"twitter:image\" content=\"https:\/\/light24.fi\/wp-content\/uploads\/2024\/01\/sigma.jpg\" \/>\n\t\t<script type=\"application\/ld+json\" class=\"aioseo-schema\">\n\t\t\t{\"@context\":\"https:\\\/\\\/schema.org\",\"@graph\":[{\"@type\":\"BreadcrumbList\",\"@id\":\"https:\\\/\\\/light24.fi\\\/lv\\\/toode\\\/arhitektuursed-valgustid\\\/akustilised-valgustid\\\/sigma-acoustic-pendant\\\/#breadcrumblist\",\"itemListElement\":[{\"@type\":\"ListItem\",\"@id\":\"https:\\\/\\\/light24.fi\\\/lv#listItem\",\"position\":1,\"name\":\"Home\",\"item\":\"https:\\\/\\\/light24.fi\\\/lv\",\"nextItem\":{\"@type\":\"ListItem\",\"@id\":\"https:\\\/\\\/light24.fi\\\/lv\\\/shop\\\/#listItem\",\"name\":\"E-veikals\"}},{\"@type\":\"ListItem\",\"@id\":\"https:\\\/\\\/light24.fi\\\/lv\\\/shop\\\/#listItem\",\"position\":2,\"name\":\"E-veikals\",\"item\":\"https:\\\/\\\/light24.fi\\\/lv\\\/shop\\\/\",\"nextItem\":{\"@type\":\"ListItem\",\"@id\":\"https:\\\/\\\/light24.fi\\\/lv\\\/product-category\\\/arhitektuursed-valgustid\\\/#listItem\",\"name\":\"Arhitektuursed valgustid\"},\"previousItem\":{\"@type\":\"ListItem\",\"@id\":\"https:\\\/\\\/light24.fi\\\/lv#listItem\",\"name\":\"Home\"}},{\"@type\":\"ListItem\",\"@id\":\"https:\\\/\\\/light24.fi\\\/lv\\\/product-category\\\/arhitektuursed-valgustid\\\/#listItem\",\"position\":3,\"name\":\"Arhitektuursed valgustid\",\"item\":\"https:\\\/\\\/light24.fi\\\/lv\\\/product-category\\\/arhitektuursed-valgustid\\\/\",\"nextItem\":{\"@type\":\"ListItem\",\"@id\":\"https:\\\/\\\/light24.fi\\\/lv\\\/product-category\\\/arhitektuursed-valgustid\\\/akustilised-valgustid\\\/#listItem\",\"name\":\"Akustiskie gaismek\\u013ci\"},\"previousItem\":{\"@type\":\"ListItem\",\"@id\":\"https:\\\/\\\/light24.fi\\\/lv\\\/shop\\\/#listItem\",\"name\":\"E-veikals\"}},{\"@type\":\"ListItem\",\"@id\":\"https:\\\/\\\/light24.fi\\\/lv\\\/product-category\\\/arhitektuursed-valgustid\\\/akustilised-valgustid\\\/#listItem\",\"position\":4,\"name\":\"Akustiskie gaismek\\u013ci\",\"item\":\"https:\\\/\\\/light24.fi\\\/lv\\\/product-category\\\/arhitektuursed-valgustid\\\/akustilised-valgustid\\\/\",\"nextItem\":{\"@type\":\"ListItem\",\"@id\":\"https:\\\/\\\/light24.fi\\\/lv\\\/toode\\\/arhitektuursed-valgustid\\\/akustilised-valgustid\\\/sigma-acoustic-pendant\\\/#listItem\",\"name\":\"SIGMA ACOUSTIC PENDANT\"},\"previousItem\":{\"@type\":\"ListItem\",\"@id\":\"https:\\\/\\\/light24.fi\\\/lv\\\/product-category\\\/arhitektuursed-valgustid\\\/#listItem\",\"name\":\"Arhitektuursed valgustid\"}},{\"@type\":\"ListItem\",\"@id\":\"https:\\\/\\\/light24.fi\\\/lv\\\/toode\\\/arhitektuursed-valgustid\\\/akustilised-valgustid\\\/sigma-acoustic-pendant\\\/#listItem\",\"position\":5,\"name\":\"SIGMA ACOUSTIC PENDANT\",\"previousItem\":{\"@type\":\"ListItem\",\"@id\":\"https:\\\/\\\/light24.fi\\\/lv\\\/product-category\\\/arhitektuursed-valgustid\\\/akustilised-valgustid\\\/#listItem\",\"name\":\"Akustiskie gaismek\\u013ci\"}}]},{\"@type\":\"Organization\",\"@id\":\"https:\\\/\\\/light24.fi\\\/lv\\\/#organization\",\"name\":\"Light24\",\"description\":\"Apgaismojums | E-veikals\",\"url\":\"https:\\\/\\\/light24.fi\\\/lv\\\/\",\"telephone\":\"+3725184133\",\"logo\":{\"@type\":\"ImageObject\",\"url\":\"https:\\\/\\\/www.light24.ee\\\/wp-content\\\/uploads\\\/2022\\\/03\\\/Shape-2-3.svg\",\"@id\":\"https:\\\/\\\/light24.fi\\\/lv\\\/toode\\\/arhitektuursed-valgustid\\\/akustilised-valgustid\\\/sigma-acoustic-pendant\\\/#organizationLogo\"},\"image\":{\"@id\":\"https:\\\/\\\/light24.fi\\\/lv\\\/toode\\\/arhitektuursed-valgustid\\\/akustilised-valgustid\\\/sigma-acoustic-pendant\\\/#organizationLogo\"},\"sameAs\":[\"https:\\\/\\\/www.facebook.com\\\/light24.ee\",\"https:\\\/\\\/www.instagram.com\\\/light24official\\\/\"]},{\"@type\":\"Product\",\"@id\":\"https:\\\/\\\/light24.fi\\\/lv\\\/toode\\\/arhitektuursed-valgustid\\\/akustilised-valgustid\\\/sigma-acoustic-pendant\\\/#wooCommerceProduct\",\"name\":\"SIGMA ACOUSTIC PENDANT\",\"url\":\"https:\\\/\\\/light24.fi\\\/lv\\\/toode\\\/arhitektuursed-valgustid\\\/akustilised-valgustid\\\/sigma-acoustic-pendant\\\/\",\"sku\":\"ALB11001\",\"image\":{\"@type\":\"ImageObject\",\"url\":\"https:\\\/\\\/light24.fi\\\/wp-content\\\/uploads\\\/2024\\\/01\\\/sigma.jpg\",\"@id\":\"https:\\\/\\\/light24.fi\\\/lv\\\/toode\\\/arhitektuursed-valgustid\\\/akustilised-valgustid\\\/sigma-acoustic-pendant\\\/#productImage\",\"width\":780,\"height\":780},\"offers\":{\"@type\":\"Offer\",\"url\":\"https:\\\/\\\/light24.fi\\\/lv\\\/toode\\\/arhitektuursed-valgustid\\\/akustilised-valgustid\\\/sigma-acoustic-pendant\\\/#wooCommerceOffer\",\"price\":0,\"priceCurrency\":\"EUR\",\"category\":\"Arhitektuursed valgustid\",\"availability\":\"https:\\\/\\\/schema.org\\\/InStock\",\"priceSpecification\":{\"@type\":\"PriceSpecification\",\"price\":0,\"priceCurrency\":\"EUR\",\"valueAddedTaxIncluded\":\"true\"},\"seller\":{\"@type\":\"Organization\",\"@id\":\"https:\\\/\\\/light24.fi\\\/lv\\\/#organization\"}}},{\"@type\":\"WebPage\",\"@id\":\"https:\\\/\\\/light24.fi\\\/lv\\\/toode\\\/arhitektuursed-valgustid\\\/akustilised-valgustid\\\/sigma-acoustic-pendant\\\/#webpage\",\"url\":\"https:\\\/\\\/light24.fi\\\/lv\\\/toode\\\/arhitektuursed-valgustid\\\/akustilised-valgustid\\\/sigma-acoustic-pendant\\\/\",\"name\":\"SIGMA ACOUSTIC PENDANT \\u2022 Light24\",\"description\":\"Akustisk\\u0101s s\\u0113rijas Alphabet ir radusies, mekl\\u0113jot jaunus risin\\u0101jumus labkl\\u0101j\\u012bbai darba telp\\u0101s un viesn\\u012bcu kop\\u0113j\\u0101s telp\\u0101s, integr\\u0113jot tos ar apgaismojuma projektu. Pateicoties t\\u0101 lielaj\\u0101m virsm\\u0101m un inovat\\u012bvajai pane\\u013cu sist\\u0113mai, t\\u0101 samazina atspulgu ska\\u0146u l\\u012bdz pat 70%. Ska\\u0146as absorbcijas panelis ir ievietots taj\\u0101 pa\\u0161\\u0101 alum\\u012bnija profil\\u0101, pied\\u0101v\\u0101jot iesp\\u0113ju rad\\u012bt ori\\u0123in\\u0101las kompoz\\u012bcijas ar gaismas avotu. Akustisk\\u0101s s\\u0113rijas LED\",\"inLanguage\":\"lv\",\"isPartOf\":{\"@id\":\"https:\\\/\\\/light24.fi\\\/lv\\\/#website\"},\"breadcrumb\":{\"@id\":\"https:\\\/\\\/light24.fi\\\/lv\\\/toode\\\/arhitektuursed-valgustid\\\/akustilised-valgustid\\\/sigma-acoustic-pendant\\\/#breadcrumblist\"},\"image\":{\"@type\":\"ImageObject\",\"url\":\"https:\\\/\\\/light24.fi\\\/wp-content\\\/uploads\\\/2024\\\/01\\\/sigma.jpg\",\"@id\":\"https:\\\/\\\/light24.fi\\\/lv\\\/toode\\\/arhitektuursed-valgustid\\\/akustilised-valgustid\\\/sigma-acoustic-pendant\\\/#mainImage\",\"width\":780,\"height\":780},\"primaryImageOfPage\":{\"@id\":\"https:\\\/\\\/light24.fi\\\/lv\\\/toode\\\/arhitektuursed-valgustid\\\/akustilised-valgustid\\\/sigma-acoustic-pendant\\\/#mainImage\"},\"datePublished\":\"2024-01-08T13:53:48+02:00\",\"dateModified\":\"2024-01-08T13:53:48+02:00\"},{\"@type\":\"WebSite\",\"@id\":\"https:\\\/\\\/light24.fi\\\/lv\\\/#website\",\"url\":\"https:\\\/\\\/light24.fi\\\/lv\\\/\",\"name\":\"Light24\",\"description\":\"Apgaismojums | E-veikals\",\"inLanguage\":\"lv\",\"publisher\":{\"@id\":\"https:\\\/\\\/light24.fi\\\/lv\\\/#organization\"}}]}\n\t\t<\/script>\n\t\t<!-- All in One SEO Pro -->\r\n\t\t<title>SIGMA ACOUSTIC PENDANT \u2022 Light24<\/title>\n\n","aioseo_head_json":{"title":"SIGMA ACOUSTIC PENDANT \u2022 Light24","description":"Akustisk\u0101s s\u0113rijas Alphabet ir radusies, mekl\u0113jot jaunus risin\u0101jumus labkl\u0101j\u012bbai darba telp\u0101s un viesn\u012bcu kop\u0113j\u0101s telp\u0101s, integr\u0113jot tos ar apgaismojuma projektu. Pateicoties t\u0101 lielaj\u0101m virsm\u0101m un inovat\u012bvajai pane\u013cu sist\u0113mai, t\u0101 samazina atspulgu ska\u0146u l\u012bdz pat 70%. Ska\u0146as absorbcijas panelis ir ievietots taj\u0101 pa\u0161\u0101 alum\u012bnija profil\u0101, pied\u0101v\u0101jot iesp\u0113ju rad\u012bt ori\u0123in\u0101las kompoz\u012bcijas ar gaismas avotu. Akustisk\u0101s s\u0113rijas LED","canonical_url":"https:\/\/light24.fi\/lv\/toode\/arhitektuursed-valgustid\/akustilised-valgustid\/sigma-acoustic-pendant\/","robots":"max-image-preview:large","keywords":"","webmasterTools":{"google-site-verification":"nxgDPK3Ouk6bwvuxlwlzeMOKszmf-8m57RDu5zAgN-Y","miscellaneous":""},"schema":{"@context":"https:\/\/schema.org","@graph":[{"@type":"BreadcrumbList","@id":"https:\/\/light24.fi\/lv\/toode\/arhitektuursed-valgustid\/akustilised-valgustid\/sigma-acoustic-pendant\/#breadcrumblist","itemListElement":[{"@type":"ListItem","@id":"https:\/\/light24.fi\/lv#listItem","position":1,"name":"Home","item":"https:\/\/light24.fi\/lv","nextItem":{"@type":"ListItem","@id":"https:\/\/light24.fi\/lv\/shop\/#listItem","name":"E-veikals"}},{"@type":"ListItem","@id":"https:\/\/light24.fi\/lv\/shop\/#listItem","position":2,"name":"E-veikals","item":"https:\/\/light24.fi\/lv\/shop\/","nextItem":{"@type":"ListItem","@id":"https:\/\/light24.fi\/lv\/product-category\/arhitektuursed-valgustid\/#listItem","name":"Arhitektuursed valgustid"},"previousItem":{"@type":"ListItem","@id":"https:\/\/light24.fi\/lv#listItem","name":"Home"}},{"@type":"ListItem","@id":"https:\/\/light24.fi\/lv\/product-category\/arhitektuursed-valgustid\/#listItem","position":3,"name":"Arhitektuursed valgustid","item":"https:\/\/light24.fi\/lv\/product-category\/arhitektuursed-valgustid\/","nextItem":{"@type":"ListItem","@id":"https:\/\/light24.fi\/lv\/product-category\/arhitektuursed-valgustid\/akustilised-valgustid\/#listItem","name":"Akustiskie gaismek\u013ci"},"previousItem":{"@type":"ListItem","@id":"https:\/\/light24.fi\/lv\/shop\/#listItem","name":"E-veikals"}},{"@type":"ListItem","@id":"https:\/\/light24.fi\/lv\/product-category\/arhitektuursed-valgustid\/akustilised-valgustid\/#listItem","position":4,"name":"Akustiskie gaismek\u013ci","item":"https:\/\/light24.fi\/lv\/product-category\/arhitektuursed-valgustid\/akustilised-valgustid\/","nextItem":{"@type":"ListItem","@id":"https:\/\/light24.fi\/lv\/toode\/arhitektuursed-valgustid\/akustilised-valgustid\/sigma-acoustic-pendant\/#listItem","name":"SIGMA ACOUSTIC PENDANT"},"previousItem":{"@type":"ListItem","@id":"https:\/\/light24.fi\/lv\/product-category\/arhitektuursed-valgustid\/#listItem","name":"Arhitektuursed valgustid"}},{"@type":"ListItem","@id":"https:\/\/light24.fi\/lv\/toode\/arhitektuursed-valgustid\/akustilised-valgustid\/sigma-acoustic-pendant\/#listItem","position":5,"name":"SIGMA ACOUSTIC PENDANT","previousItem":{"@type":"ListItem","@id":"https:\/\/light24.fi\/lv\/product-category\/arhitektuursed-valgustid\/akustilised-valgustid\/#listItem","name":"Akustiskie gaismek\u013ci"}}]},{"@type":"Organization","@id":"https:\/\/light24.fi\/lv\/#organization","name":"Light24","description":"Apgaismojums | E-veikals","url":"https:\/\/light24.fi\/lv\/","telephone":"+3725184133","logo":{"@type":"ImageObject","url":"https:\/\/www.light24.ee\/wp-content\/uploads\/2022\/03\/Shape-2-3.svg","@id":"https:\/\/light24.fi\/lv\/toode\/arhitektuursed-valgustid\/akustilised-valgustid\/sigma-acoustic-pendant\/#organizationLogo"},"image":{"@id":"https:\/\/light24.fi\/lv\/toode\/arhitektuursed-valgustid\/akustilised-valgustid\/sigma-acoustic-pendant\/#organizationLogo"},"sameAs":["https:\/\/www.facebook.com\/light24.ee","https:\/\/www.instagram.com\/light24official\/"]},{"@type":"Product","@id":"https:\/\/light24.fi\/lv\/toode\/arhitektuursed-valgustid\/akustilised-valgustid\/sigma-acoustic-pendant\/#wooCommerceProduct","name":"SIGMA ACOUSTIC PENDANT","url":"https:\/\/light24.fi\/lv\/toode\/arhitektuursed-valgustid\/akustilised-valgustid\/sigma-acoustic-pendant\/","sku":"ALB11001","image":{"@type":"ImageObject","url":"https:\/\/light24.fi\/wp-content\/uploads\/2024\/01\/sigma.jpg","@id":"https:\/\/light24.fi\/lv\/toode\/arhitektuursed-valgustid\/akustilised-valgustid\/sigma-acoustic-pendant\/#productImage","width":780,"height":780},"offers":{"@type":"Offer","url":"https:\/\/light24.fi\/lv\/toode\/arhitektuursed-valgustid\/akustilised-valgustid\/sigma-acoustic-pendant\/#wooCommerceOffer","price":0,"priceCurrency":"EUR","category":"Arhitektuursed valgustid","availability":"https:\/\/schema.org\/InStock","priceSpecification":{"@type":"PriceSpecification","price":0,"priceCurrency":"EUR","valueAddedTaxIncluded":"true"},"seller":{"@type":"Organization","@id":"https:\/\/light24.fi\/lv\/#organization"}}},{"@type":"WebPage","@id":"https:\/\/light24.fi\/lv\/toode\/arhitektuursed-valgustid\/akustilised-valgustid\/sigma-acoustic-pendant\/#webpage","url":"https:\/\/light24.fi\/lv\/toode\/arhitektuursed-valgustid\/akustilised-valgustid\/sigma-acoustic-pendant\/","name":"SIGMA ACOUSTIC PENDANT \u2022 Light24","description":"Akustisk\u0101s s\u0113rijas Alphabet ir radusies, mekl\u0113jot jaunus risin\u0101jumus labkl\u0101j\u012bbai darba telp\u0101s un viesn\u012bcu kop\u0113j\u0101s telp\u0101s, integr\u0113jot tos ar apgaismojuma projektu. Pateicoties t\u0101 lielaj\u0101m virsm\u0101m un inovat\u012bvajai pane\u013cu sist\u0113mai, t\u0101 samazina atspulgu ska\u0146u l\u012bdz pat 70%. Ska\u0146as absorbcijas panelis ir ievietots taj\u0101 pa\u0161\u0101 alum\u012bnija profil\u0101, pied\u0101v\u0101jot iesp\u0113ju rad\u012bt ori\u0123in\u0101las kompoz\u012bcijas ar gaismas avotu. Akustisk\u0101s s\u0113rijas LED","inLanguage":"lv","isPartOf":{"@id":"https:\/\/light24.fi\/lv\/#website"},"breadcrumb":{"@id":"https:\/\/light24.fi\/lv\/toode\/arhitektuursed-valgustid\/akustilised-valgustid\/sigma-acoustic-pendant\/#breadcrumblist"},"image":{"@type":"ImageObject","url":"https:\/\/light24.fi\/wp-content\/uploads\/2024\/01\/sigma.jpg","@id":"https:\/\/light24.fi\/lv\/toode\/arhitektuursed-valgustid\/akustilised-valgustid\/sigma-acoustic-pendant\/#mainImage","width":780,"height":780},"primaryImageOfPage":{"@id":"https:\/\/light24.fi\/lv\/toode\/arhitektuursed-valgustid\/akustilised-valgustid\/sigma-acoustic-pendant\/#mainImage"},"datePublished":"2024-01-08T13:53:48+02:00","dateModified":"2024-01-08T13:53:48+02:00"},{"@type":"WebSite","@id":"https:\/\/light24.fi\/lv\/#website","url":"https:\/\/light24.fi\/lv\/","name":"Light24","description":"Apgaismojums | E-veikals","inLanguage":"lv","publisher":{"@id":"https:\/\/light24.fi\/lv\/#organization"}}]},"og:locale":"lv_LV","og:site_name":"Light24 \u2022 Apgaismojums | E-veikals","og:type":"article","og:title":"SIGMA ACOUSTIC PENDANT \u2022 Light24","og:description":"Akustisk\u0101s s\u0113rijas Alphabet ir radusies, mekl\u0113jot jaunus risin\u0101jumus labkl\u0101j\u012bbai darba telp\u0101s un viesn\u012bcu kop\u0113j\u0101s telp\u0101s, integr\u0113jot tos ar apgaismojuma projektu. Pateicoties t\u0101 lielaj\u0101m virsm\u0101m un inovat\u012bvajai pane\u013cu sist\u0113mai, t\u0101 samazina atspulgu ska\u0146u l\u012bdz pat 70%. Ska\u0146as absorbcijas panelis ir ievietots taj\u0101 pa\u0161\u0101 alum\u012bnija profil\u0101, pied\u0101v\u0101jot iesp\u0113ju rad\u012bt ori\u0123in\u0101las kompoz\u012bcijas ar gaismas avotu. Akustisk\u0101s s\u0113rijas LED","og:url":"https:\/\/light24.fi\/lv\/toode\/arhitektuursed-valgustid\/akustilised-valgustid\/sigma-acoustic-pendant\/","og:image":"https:\/\/light24.fi\/wp-content\/uploads\/2024\/01\/sigma.jpg","og:image:secure_url":"https:\/\/light24.fi\/wp-content\/uploads\/2024\/01\/sigma.jpg","og:image:width":780,"og:image:height":780,"article:published_time":"2024-01-08T11:53:48+00:00","article:modified_time":"2024-01-08T11:53:48+00:00","article:publisher":"https:\/\/www.facebook.com\/light24.ee","twitter:card":"summary","twitter:title":"SIGMA ACOUSTIC PENDANT \u2022 Light24","twitter:description":"Akustisk\u0101s s\u0113rijas Alphabet ir radusies, mekl\u0113jot jaunus risin\u0101jumus labkl\u0101j\u012bbai darba telp\u0101s un viesn\u012bcu kop\u0113j\u0101s telp\u0101s, integr\u0113jot tos ar apgaismojuma projektu. Pateicoties t\u0101 lielaj\u0101m virsm\u0101m un inovat\u012bvajai pane\u013cu sist\u0113mai, t\u0101 samazina atspulgu ska\u0146u l\u012bdz pat 70%. Ska\u0146as absorbcijas panelis ir ievietots taj\u0101 pa\u0161\u0101 alum\u012bnija profil\u0101, pied\u0101v\u0101jot iesp\u0113ju rad\u012bt ori\u0123in\u0101las kompoz\u012bcijas ar gaismas avotu. Akustisk\u0101s s\u0113rijas LED","twitter:image":"https:\/\/light24.fi\/wp-content\/uploads\/2024\/01\/sigma.jpg"},"aioseo_meta_data":{"post_id":"125197","title":null,"description":null,"keywords":[],"keyphrases":{"focus":{"keyphrase":"","score":0,"analysis":{"keyphraseInTitle":{"score":0,"maxScore":9,"error":1}}},"additional":[]},"primary_term":null,"canonical_url":null,"og_title":null,"og_description":null,"og_object_type":"default","og_image_type":"default","og_image_url":null,"og_image_width":null,"og_image_height":null,"og_image_custom_url":null,"og_image_custom_fields":null,"og_video":"","og_custom_url":null,"og_article_section":null,"og_article_tags":[],"twitter_use_og":false,"twitter_card":"default","twitter_image_type":"default","twitter_image_url":null,"twitter_image_custom_url":null,"twitter_image_custom_fields":null,"twitter_title":null,"twitter_description":null,"schema":{"blockGraphs":[],"customGraphs":[],"default":{"data":{"Article":[],"Course":[],"Dataset":[],"FAQPage":[],"Movie":[],"Person":[],"Product":[],"ProductReview":[],"Car":[],"Recipe":[],"Service":[],"SoftwareApplication":[],"WebPage":[]},"graphName":"ItemPage","isEnabled":true},"graphs":[]},"schema_type":"default","schema_type_options":null,"pillar_content":false,"robots_default":true,"robots_noindex":false,"robots_noarchive":false,"robots_nosnippet":false,"robots_nofollow":false,"robots_noimageindex":false,"robots_noodp":false,"robots_notranslate":false,"robots_max_snippet":"-1","robots_max_videopreview":"-1","robots_max_imagepreview":"large","priority":null,"frequency":"default","local_seo":null,"seo_analyzer_scan_date":"2025-10-27 11:09:08","breadcrumb_settings":null,"limit_modified_date":false,"reviewed_by":null,"open_ai":"{\"title\":{\"suggestions\":[],\"usage\":0},\"description\":{\"suggestions\":[],\"usage\":0}}","ai":null,"created":"2024-01-06 18:06:20","updated":"2025-10-27 11:09:08"},"aioseo_breadcrumb":"<div class=\"aioseo-breadcrumbs\"><span class=\"aioseo-breadcrumb\">\n\t<a href=\"https:\/\/light24.fi\/lv\" title=\"Home\">Home<\/a>\n<\/span><span class=\"aioseo-breadcrumb-separator\">&raquo;<\/span><span class=\"aioseo-breadcrumb\">\n\t<a href=\"https:\/\/light24.fi\/lv\/shop\/\" title=\"E-veikals\">E-veikals<\/a>\n<\/span><span class=\"aioseo-breadcrumb-separator\">&raquo;<\/span><span class=\"aioseo-breadcrumb\">\n\t<a href=\"https:\/\/light24.fi\/lv\/product-category\/arhitektuursed-valgustid\/\" title=\"Arhitektuursed valgustid\">Arhitektuursed valgustid<\/a>\n<\/span><span class=\"aioseo-breadcrumb-separator\">&raquo;<\/span><span class=\"aioseo-breadcrumb\">\n\t<a href=\"https:\/\/light24.fi\/lv\/product-category\/arhitektuursed-valgustid\/akustilised-valgustid\/\" title=\"Akustiskie gaismek\u013ci\">Akustiskie gaismek\u013ci<\/a>\n<\/span><span class=\"aioseo-breadcrumb-separator\">&raquo;<\/span><span class=\"aioseo-breadcrumb\">\n\tSIGMA ACOUSTIC PENDANT\n<\/span><\/div>","aioseo_breadcrumb_json":[{"label":"Home","link":"https:\/\/light24.fi\/lv"},{"label":"E-veikals","link":"https:\/\/light24.fi\/lv\/shop\/"},{"label":"Arhitektuursed valgustid","link":"https:\/\/light24.fi\/lv\/product-category\/arhitektuursed-valgustid\/"},{"label":"Akustiskie gaismek\u013ci","link":"https:\/\/light24.fi\/lv\/product-category\/arhitektuursed-valgustid\/akustilised-valgustid\/"},{"label":"SIGMA ACOUSTIC PENDANT","link":"https:\/\/light24.fi\/lv\/toode\/arhitektuursed-valgustid\/akustilised-valgustid\/sigma-acoustic-pendant\/"}],"_links":{"self":[{"href":"https:\/\/light24.fi\/lv\/wp-json\/wp\/v2\/product\/125197","targetHints":{"allow":["GET"]}}],"collection":[{"href":"https:\/\/light24.fi\/lv\/wp-json\/wp\/v2\/product"}],"about":[{"href":"https:\/\/light24.fi\/lv\/wp-json\/wp\/v2\/types\/product"}],"replies":[{"embeddable":true,"href":"https:\/\/light24.fi\/lv\/wp-json\/wp\/v2\/comments?post=125197"}],"wp:featuredmedia":[{"embeddable":true,"href":"https:\/\/light24.fi\/lv\/wp-json\/wp\/v2\/media\/125198"}],"wp:attachment":[{"href":"https:\/\/light24.fi\/lv\/wp-json\/wp\/v2\/media?parent=125197"}],"wp:term":[{"taxonomy":"product_cat","embeddable":true,"href":"https:\/\/light24.fi\/lv\/wp-json\/wp\/v2\/product_cat?post=125197"},{"taxonomy":"product_tag","embeddable":true,"href":"https:\/\/light24.fi\/lv\/wp-json\/wp\/v2\/product_tag?post=125197"}],"curies":[{"name":"wp","href":"https:\/\/api.w.org\/{rel}","templated":true}]}}