{"id":154764,"date":"2026-01-18T18:49:05","date_gmt":"2026-01-18T16:49:05","guid":{"rendered":"https:\/\/light24.ee\/?post_type=product&#038;p=154764"},"modified":"2026-01-18T18:57:00","modified_gmt":"2026-01-18T16:57:00","slug":"veekindel-uhenduskarbik-3x25-mm%c2%b2-24a-ip68","status":"publish","type":"product","link":"https:\/\/light24.fi\/lv\/toode\/lisad\/lisaseadmed\/veekindel-uhenduskarbik-3x25-mm%c2%b2-24a-ip68\/","title":{"rendered":"\u016adensiztur\u012bga sadales k\u0101rba 3\u00d72,5 mm\u00b2 24 A IP68"},"content":{"rendered":"","protected":false},"excerpt":{"rendered":"","protected":false},"featured_media":154765,"comment_status":"closed","ping_status":"closed","template":"","meta":{"_acf_changed":false},"product_cat":[268,275],"product_tag":[1014],"class_list":{"0":"post-154764","1":"product","2":"type-product","3":"status-publish","4":"has-post-thumbnail","6":"product_cat-lisad","7":"product_cat-lisaseadmed","8":"product_tag-light24","9":"product_shipping_class-small","10":"pa_otstarve-detailid-valgustile","11":"pa_tarneaeg-3-paeva","12":"pa_tehnilised-andmed-max-450v-24a","13":"pa_varv-must","15":"first","16":"instock","17":"taxable","18":"shipping-taxable","19":"purchasable","20":"product-type-simple"},"acf":[],"aioseo_notices":[],"aioseo_head":"\n\t\t<!-- All in One SEO Pro 4.9.6.2 - aioseo.com -->\n\t<meta name=\"robots\" content=\"max-image-preview:large\" \/>\n\t<meta name=\"google-site-verification\" content=\"nxgDPK3Ouk6bwvuxlwlzeMOKszmf-8m57RDu5zAgN-Y\" \/>\n\t<link rel=\"canonical\" href=\"https:\/\/light24.fi\/lv\/toode\/lisad\/lisaseadmed\/veekindel-uhenduskarbik-3x25-mm%c2%b2-24a-ip68\/\" \/>\n\t<meta name=\"generator\" content=\"All in One SEO Pro (AIOSEO) 4.9.6.2\" \/>\n\t\t<meta property=\"og:locale\" content=\"lv_LV\" \/>\n\t\t<meta property=\"og:site_name\" content=\"Light24 \u2022 Apgaismojums | E-veikals\" \/>\n\t\t<meta property=\"og:type\" content=\"article\" \/>\n\t\t<meta property=\"og:title\" content=\"\u016adensiztur\u012bga sadales k\u0101rba 3\u00d72,5 mm\u00b2 24 A IP68 \u2022 Light24\" \/>\n\t\t<meta property=\"og:url\" content=\"https:\/\/light24.fi\/lv\/toode\/lisad\/lisaseadmed\/veekindel-uhenduskarbik-3x25-mm%c2%b2-24a-ip68\/\" \/>\n\t\t<meta property=\"og:image\" content=\"https:\/\/light24.fi\/wp-content\/uploads\/2026\/01\/connector___3.jpg\" \/>\n\t\t<meta property=\"og:image:secure_url\" content=\"https:\/\/light24.fi\/wp-content\/uploads\/2026\/01\/connector___3.jpg\" \/>\n\t\t<meta property=\"og:image:width\" content=\"898\" \/>\n\t\t<meta property=\"og:image:height\" content=\"898\" \/>\n\t\t<meta property=\"article:published_time\" content=\"2026-01-18T16:49:05+00:00\" \/>\n\t\t<meta property=\"article:modified_time\" content=\"2026-01-18T16:57:00+00:00\" \/>\n\t\t<meta property=\"article:publisher\" content=\"https:\/\/www.facebook.com\/light24.ee\" \/>\n\t\t<meta name=\"twitter:card\" content=\"summary\" \/>\n\t\t<meta name=\"twitter:title\" content=\"\u016adensiztur\u012bga sadales k\u0101rba 3\u00d72,5 mm\u00b2 24 A IP68 \u2022 Light24\" \/>\n\t\t<meta name=\"twitter:image\" content=\"https:\/\/light24.fi\/wp-content\/uploads\/2026\/01\/connector___3.jpg\" \/>\n\t\t<script type=\"application\/ld+json\" class=\"aioseo-schema\">\n\t\t\t{\"@context\":\"https:\\\/\\\/schema.org\",\"@graph\":[{\"@type\":\"BreadcrumbList\",\"@id\":\"https:\\\/\\\/light24.fi\\\/lv\\\/toode\\\/lisad\\\/lisaseadmed\\\/veekindel-uhenduskarbik-3x25-mm%c2%b2-24a-ip68\\\/#breadcrumblist\",\"itemListElement\":[{\"@type\":\"ListItem\",\"@id\":\"https:\\\/\\\/light24.fi\\\/lv#listItem\",\"position\":1,\"name\":\"Home\",\"item\":\"https:\\\/\\\/light24.fi\\\/lv\",\"nextItem\":{\"@type\":\"ListItem\",\"@id\":\"https:\\\/\\\/light24.fi\\\/lv\\\/shop\\\/#listItem\",\"name\":\"E-veikals\"}},{\"@type\":\"ListItem\",\"@id\":\"https:\\\/\\\/light24.fi\\\/lv\\\/shop\\\/#listItem\",\"position\":2,\"name\":\"E-veikals\",\"item\":\"https:\\\/\\\/light24.fi\\\/lv\\\/shop\\\/\",\"nextItem\":{\"@type\":\"ListItem\",\"@id\":\"https:\\\/\\\/light24.fi\\\/lv\\\/product-category\\\/lisad\\\/#listItem\",\"name\":\"Gaismas avoti un piederumi\"},\"previousItem\":{\"@type\":\"ListItem\",\"@id\":\"https:\\\/\\\/light24.fi\\\/lv#listItem\",\"name\":\"Home\"}},{\"@type\":\"ListItem\",\"@id\":\"https:\\\/\\\/light24.fi\\\/lv\\\/product-category\\\/lisad\\\/#listItem\",\"position\":3,\"name\":\"Gaismas avoti un piederumi\",\"item\":\"https:\\\/\\\/light24.fi\\\/lv\\\/product-category\\\/lisad\\\/\",\"nextItem\":{\"@type\":\"ListItem\",\"@id\":\"https:\\\/\\\/light24.fi\\\/lv\\\/product-category\\\/lisad\\\/lisaseadmed\\\/#listItem\",\"name\":\"Piederumi\"},\"previousItem\":{\"@type\":\"ListItem\",\"@id\":\"https:\\\/\\\/light24.fi\\\/lv\\\/shop\\\/#listItem\",\"name\":\"E-veikals\"}},{\"@type\":\"ListItem\",\"@id\":\"https:\\\/\\\/light24.fi\\\/lv\\\/product-category\\\/lisad\\\/lisaseadmed\\\/#listItem\",\"position\":4,\"name\":\"Piederumi\",\"item\":\"https:\\\/\\\/light24.fi\\\/lv\\\/product-category\\\/lisad\\\/lisaseadmed\\\/\",\"nextItem\":{\"@type\":\"ListItem\",\"@id\":\"https:\\\/\\\/light24.fi\\\/lv\\\/toode\\\/lisad\\\/lisaseadmed\\\/veekindel-uhenduskarbik-3x25-mm%c2%b2-24a-ip68\\\/#listItem\",\"name\":\"\\u016adensiztur\\u012bga sadales k\\u0101rba 3\\u00d72,5 mm\\u00b2 24 A IP68\"},\"previousItem\":{\"@type\":\"ListItem\",\"@id\":\"https:\\\/\\\/light24.fi\\\/lv\\\/product-category\\\/lisad\\\/#listItem\",\"name\":\"Gaismas avoti un piederumi\"}},{\"@type\":\"ListItem\",\"@id\":\"https:\\\/\\\/light24.fi\\\/lv\\\/toode\\\/lisad\\\/lisaseadmed\\\/veekindel-uhenduskarbik-3x25-mm%c2%b2-24a-ip68\\\/#listItem\",\"position\":5,\"name\":\"\\u016adensiztur\\u012bga sadales k\\u0101rba 3\\u00d72,5 mm\\u00b2 24 A IP68\",\"previousItem\":{\"@type\":\"ListItem\",\"@id\":\"https:\\\/\\\/light24.fi\\\/lv\\\/product-category\\\/lisad\\\/lisaseadmed\\\/#listItem\",\"name\":\"Piederumi\"}}]},{\"@type\":\"Organization\",\"@id\":\"https:\\\/\\\/light24.fi\\\/lv\\\/#organization\",\"name\":\"Light24\",\"description\":\"Apgaismojums | E-veikals\",\"url\":\"https:\\\/\\\/light24.fi\\\/lv\\\/\",\"telephone\":\"+3725184133\",\"logo\":{\"@type\":\"ImageObject\",\"url\":\"https:\\\/\\\/www.light24.ee\\\/wp-content\\\/uploads\\\/2022\\\/03\\\/Shape-2-3.svg\",\"@id\":\"https:\\\/\\\/light24.fi\\\/lv\\\/toode\\\/lisad\\\/lisaseadmed\\\/veekindel-uhenduskarbik-3x25-mm%c2%b2-24a-ip68\\\/#organizationLogo\"},\"image\":{\"@id\":\"https:\\\/\\\/light24.fi\\\/lv\\\/toode\\\/lisad\\\/lisaseadmed\\\/veekindel-uhenduskarbik-3x25-mm%c2%b2-24a-ip68\\\/#organizationLogo\"},\"sameAs\":[\"https:\\\/\\\/www.facebook.com\\\/light24.ee\",\"https:\\\/\\\/www.instagram.com\\\/light24official\\\/\"]},{\"@type\":\"Product\",\"@id\":\"https:\\\/\\\/light24.fi\\\/lv\\\/toode\\\/lisad\\\/lisaseadmed\\\/veekindel-uhenduskarbik-3x25-mm%c2%b2-24a-ip68\\\/#wooCommerceProduct\",\"name\":\"\\u016adensiztur\\u012bga sadales k\\u0101rba 3\\u00d72,5 mm\\u00b2 24 A IP68\",\"url\":\"https:\\\/\\\/light24.fi\\\/lv\\\/toode\\\/lisad\\\/lisaseadmed\\\/veekindel-uhenduskarbik-3x25-mm%c2%b2-24a-ip68\\\/\",\"sku\":\"LGT82012-3\",\"image\":{\"@type\":\"ImageObject\",\"url\":\"https:\\\/\\\/light24.fi\\\/wp-content\\\/uploads\\\/2026\\\/01\\\/connector___3.jpg\",\"@id\":\"https:\\\/\\\/light24.fi\\\/lv\\\/toode\\\/lisad\\\/lisaseadmed\\\/veekindel-uhenduskarbik-3x25-mm%c2%b2-24a-ip68\\\/#productImage\",\"width\":898,\"height\":898},\"offers\":{\"@type\":\"Offer\",\"url\":\"https:\\\/\\\/light24.fi\\\/lv\\\/toode\\\/lisad\\\/lisaseadmed\\\/veekindel-uhenduskarbik-3x25-mm%c2%b2-24a-ip68\\\/#wooCommerceOffer\",\"price\":7.9,\"priceCurrency\":\"EUR\",\"category\":\"Gaismas avoti un piederumi\",\"availability\":\"https:\\\/\\\/schema.org\\\/InStock\",\"priceSpecification\":{\"@type\":\"PriceSpecification\",\"price\":7.9,\"priceCurrency\":\"EUR\",\"valueAddedTaxIncluded\":\"true\"},\"seller\":{\"@type\":\"Organization\",\"@id\":\"https:\\\/\\\/light24.fi\\\/lv\\\/#organization\"}}},{\"@type\":\"WebPage\",\"@id\":\"https:\\\/\\\/light24.fi\\\/lv\\\/toode\\\/lisad\\\/lisaseadmed\\\/veekindel-uhenduskarbik-3x25-mm%c2%b2-24a-ip68\\\/#webpage\",\"url\":\"https:\\\/\\\/light24.fi\\\/lv\\\/toode\\\/lisad\\\/lisaseadmed\\\/veekindel-uhenduskarbik-3x25-mm%c2%b2-24a-ip68\\\/\",\"name\":\"\\u016adensiztur\\u012bga sadales k\\u0101rba 3\\u00d72,5 mm\\u00b2 24 A IP68 \\u2022 Light24\",\"inLanguage\":\"lv\",\"isPartOf\":{\"@id\":\"https:\\\/\\\/light24.fi\\\/lv\\\/#website\"},\"breadcrumb\":{\"@id\":\"https:\\\/\\\/light24.fi\\\/lv\\\/toode\\\/lisad\\\/lisaseadmed\\\/veekindel-uhenduskarbik-3x25-mm%c2%b2-24a-ip68\\\/#breadcrumblist\"},\"image\":{\"@type\":\"ImageObject\",\"url\":\"https:\\\/\\\/light24.fi\\\/wp-content\\\/uploads\\\/2026\\\/01\\\/connector___3.jpg\",\"@id\":\"https:\\\/\\\/light24.fi\\\/lv\\\/toode\\\/lisad\\\/lisaseadmed\\\/veekindel-uhenduskarbik-3x25-mm%c2%b2-24a-ip68\\\/#mainImage\",\"width\":898,\"height\":898},\"primaryImageOfPage\":{\"@id\":\"https:\\\/\\\/light24.fi\\\/lv\\\/toode\\\/lisad\\\/lisaseadmed\\\/veekindel-uhenduskarbik-3x25-mm%c2%b2-24a-ip68\\\/#mainImage\"},\"datePublished\":\"2026-01-18T18:49:05+02:00\",\"dateModified\":\"2026-01-18T18:57:00+02:00\"},{\"@type\":\"WebSite\",\"@id\":\"https:\\\/\\\/light24.fi\\\/lv\\\/#website\",\"url\":\"https:\\\/\\\/light24.fi\\\/lv\\\/\",\"name\":\"Light24\",\"description\":\"Apgaismojums | E-veikals\",\"inLanguage\":\"lv\",\"publisher\":{\"@id\":\"https:\\\/\\\/light24.fi\\\/lv\\\/#organization\"}}]}\n\t\t<\/script>\n\t\t<!-- All in One SEO Pro -->\r\n\t\t<title>\u016adensiztur\u012bga sadales k\u0101rba 3\u00d72,5 mm\u00b2 24 A IP68 \u2022 Light24<\/title>\n\n","aioseo_head_json":{"title":"\u016adensiztur\u012bga sadales k\u0101rba 3\u00d72,5 mm\u00b2 24 A IP68 \u2022 Light24","description":"","canonical_url":"https:\/\/light24.fi\/lv\/toode\/lisad\/lisaseadmed\/veekindel-uhenduskarbik-3x25-mm%c2%b2-24a-ip68\/","robots":"max-image-preview:large","keywords":"","webmasterTools":{"google-site-verification":"nxgDPK3Ouk6bwvuxlwlzeMOKszmf-8m57RDu5zAgN-Y","miscellaneous":""},"schema":{"@context":"https:\/\/schema.org","@graph":[{"@type":"BreadcrumbList","@id":"https:\/\/light24.fi\/lv\/toode\/lisad\/lisaseadmed\/veekindel-uhenduskarbik-3x25-mm%c2%b2-24a-ip68\/#breadcrumblist","itemListElement":[{"@type":"ListItem","@id":"https:\/\/light24.fi\/lv#listItem","position":1,"name":"Home","item":"https:\/\/light24.fi\/lv","nextItem":{"@type":"ListItem","@id":"https:\/\/light24.fi\/lv\/shop\/#listItem","name":"E-veikals"}},{"@type":"ListItem","@id":"https:\/\/light24.fi\/lv\/shop\/#listItem","position":2,"name":"E-veikals","item":"https:\/\/light24.fi\/lv\/shop\/","nextItem":{"@type":"ListItem","@id":"https:\/\/light24.fi\/lv\/product-category\/lisad\/#listItem","name":"Gaismas avoti un piederumi"},"previousItem":{"@type":"ListItem","@id":"https:\/\/light24.fi\/lv#listItem","name":"Home"}},{"@type":"ListItem","@id":"https:\/\/light24.fi\/lv\/product-category\/lisad\/#listItem","position":3,"name":"Gaismas avoti un piederumi","item":"https:\/\/light24.fi\/lv\/product-category\/lisad\/","nextItem":{"@type":"ListItem","@id":"https:\/\/light24.fi\/lv\/product-category\/lisad\/lisaseadmed\/#listItem","name":"Piederumi"},"previousItem":{"@type":"ListItem","@id":"https:\/\/light24.fi\/lv\/shop\/#listItem","name":"E-veikals"}},{"@type":"ListItem","@id":"https:\/\/light24.fi\/lv\/product-category\/lisad\/lisaseadmed\/#listItem","position":4,"name":"Piederumi","item":"https:\/\/light24.fi\/lv\/product-category\/lisad\/lisaseadmed\/","nextItem":{"@type":"ListItem","@id":"https:\/\/light24.fi\/lv\/toode\/lisad\/lisaseadmed\/veekindel-uhenduskarbik-3x25-mm%c2%b2-24a-ip68\/#listItem","name":"\u016adensiztur\u012bga sadales k\u0101rba 3\u00d72,5 mm\u00b2 24 A IP68"},"previousItem":{"@type":"ListItem","@id":"https:\/\/light24.fi\/lv\/product-category\/lisad\/#listItem","name":"Gaismas avoti un piederumi"}},{"@type":"ListItem","@id":"https:\/\/light24.fi\/lv\/toode\/lisad\/lisaseadmed\/veekindel-uhenduskarbik-3x25-mm%c2%b2-24a-ip68\/#listItem","position":5,"name":"\u016adensiztur\u012bga sadales k\u0101rba 3\u00d72,5 mm\u00b2 24 A IP68","previousItem":{"@type":"ListItem","@id":"https:\/\/light24.fi\/lv\/product-category\/lisad\/lisaseadmed\/#listItem","name":"Piederumi"}}]},{"@type":"Organization","@id":"https:\/\/light24.fi\/lv\/#organization","name":"Light24","description":"Apgaismojums | E-veikals","url":"https:\/\/light24.fi\/lv\/","telephone":"+3725184133","logo":{"@type":"ImageObject","url":"https:\/\/www.light24.ee\/wp-content\/uploads\/2022\/03\/Shape-2-3.svg","@id":"https:\/\/light24.fi\/lv\/toode\/lisad\/lisaseadmed\/veekindel-uhenduskarbik-3x25-mm%c2%b2-24a-ip68\/#organizationLogo"},"image":{"@id":"https:\/\/light24.fi\/lv\/toode\/lisad\/lisaseadmed\/veekindel-uhenduskarbik-3x25-mm%c2%b2-24a-ip68\/#organizationLogo"},"sameAs":["https:\/\/www.facebook.com\/light24.ee","https:\/\/www.instagram.com\/light24official\/"]},{"@type":"Product","@id":"https:\/\/light24.fi\/lv\/toode\/lisad\/lisaseadmed\/veekindel-uhenduskarbik-3x25-mm%c2%b2-24a-ip68\/#wooCommerceProduct","name":"\u016adensiztur\u012bga sadales k\u0101rba 3\u00d72,5 mm\u00b2 24 A IP68","url":"https:\/\/light24.fi\/lv\/toode\/lisad\/lisaseadmed\/veekindel-uhenduskarbik-3x25-mm%c2%b2-24a-ip68\/","sku":"LGT82012-3","image":{"@type":"ImageObject","url":"https:\/\/light24.fi\/wp-content\/uploads\/2026\/01\/connector___3.jpg","@id":"https:\/\/light24.fi\/lv\/toode\/lisad\/lisaseadmed\/veekindel-uhenduskarbik-3x25-mm%c2%b2-24a-ip68\/#productImage","width":898,"height":898},"offers":{"@type":"Offer","url":"https:\/\/light24.fi\/lv\/toode\/lisad\/lisaseadmed\/veekindel-uhenduskarbik-3x25-mm%c2%b2-24a-ip68\/#wooCommerceOffer","price":7.9,"priceCurrency":"EUR","category":"Gaismas avoti un piederumi","availability":"https:\/\/schema.org\/InStock","priceSpecification":{"@type":"PriceSpecification","price":7.9,"priceCurrency":"EUR","valueAddedTaxIncluded":"true"},"seller":{"@type":"Organization","@id":"https:\/\/light24.fi\/lv\/#organization"}}},{"@type":"WebPage","@id":"https:\/\/light24.fi\/lv\/toode\/lisad\/lisaseadmed\/veekindel-uhenduskarbik-3x25-mm%c2%b2-24a-ip68\/#webpage","url":"https:\/\/light24.fi\/lv\/toode\/lisad\/lisaseadmed\/veekindel-uhenduskarbik-3x25-mm%c2%b2-24a-ip68\/","name":"\u016adensiztur\u012bga sadales k\u0101rba 3\u00d72,5 mm\u00b2 24 A IP68 \u2022 Light24","inLanguage":"lv","isPartOf":{"@id":"https:\/\/light24.fi\/lv\/#website"},"breadcrumb":{"@id":"https:\/\/light24.fi\/lv\/toode\/lisad\/lisaseadmed\/veekindel-uhenduskarbik-3x25-mm%c2%b2-24a-ip68\/#breadcrumblist"},"image":{"@type":"ImageObject","url":"https:\/\/light24.fi\/wp-content\/uploads\/2026\/01\/connector___3.jpg","@id":"https:\/\/light24.fi\/lv\/toode\/lisad\/lisaseadmed\/veekindel-uhenduskarbik-3x25-mm%c2%b2-24a-ip68\/#mainImage","width":898,"height":898},"primaryImageOfPage":{"@id":"https:\/\/light24.fi\/lv\/toode\/lisad\/lisaseadmed\/veekindel-uhenduskarbik-3x25-mm%c2%b2-24a-ip68\/#mainImage"},"datePublished":"2026-01-18T18:49:05+02:00","dateModified":"2026-01-18T18:57:00+02:00"},{"@type":"WebSite","@id":"https:\/\/light24.fi\/lv\/#website","url":"https:\/\/light24.fi\/lv\/","name":"Light24","description":"Apgaismojums | E-veikals","inLanguage":"lv","publisher":{"@id":"https:\/\/light24.fi\/lv\/#organization"}}]},"og:locale":"lv_LV","og:site_name":"Light24 \u2022 Apgaismojums | E-veikals","og:type":"article","og:title":"\u016adensiztur\u012bga sadales k\u0101rba 3\u00d72,5 mm\u00b2 24 A IP68 \u2022 Light24","og:url":"https:\/\/light24.fi\/lv\/toode\/lisad\/lisaseadmed\/veekindel-uhenduskarbik-3x25-mm%c2%b2-24a-ip68\/","og:image":"https:\/\/light24.fi\/wp-content\/uploads\/2026\/01\/connector___3.jpg","og:image:secure_url":"https:\/\/light24.fi\/wp-content\/uploads\/2026\/01\/connector___3.jpg","og:image:width":898,"og:image:height":898,"article:published_time":"2026-01-18T16:49:05+00:00","article:modified_time":"2026-01-18T16:57:00+00:00","article:publisher":"https:\/\/www.facebook.com\/light24.ee","twitter:card":"summary","twitter:title":"\u016adensiztur\u012bga sadales k\u0101rba 3\u00d72,5 mm\u00b2 24 A IP68 \u2022 Light24","twitter:image":"https:\/\/light24.fi\/wp-content\/uploads\/2026\/01\/connector___3.jpg"},"aioseo_meta_data":{"post_id":"154764","title":null,"description":null,"keywords":null,"keyphrases":{"focus":{"keyphrase":"","score":0,"analysis":{"keyphraseInTitle":{"score":0,"maxScore":9,"error":1}}},"additional":[]},"primary_term":null,"canonical_url":null,"og_title":null,"og_description":null,"og_object_type":"default","og_image_type":"default","og_image_url":null,"og_image_width":null,"og_image_height":null,"og_image_custom_url":null,"og_image_custom_fields":null,"og_video":"","og_custom_url":null,"og_article_section":null,"og_article_tags":null,"twitter_use_og":false,"twitter_card":"default","twitter_image_type":"default","twitter_image_url":null,"twitter_image_custom_url":null,"twitter_image_custom_fields":null,"twitter_title":null,"twitter_description":null,"schema":{"blockGraphs":[],"customGraphs":[],"default":{"data":{"Article":[],"Course":[],"Dataset":[],"FAQPage":[],"Movie":[],"Person":[],"Product":[],"ProductReview":[],"Car":[],"Recipe":[],"Service":[],"SoftwareApplication":[],"WebPage":[]},"graphName":"Product","isEnabled":true},"graphs":[],"defaultGraph":"","defaultPostTypeGraph":""},"schema_type":"default","schema_type_options":null,"pillar_content":false,"robots_default":true,"robots_noindex":false,"robots_noarchive":false,"robots_nosnippet":false,"robots_nofollow":false,"robots_noimageindex":false,"robots_noodp":false,"robots_notranslate":false,"robots_max_snippet":"-1","robots_max_videopreview":"-1","robots_max_imagepreview":"large","priority":null,"frequency":"default","local_seo":null,"seo_analyzer_scan_date":"2026-01-18 16:59:17","breadcrumb_settings":null,"limit_modified_date":false,"reviewed_by":null,"open_ai":"{\"title\":{\"suggestions\":[],\"usage\":0},\"description\":{\"suggestions\":[],\"usage\":0}}","ai":{"faqs":[],"keyPoints":[],"titles":[],"descriptions":[],"socialPosts":{"email":[],"linkedin":[],"twitter":[],"facebook":[],"instagram":[]}},"created":"2026-01-18 16:49:05","updated":"2026-01-18 16:59:17"},"aioseo_breadcrumb":"<div class=\"aioseo-breadcrumbs\"><span class=\"aioseo-breadcrumb\">\n\t<a href=\"https:\/\/light24.fi\/lv\" title=\"Home\">Home<\/a>\n<\/span><span class=\"aioseo-breadcrumb-separator\">&raquo;<\/span><span class=\"aioseo-breadcrumb\">\n\t<a href=\"https:\/\/light24.fi\/lv\/shop\/\" title=\"E-veikals\">E-veikals<\/a>\n<\/span><span class=\"aioseo-breadcrumb-separator\">&raquo;<\/span><span class=\"aioseo-breadcrumb\">\n\t<a href=\"https:\/\/light24.fi\/lv\/product-category\/lisad\/\" title=\"Gaismas avoti un piederumi\">Gaismas avoti un piederumi<\/a>\n<\/span><span class=\"aioseo-breadcrumb-separator\">&raquo;<\/span><span class=\"aioseo-breadcrumb\">\n\t<a href=\"https:\/\/light24.fi\/lv\/product-category\/lisad\/lisaseadmed\/\" title=\"Piederumi\">Piederumi<\/a>\n<\/span><span class=\"aioseo-breadcrumb-separator\">&raquo;<\/span><span class=\"aioseo-breadcrumb\">\n\t\u016adensiztur\u012bga sadales k\u0101rba 3\u00d72,5 mm\u00b2 24 A IP68\n<\/span><\/div>","aioseo_breadcrumb_json":[{"label":"Home","link":"https:\/\/light24.fi\/lv"},{"label":"E-veikals","link":"https:\/\/light24.fi\/lv\/shop\/"},{"label":"Gaismas avoti un piederumi","link":"https:\/\/light24.fi\/lv\/product-category\/lisad\/"},{"label":"Piederumi","link":"https:\/\/light24.fi\/lv\/product-category\/lisad\/lisaseadmed\/"},{"label":"\u016adensiztur\u012bga sadales k\u0101rba 3\u00d72,5 mm\u00b2 24 A IP68","link":"https:\/\/light24.fi\/lv\/toode\/lisad\/lisaseadmed\/veekindel-uhenduskarbik-3x25-mm%c2%b2-24a-ip68\/"}],"_links":{"self":[{"href":"https:\/\/light24.fi\/lv\/wp-json\/wp\/v2\/product\/154764","targetHints":{"allow":["GET"]}}],"collection":[{"href":"https:\/\/light24.fi\/lv\/wp-json\/wp\/v2\/product"}],"about":[{"href":"https:\/\/light24.fi\/lv\/wp-json\/wp\/v2\/types\/product"}],"replies":[{"embeddable":true,"href":"https:\/\/light24.fi\/lv\/wp-json\/wp\/v2\/comments?post=154764"}],"wp:featuredmedia":[{"embeddable":true,"href":"https:\/\/light24.fi\/lv\/wp-json\/wp\/v2\/media\/154765"}],"wp:attachment":[{"href":"https:\/\/light24.fi\/lv\/wp-json\/wp\/v2\/media?parent=154764"}],"wp:term":[{"taxonomy":"product_cat","embeddable":true,"href":"https:\/\/light24.fi\/lv\/wp-json\/wp\/v2\/product_cat?post=154764"},{"taxonomy":"product_tag","embeddable":true,"href":"https:\/\/light24.fi\/lv\/wp-json\/wp\/v2\/product_tag?post=154764"}],"curies":[{"name":"wp","href":"https:\/\/api.w.org\/{rel}","templated":true}]}}