{"id":82222,"date":"2022-12-15T15:45:36","date_gmt":"2022-12-15T13:45:36","guid":{"rendered":"https:\/\/www.light24.ee\/?post_type=product&#038;p=82222"},"modified":"2024-11-26T22:30:44","modified_gmt":"2024-11-26T20:30:44","slug":"suvistatatud-seinavalgusti-gron","status":"publish","type":"product","link":"https:\/\/light24.fi\/lv\/toode\/valisvalgustid\/valis-suvisvalgustid\/suvistatatud-seinavalgusti-gron\/","title":{"rendered":"FARO GRON 1W 3000K IP65"},"content":{"rendered":"<p><a href=\"https:\/\/www.light24.ee\/brands\/faro\/\" target=\"_blank\" rel=\"noopener noreferrer\"><img decoding=\"async\" class=\"alignnone size-full wp-image-35829\" src=\"https:\/\/www.light24.ee\/wp-content\/uploads\/2017\/02\/faro-logo-uus.jpg\" alt=\"\" width=\"182\" height=\"93\" \/><\/a><\/p>","protected":false},"excerpt":{"rendered":"","protected":false},"featured_media":82223,"comment_status":"closed","ping_status":"closed","template":"","meta":{"_acf_changed":false},"product_cat":[2903,2921],"product_tag":[379],"class_list":{"0":"post-82222","1":"product","2":"type-product","3":"status-publish","4":"has-post-thumbnail","6":"product_cat-valisvalgustid","7":"product_cat-valis-suvisvalgustid","8":"product_tag-faro","9":"product_shipping_class-small","10":"pa_ip-kaitseklass-1819","11":"pa_materjal-polukarbonaat","12":"pa_materjal-roostevaba-teras","13":"pa_otstarve-valis-suvisvalgusti-seina","14":"pa_tarneaeg-10-paeva","15":"pa_tehnilised-andmed-1w-led-3000k-cri80","16":"pa_varv-nikkel","18":"first","19":"instock","20":"sale","21":"taxable","22":"shipping-taxable","23":"purchasable","24":"product-type-simple"},"acf":[],"aioseo_notices":[],"aioseo_head":"\n\t\t<!-- All in One SEO Pro 4.9.6.1 - aioseo.com -->\n\t<meta name=\"description\" content=\"Atvainojiet, \u0161is ieraksts ir pieejams tikai Eesti.\" \/>\n\t<meta name=\"robots\" content=\"max-image-preview:large\" \/>\n\t<meta name=\"google-site-verification\" content=\"nxgDPK3Ouk6bwvuxlwlzeMOKszmf-8m57RDu5zAgN-Y\" \/>\n\t<link rel=\"canonical\" href=\"https:\/\/light24.fi\/lv\/toode\/valisvalgustid\/valis-suvisvalgustid\/suvistatatud-seinavalgusti-gron\/\" \/>\n\t<meta name=\"generator\" content=\"All in One SEO Pro (AIOSEO) 4.9.6.1\" \/>\n\t\t<meta property=\"og:locale\" content=\"lv_LV\" \/>\n\t\t<meta property=\"og:site_name\" content=\"Light24 \u2022 Apgaismojums | E-veikals\" \/>\n\t\t<meta property=\"og:type\" content=\"article\" \/>\n\t\t<meta property=\"og:title\" content=\"FARO GRON 1W 3000K IP65 \u2022 Light24\" \/>\n\t\t<meta property=\"og:description\" content=\"Atvainojiet, \u0161is ieraksts ir pieejams tikai Eesti.\" \/>\n\t\t<meta property=\"og:url\" content=\"https:\/\/light24.fi\/lv\/toode\/valisvalgustid\/valis-suvisvalgustid\/suvistatatud-seinavalgusti-gron\/\" \/>\n\t\t<meta property=\"og:image\" content=\"https:\/\/light24.fi\/wp-content\/uploads\/2021\/03\/1-73.jpg\" \/>\n\t\t<meta property=\"og:image:secure_url\" content=\"https:\/\/light24.fi\/wp-content\/uploads\/2021\/03\/1-73.jpg\" \/>\n\t\t<meta property=\"og:image:width\" content=\"781\" \/>\n\t\t<meta property=\"og:image:height\" content=\"781\" \/>\n\t\t<meta property=\"article:published_time\" content=\"2022-12-15T13:45:36+00:00\" \/>\n\t\t<meta property=\"article:modified_time\" content=\"2024-11-26T20:30:44+00:00\" \/>\n\t\t<meta property=\"article:publisher\" content=\"https:\/\/www.facebook.com\/light24.ee\" \/>\n\t\t<meta name=\"twitter:card\" content=\"summary\" \/>\n\t\t<meta name=\"twitter:title\" content=\"FARO GRON 1W 3000K IP65 \u2022 Light24\" \/>\n\t\t<meta name=\"twitter:description\" content=\"Atvainojiet, \u0161is ieraksts ir pieejams tikai Eesti.\" \/>\n\t\t<meta name=\"twitter:image\" content=\"https:\/\/light24.fi\/wp-content\/uploads\/2021\/03\/1-73.jpg\" \/>\n\t\t<script type=\"application\/ld+json\" class=\"aioseo-schema\">\n\t\t\t{\"@context\":\"https:\\\/\\\/schema.org\",\"@graph\":[{\"@type\":\"BreadcrumbList\",\"@id\":\"https:\\\/\\\/light24.fi\\\/lv\\\/toode\\\/valisvalgustid\\\/valis-suvisvalgustid\\\/suvistatatud-seinavalgusti-gron\\\/#breadcrumblist\",\"itemListElement\":[{\"@type\":\"ListItem\",\"@id\":\"https:\\\/\\\/light24.fi\\\/lv#listItem\",\"position\":1,\"name\":\"Home\",\"item\":\"https:\\\/\\\/light24.fi\\\/lv\",\"nextItem\":{\"@type\":\"ListItem\",\"@id\":\"https:\\\/\\\/light24.fi\\\/lv\\\/shop\\\/#listItem\",\"name\":\"E-veikals\"}},{\"@type\":\"ListItem\",\"@id\":\"https:\\\/\\\/light24.fi\\\/lv\\\/shop\\\/#listItem\",\"position\":2,\"name\":\"E-veikals\",\"item\":\"https:\\\/\\\/light24.fi\\\/lv\\\/shop\\\/\",\"nextItem\":{\"@type\":\"ListItem\",\"@id\":\"https:\\\/\\\/light24.fi\\\/lv\\\/product-category\\\/valisvalgustid\\\/#listItem\",\"name\":\"\\u0100ra gaismek\\u013ci\"},\"previousItem\":{\"@type\":\"ListItem\",\"@id\":\"https:\\\/\\\/light24.fi\\\/lv#listItem\",\"name\":\"Home\"}},{\"@type\":\"ListItem\",\"@id\":\"https:\\\/\\\/light24.fi\\\/lv\\\/product-category\\\/valisvalgustid\\\/#listItem\",\"position\":3,\"name\":\"\\u0100ra gaismek\\u013ci\",\"item\":\"https:\\\/\\\/light24.fi\\\/lv\\\/product-category\\\/valisvalgustid\\\/\",\"nextItem\":{\"@type\":\"ListItem\",\"@id\":\"https:\\\/\\\/light24.fi\\\/lv\\\/product-category\\\/valisvalgustid\\\/valis-suvisvalgustid\\\/#listItem\",\"name\":\"\\u0100ra ieb\\u016bv\\u0113tie gaismek\\u013ci\"},\"previousItem\":{\"@type\":\"ListItem\",\"@id\":\"https:\\\/\\\/light24.fi\\\/lv\\\/shop\\\/#listItem\",\"name\":\"E-veikals\"}},{\"@type\":\"ListItem\",\"@id\":\"https:\\\/\\\/light24.fi\\\/lv\\\/product-category\\\/valisvalgustid\\\/valis-suvisvalgustid\\\/#listItem\",\"position\":4,\"name\":\"\\u0100ra ieb\\u016bv\\u0113tie gaismek\\u013ci\",\"item\":\"https:\\\/\\\/light24.fi\\\/lv\\\/product-category\\\/valisvalgustid\\\/valis-suvisvalgustid\\\/\",\"nextItem\":{\"@type\":\"ListItem\",\"@id\":\"https:\\\/\\\/light24.fi\\\/lv\\\/toode\\\/valisvalgustid\\\/valis-suvisvalgustid\\\/suvistatatud-seinavalgusti-gron\\\/#listItem\",\"name\":\"FARO GRON 1W 3000K IP65\"},\"previousItem\":{\"@type\":\"ListItem\",\"@id\":\"https:\\\/\\\/light24.fi\\\/lv\\\/product-category\\\/valisvalgustid\\\/#listItem\",\"name\":\"\\u0100ra gaismek\\u013ci\"}},{\"@type\":\"ListItem\",\"@id\":\"https:\\\/\\\/light24.fi\\\/lv\\\/toode\\\/valisvalgustid\\\/valis-suvisvalgustid\\\/suvistatatud-seinavalgusti-gron\\\/#listItem\",\"position\":5,\"name\":\"FARO GRON 1W 3000K IP65\",\"previousItem\":{\"@type\":\"ListItem\",\"@id\":\"https:\\\/\\\/light24.fi\\\/lv\\\/product-category\\\/valisvalgustid\\\/valis-suvisvalgustid\\\/#listItem\",\"name\":\"\\u0100ra ieb\\u016bv\\u0113tie gaismek\\u013ci\"}}]},{\"@type\":\"Organization\",\"@id\":\"https:\\\/\\\/light24.fi\\\/lv\\\/#organization\",\"name\":\"Light24\",\"description\":\"Apgaismojums | E-veikals\",\"url\":\"https:\\\/\\\/light24.fi\\\/lv\\\/\",\"telephone\":\"+3725184133\",\"logo\":{\"@type\":\"ImageObject\",\"url\":\"https:\\\/\\\/www.light24.ee\\\/wp-content\\\/uploads\\\/2022\\\/03\\\/Shape-2-3.svg\",\"@id\":\"https:\\\/\\\/light24.fi\\\/lv\\\/toode\\\/valisvalgustid\\\/valis-suvisvalgustid\\\/suvistatatud-seinavalgusti-gron\\\/#organizationLogo\"},\"image\":{\"@id\":\"https:\\\/\\\/light24.fi\\\/lv\\\/toode\\\/valisvalgustid\\\/valis-suvisvalgustid\\\/suvistatatud-seinavalgusti-gron\\\/#organizationLogo\"},\"sameAs\":[\"https:\\\/\\\/www.facebook.com\\\/light24.ee\",\"https:\\\/\\\/www.instagram.com\\\/light24official\\\/\"]},{\"@type\":\"Product\",\"@id\":\"https:\\\/\\\/light24.fi\\\/lv\\\/toode\\\/valisvalgustid\\\/valis-suvisvalgustid\\\/suvistatatud-seinavalgusti-gron\\\/#wooCommerceProduct\",\"name\":\"FARO GRON 1W 3000K IP65\",\"url\":\"https:\\\/\\\/light24.fi\\\/lv\\\/toode\\\/valisvalgustid\\\/valis-suvisvalgustid\\\/suvistatatud-seinavalgusti-gron\\\/\",\"sku\":\"FAR11894\",\"image\":{\"@type\":\"ImageObject\",\"url\":\"https:\\\/\\\/light24.fi\\\/wp-content\\\/uploads\\\/2021\\\/03\\\/1-73.jpg\",\"@id\":\"https:\\\/\\\/light24.fi\\\/lv\\\/toode\\\/valisvalgustid\\\/valis-suvisvalgustid\\\/suvistatatud-seinavalgusti-gron\\\/#productImage\",\"width\":781,\"height\":781},\"offers\":{\"@type\":\"Offer\",\"url\":\"https:\\\/\\\/light24.fi\\\/lv\\\/toode\\\/valisvalgustid\\\/valis-suvisvalgustid\\\/suvistatatud-seinavalgusti-gron\\\/#wooCommerceOffer\",\"price\":29.44,\"priceCurrency\":\"EUR\",\"category\":\"\\u0100ra gaismek\\u013ci\",\"availability\":\"https:\\\/\\\/schema.org\\\/InStock\",\"priceSpecification\":{\"@type\":\"PriceSpecification\",\"price\":29.44,\"priceCurrency\":\"EUR\",\"valueAddedTaxIncluded\":\"true\"},\"seller\":{\"@type\":\"Organization\",\"@id\":\"https:\\\/\\\/light24.fi\\\/lv\\\/#organization\"}}},{\"@type\":\"WebPage\",\"@id\":\"https:\\\/\\\/light24.fi\\\/lv\\\/toode\\\/valisvalgustid\\\/valis-suvisvalgustid\\\/suvistatatud-seinavalgusti-gron\\\/#webpage\",\"url\":\"https:\\\/\\\/light24.fi\\\/lv\\\/toode\\\/valisvalgustid\\\/valis-suvisvalgustid\\\/suvistatatud-seinavalgusti-gron\\\/\",\"name\":\"FARO GRON 1W 3000K IP65 \\u2022 Light24\",\"description\":\"Atvainojiet, \\u0161is ieraksts ir pieejams tikai Eesti.\",\"inLanguage\":\"lv\",\"isPartOf\":{\"@id\":\"https:\\\/\\\/light24.fi\\\/lv\\\/#website\"},\"breadcrumb\":{\"@id\":\"https:\\\/\\\/light24.fi\\\/lv\\\/toode\\\/valisvalgustid\\\/valis-suvisvalgustid\\\/suvistatatud-seinavalgusti-gron\\\/#breadcrumblist\"},\"image\":{\"@type\":\"ImageObject\",\"url\":\"https:\\\/\\\/light24.fi\\\/wp-content\\\/uploads\\\/2021\\\/03\\\/1-73.jpg\",\"@id\":\"https:\\\/\\\/light24.fi\\\/lv\\\/toode\\\/valisvalgustid\\\/valis-suvisvalgustid\\\/suvistatatud-seinavalgusti-gron\\\/#mainImage\",\"width\":781,\"height\":781},\"primaryImageOfPage\":{\"@id\":\"https:\\\/\\\/light24.fi\\\/lv\\\/toode\\\/valisvalgustid\\\/valis-suvisvalgustid\\\/suvistatatud-seinavalgusti-gron\\\/#mainImage\"},\"datePublished\":\"2022-12-15T15:45:36+02:00\",\"dateModified\":\"2024-11-26T22:30:44+02:00\"},{\"@type\":\"WebSite\",\"@id\":\"https:\\\/\\\/light24.fi\\\/lv\\\/#website\",\"url\":\"https:\\\/\\\/light24.fi\\\/lv\\\/\",\"name\":\"Light24\",\"description\":\"Apgaismojums | E-veikals\",\"inLanguage\":\"lv\",\"publisher\":{\"@id\":\"https:\\\/\\\/light24.fi\\\/lv\\\/#organization\"}}]}\n\t\t<\/script>\n\t\t<!-- All in One SEO Pro -->\r\n\t\t<title>FARO GRON 1W 3000K IP65 \u2022 Light24<\/title>\n\n","aioseo_head_json":{"title":"FARO GRON 1W 3000K IP65 \u2022 Light24","description":"Atvainojiet, \u0161is ieraksts ir pieejams tikai Eesti.","canonical_url":"https:\/\/light24.fi\/lv\/toode\/valisvalgustid\/valis-suvisvalgustid\/suvistatatud-seinavalgusti-gron\/","robots":"max-image-preview:large","keywords":"","webmasterTools":{"google-site-verification":"nxgDPK3Ouk6bwvuxlwlzeMOKszmf-8m57RDu5zAgN-Y","miscellaneous":""},"schema":{"@context":"https:\/\/schema.org","@graph":[{"@type":"BreadcrumbList","@id":"https:\/\/light24.fi\/lv\/toode\/valisvalgustid\/valis-suvisvalgustid\/suvistatatud-seinavalgusti-gron\/#breadcrumblist","itemListElement":[{"@type":"ListItem","@id":"https:\/\/light24.fi\/lv#listItem","position":1,"name":"Home","item":"https:\/\/light24.fi\/lv","nextItem":{"@type":"ListItem","@id":"https:\/\/light24.fi\/lv\/shop\/#listItem","name":"E-veikals"}},{"@type":"ListItem","@id":"https:\/\/light24.fi\/lv\/shop\/#listItem","position":2,"name":"E-veikals","item":"https:\/\/light24.fi\/lv\/shop\/","nextItem":{"@type":"ListItem","@id":"https:\/\/light24.fi\/lv\/product-category\/valisvalgustid\/#listItem","name":"\u0100ra gaismek\u013ci"},"previousItem":{"@type":"ListItem","@id":"https:\/\/light24.fi\/lv#listItem","name":"Home"}},{"@type":"ListItem","@id":"https:\/\/light24.fi\/lv\/product-category\/valisvalgustid\/#listItem","position":3,"name":"\u0100ra gaismek\u013ci","item":"https:\/\/light24.fi\/lv\/product-category\/valisvalgustid\/","nextItem":{"@type":"ListItem","@id":"https:\/\/light24.fi\/lv\/product-category\/valisvalgustid\/valis-suvisvalgustid\/#listItem","name":"\u0100ra ieb\u016bv\u0113tie gaismek\u013ci"},"previousItem":{"@type":"ListItem","@id":"https:\/\/light24.fi\/lv\/shop\/#listItem","name":"E-veikals"}},{"@type":"ListItem","@id":"https:\/\/light24.fi\/lv\/product-category\/valisvalgustid\/valis-suvisvalgustid\/#listItem","position":4,"name":"\u0100ra ieb\u016bv\u0113tie gaismek\u013ci","item":"https:\/\/light24.fi\/lv\/product-category\/valisvalgustid\/valis-suvisvalgustid\/","nextItem":{"@type":"ListItem","@id":"https:\/\/light24.fi\/lv\/toode\/valisvalgustid\/valis-suvisvalgustid\/suvistatatud-seinavalgusti-gron\/#listItem","name":"FARO GRON 1W 3000K IP65"},"previousItem":{"@type":"ListItem","@id":"https:\/\/light24.fi\/lv\/product-category\/valisvalgustid\/#listItem","name":"\u0100ra gaismek\u013ci"}},{"@type":"ListItem","@id":"https:\/\/light24.fi\/lv\/toode\/valisvalgustid\/valis-suvisvalgustid\/suvistatatud-seinavalgusti-gron\/#listItem","position":5,"name":"FARO GRON 1W 3000K IP65","previousItem":{"@type":"ListItem","@id":"https:\/\/light24.fi\/lv\/product-category\/valisvalgustid\/valis-suvisvalgustid\/#listItem","name":"\u0100ra ieb\u016bv\u0113tie gaismek\u013ci"}}]},{"@type":"Organization","@id":"https:\/\/light24.fi\/lv\/#organization","name":"Light24","description":"Apgaismojums | E-veikals","url":"https:\/\/light24.fi\/lv\/","telephone":"+3725184133","logo":{"@type":"ImageObject","url":"https:\/\/www.light24.ee\/wp-content\/uploads\/2022\/03\/Shape-2-3.svg","@id":"https:\/\/light24.fi\/lv\/toode\/valisvalgustid\/valis-suvisvalgustid\/suvistatatud-seinavalgusti-gron\/#organizationLogo"},"image":{"@id":"https:\/\/light24.fi\/lv\/toode\/valisvalgustid\/valis-suvisvalgustid\/suvistatatud-seinavalgusti-gron\/#organizationLogo"},"sameAs":["https:\/\/www.facebook.com\/light24.ee","https:\/\/www.instagram.com\/light24official\/"]},{"@type":"Product","@id":"https:\/\/light24.fi\/lv\/toode\/valisvalgustid\/valis-suvisvalgustid\/suvistatatud-seinavalgusti-gron\/#wooCommerceProduct","name":"FARO GRON 1W 3000K IP65","url":"https:\/\/light24.fi\/lv\/toode\/valisvalgustid\/valis-suvisvalgustid\/suvistatatud-seinavalgusti-gron\/","sku":"FAR11894","image":{"@type":"ImageObject","url":"https:\/\/light24.fi\/wp-content\/uploads\/2021\/03\/1-73.jpg","@id":"https:\/\/light24.fi\/lv\/toode\/valisvalgustid\/valis-suvisvalgustid\/suvistatatud-seinavalgusti-gron\/#productImage","width":781,"height":781},"offers":{"@type":"Offer","url":"https:\/\/light24.fi\/lv\/toode\/valisvalgustid\/valis-suvisvalgustid\/suvistatatud-seinavalgusti-gron\/#wooCommerceOffer","price":29.44,"priceCurrency":"EUR","category":"\u0100ra gaismek\u013ci","availability":"https:\/\/schema.org\/InStock","priceSpecification":{"@type":"PriceSpecification","price":29.44,"priceCurrency":"EUR","valueAddedTaxIncluded":"true"},"seller":{"@type":"Organization","@id":"https:\/\/light24.fi\/lv\/#organization"}}},{"@type":"WebPage","@id":"https:\/\/light24.fi\/lv\/toode\/valisvalgustid\/valis-suvisvalgustid\/suvistatatud-seinavalgusti-gron\/#webpage","url":"https:\/\/light24.fi\/lv\/toode\/valisvalgustid\/valis-suvisvalgustid\/suvistatatud-seinavalgusti-gron\/","name":"FARO GRON 1W 3000K IP65 \u2022 Light24","description":"Atvainojiet, \u0161is ieraksts ir pieejams tikai Eesti.","inLanguage":"lv","isPartOf":{"@id":"https:\/\/light24.fi\/lv\/#website"},"breadcrumb":{"@id":"https:\/\/light24.fi\/lv\/toode\/valisvalgustid\/valis-suvisvalgustid\/suvistatatud-seinavalgusti-gron\/#breadcrumblist"},"image":{"@type":"ImageObject","url":"https:\/\/light24.fi\/wp-content\/uploads\/2021\/03\/1-73.jpg","@id":"https:\/\/light24.fi\/lv\/toode\/valisvalgustid\/valis-suvisvalgustid\/suvistatatud-seinavalgusti-gron\/#mainImage","width":781,"height":781},"primaryImageOfPage":{"@id":"https:\/\/light24.fi\/lv\/toode\/valisvalgustid\/valis-suvisvalgustid\/suvistatatud-seinavalgusti-gron\/#mainImage"},"datePublished":"2022-12-15T15:45:36+02:00","dateModified":"2024-11-26T22:30:44+02:00"},{"@type":"WebSite","@id":"https:\/\/light24.fi\/lv\/#website","url":"https:\/\/light24.fi\/lv\/","name":"Light24","description":"Apgaismojums | E-veikals","inLanguage":"lv","publisher":{"@id":"https:\/\/light24.fi\/lv\/#organization"}}]},"og:locale":"lv_LV","og:site_name":"Light24 \u2022 Apgaismojums | E-veikals","og:type":"article","og:title":"FARO GRON 1W 3000K IP65 \u2022 Light24","og:description":"Atvainojiet, \u0161is ieraksts ir pieejams tikai Eesti.","og:url":"https:\/\/light24.fi\/lv\/toode\/valisvalgustid\/valis-suvisvalgustid\/suvistatatud-seinavalgusti-gron\/","og:image":"https:\/\/light24.fi\/wp-content\/uploads\/2021\/03\/1-73.jpg","og:image:secure_url":"https:\/\/light24.fi\/wp-content\/uploads\/2021\/03\/1-73.jpg","og:image:width":781,"og:image:height":781,"article:published_time":"2022-12-15T13:45:36+00:00","article:modified_time":"2024-11-26T20:30:44+00:00","article:publisher":"https:\/\/www.facebook.com\/light24.ee","twitter:card":"summary","twitter:title":"FARO GRON 1W 3000K IP65 \u2022 Light24","twitter:description":"Atvainojiet, \u0161is ieraksts ir pieejams tikai Eesti.","twitter:image":"https:\/\/light24.fi\/wp-content\/uploads\/2021\/03\/1-73.jpg"},"aioseo_meta_data":{"post_id":"82222","title":null,"description":null,"keywords":null,"keyphrases":{"focus":{"keyphrase":"","score":0,"analysis":{"keyphraseInTitle":{"score":0,"maxScore":9,"error":1}}},"additional":[]},"primary_term":null,"canonical_url":null,"og_title":null,"og_description":null,"og_object_type":"default","og_image_type":"default","og_image_url":null,"og_image_width":null,"og_image_height":null,"og_image_custom_url":null,"og_image_custom_fields":null,"og_video":"","og_custom_url":null,"og_article_section":null,"og_article_tags":null,"twitter_use_og":false,"twitter_card":"default","twitter_image_type":"default","twitter_image_url":null,"twitter_image_custom_url":null,"twitter_image_custom_fields":null,"twitter_title":null,"twitter_description":null,"schema":{"blockGraphs":[],"customGraphs":[],"default":{"data":{"Article":[],"Course":[],"Dataset":[],"FAQPage":[],"Movie":[],"Person":[],"Product":[],"ProductReview":[],"Car":[],"Recipe":[],"Service":[],"SoftwareApplication":[],"WebPage":[]},"graphName":"Product","isEnabled":true},"graphs":[],"defaultGraph":"","defaultPostTypeGraph":""},"schema_type":"default","schema_type_options":null,"pillar_content":false,"robots_default":true,"robots_noindex":false,"robots_noarchive":false,"robots_nosnippet":false,"robots_nofollow":false,"robots_noimageindex":false,"robots_noodp":false,"robots_notranslate":false,"robots_max_snippet":"-1","robots_max_videopreview":"-1","robots_max_imagepreview":"large","priority":null,"frequency":"default","local_seo":null,"seo_analyzer_scan_date":"2025-10-27 05:42:50","breadcrumb_settings":null,"limit_modified_date":false,"reviewed_by":null,"open_ai":"{\"title\":{\"suggestions\":[],\"usage\":0},\"description\":{\"suggestions\":[],\"usage\":0}}","ai":null,"created":"2022-02-17 17:41:37","updated":"2025-10-27 05:42:50"},"aioseo_breadcrumb":"<div class=\"aioseo-breadcrumbs\"><span class=\"aioseo-breadcrumb\">\n\t<a href=\"https:\/\/light24.fi\/lv\" title=\"Home\">Home<\/a>\n<\/span><span class=\"aioseo-breadcrumb-separator\">&raquo;<\/span><span class=\"aioseo-breadcrumb\">\n\t<a href=\"https:\/\/light24.fi\/lv\/shop\/\" title=\"E-veikals\">E-veikals<\/a>\n<\/span><span class=\"aioseo-breadcrumb-separator\">&raquo;<\/span><span class=\"aioseo-breadcrumb\">\n\t<a href=\"https:\/\/light24.fi\/lv\/product-category\/valisvalgustid\/\" title=\"\u0100ra gaismek\u013ci\">\u0100ra gaismek\u013ci<\/a>\n<\/span><span class=\"aioseo-breadcrumb-separator\">&raquo;<\/span><span class=\"aioseo-breadcrumb\">\n\t<a href=\"https:\/\/light24.fi\/lv\/product-category\/valisvalgustid\/valis-suvisvalgustid\/\" title=\"\u0100ra ieb\u016bv\u0113tie gaismek\u013ci\">\u0100ra ieb\u016bv\u0113tie gaismek\u013ci<\/a>\n<\/span><span class=\"aioseo-breadcrumb-separator\">&raquo;<\/span><span class=\"aioseo-breadcrumb\">\n\tFARO GRON 1W 3000K IP65\n<\/span><\/div>","aioseo_breadcrumb_json":[{"label":"Home","link":"https:\/\/light24.fi\/lv"},{"label":"E-veikals","link":"https:\/\/light24.fi\/lv\/shop\/"},{"label":"\u0100ra gaismek\u013ci","link":"https:\/\/light24.fi\/lv\/product-category\/valisvalgustid\/"},{"label":"\u0100ra ieb\u016bv\u0113tie gaismek\u013ci","link":"https:\/\/light24.fi\/lv\/product-category\/valisvalgustid\/valis-suvisvalgustid\/"},{"label":"FARO GRON 1W 3000K IP65","link":"https:\/\/light24.fi\/lv\/toode\/valisvalgustid\/valis-suvisvalgustid\/suvistatatud-seinavalgusti-gron\/"}],"_links":{"self":[{"href":"https:\/\/light24.fi\/lv\/wp-json\/wp\/v2\/product\/82222","targetHints":{"allow":["GET"]}}],"collection":[{"href":"https:\/\/light24.fi\/lv\/wp-json\/wp\/v2\/product"}],"about":[{"href":"https:\/\/light24.fi\/lv\/wp-json\/wp\/v2\/types\/product"}],"replies":[{"embeddable":true,"href":"https:\/\/light24.fi\/lv\/wp-json\/wp\/v2\/comments?post=82222"}],"wp:featuredmedia":[{"embeddable":true,"href":"https:\/\/light24.fi\/lv\/wp-json\/wp\/v2\/media\/82223"}],"wp:attachment":[{"href":"https:\/\/light24.fi\/lv\/wp-json\/wp\/v2\/media?parent=82222"}],"wp:term":[{"taxonomy":"product_cat","embeddable":true,"href":"https:\/\/light24.fi\/lv\/wp-json\/wp\/v2\/product_cat?post=82222"},{"taxonomy":"product_tag","embeddable":true,"href":"https:\/\/light24.fi\/lv\/wp-json\/wp\/v2\/product_tag?post=82222"}],"curies":[{"name":"wp","href":"https:\/\/api.w.org\/{rel}","templated":true}]}}